{"id":9893,"date":"2025-05-27T16:43:28","date_gmt":"2025-05-27T14:43:28","guid":{"rendered":"https:\/\/manguin.com\/?post_type=product&#038;p=9893"},"modified":"2025-11-13T18:10:39","modified_gmt":"2025-11-13T17:10:39","slug":"olistill-lolive-distillee-70cl","status":"publish","type":"product","link":"https:\/\/manguin.com\/en\/product\/olistill-lolive-distillee-70cl","title":{"rendered":"OLI\u2019STILL L\u2019Olive Distill\u00e9e, Edition limit\u00e9e Colin Peter Field"},"content":{"rendered":"<p><span class=\"lib couleur_violet\"><strong>Nom du produit :<\/strong> Oli&rsquo;Still &#8211; L&rsquo;Olive Distill\u00e9e &#8211; <\/span><span class=\"lib couleur_violet\">\u00e9dition limit\u00e9e Colin Peter Field<br \/>\n<strong>Contenance :<\/strong> 70<span class=\"val\">\u00a0cl<br \/>\n<\/span><\/span><span class=\"lib couleur_violet\"><strong>Volume d&rsquo;alcool :<\/strong> 40%<span class=\"val\"><span class=\"s1\"> vol<\/span><\/span><\/span><\/p>","protected":false},"excerpt":{"rendered":"<p>70 cl \/ 40 %<\/p>\n<p><em><span class=\"val\">Rigorous selection of terroir fruits, slow fermentation, double pass in Charentais stills, quintessence and subtlety of aromas. \u00a0<\/span><\/em>S\u00e9rie limit\u00e9e unique de 300 bouteilles de 70cl num\u00e9rot\u00e9es sign\u00e9es par Colin Peter Field, \u00e9lu meilleur barman du monde et ambassadeur d\u2019Oli\u2019Still \u00a0<em style=\"font-size: 16px;\">\u275e<\/em><\/p>\n<p><strong>\u275d A unique blend of French wheat and Provence olives. Nice balance of fresh wheat notes and tapenade coated with a subtle sweet\/salty\nsensation \u00abumami\u201d. Hints of green apples\nand fresh lemon zest.<\/strong><\/p>","protected":false},"featured_media":9894,"template":"","meta":{"_acf_changed":false,"inline_featured_image":false,"site-sidebar-layout":"default","site-content-layout":"default","ast-site-content-layout":"default","site-content-style":"default","site-sidebar-style":"default","ast-global-header-display":"","ast-banner-title-visibility":"","ast-main-header-display":"","ast-hfb-above-header-display":"","ast-hfb-below-header-display":"","ast-hfb-mobile-header-display":"","site-post-title":"","ast-breadcrumbs-content":"","ast-featured-img":"","footer-sml-layout":"","ast-disable-related-posts":"","theme-transparent-header-meta":"default","adv-header-id-meta":"","stick-header-meta":"","header-above-stick-meta":"","header-main-stick-meta":"","header-below-stick-meta":"","astra-migrate-meta-layouts":"set","ast-page-background-enabled":"default","ast-page-background-meta":{"desktop":{"background-color":"","background-image":"","background-repeat":"repeat","background-position":"center center","background-size":"auto","background-attachment":"scroll","background-type":"","background-media":"","overlay-type":"","overlay-color":"","overlay-opacity":"","overlay-gradient":""},"tablet":{"background-color":"","background-image":"","background-repeat":"repeat","background-position":"center center","background-size":"auto","background-attachment":"scroll","background-type":"","background-media":"","overlay-type":"","overlay-color":"","overlay-opacity":"","overlay-gradient":""},"mobile":{"background-color":"","background-image":"","background-repeat":"repeat","background-position":"center center","background-size":"auto","background-attachment":"scroll","background-type":"","background-media":"","overlay-type":"","overlay-color":"","overlay-opacity":"","overlay-gradient":""}},"ast-content-background-meta":{"desktop":{"background-color":"var(--ast-global-color-5)","background-image":"","background-repeat":"repeat","background-position":"center center","background-size":"auto","background-attachment":"scroll","background-type":"","background-media":"","overlay-type":"","overlay-color":"","overlay-opacity":"","overlay-gradient":""},"tablet":{"background-color":"var(--ast-global-color-5)","background-image":"","background-repeat":"repeat","background-position":"center center","background-size":"auto","background-attachment":"scroll","background-type":"","background-media":"","overlay-type":"","overlay-color":"","overlay-opacity":"","overlay-gradient":""},"mobile":{"background-color":"var(--ast-global-color-5)","background-image":"","background-repeat":"repeat","background-position":"center center","background-size":"auto","background-attachment":"scroll","background-type":"","background-media":"","overlay-type":"","overlay-color":"","overlay-opacity":"","overlay-gradient":""}}},"product_brand":[],"product_cat":[66,47],"product_tag":[],"class_list":{"0":"post-9893","1":"product","2":"type-product","3":"status-publish","4":"has-post-thumbnail","6":"product_cat-spiritueux-a-base-dolive","7":"product_cat-tous-nos-produits","8":"desktop-align-left","9":"tablet-align-left","10":"mobile-align-left","12":"first","13":"instock","14":"taxable","15":"shipping-taxable","16":"purchasable","17":"product-type-simple"},"acf":[],"yoast_head":"<!-- This site is optimized with the Yoast SEO plugin v27.5 - https:\/\/yoast.com\/product\/yoast-seo-wordpress\/ -->\n<title>OLI\u2019STILL L\u2019Olive Distill\u00e9e, Edition limit\u00e9e Colin Peter Field - Manguin<\/title>\n<meta name=\"robots\" content=\"index, follow, max-snippet:-1, max-image-preview:large, max-video-preview:-1\" \/>\n<link rel=\"canonical\" href=\"https:\/\/manguin.com\/en\/product\/olistill-lolive-distillee-70cl\/\" \/>\n<meta property=\"og:locale\" content=\"en_US\" \/>\n<meta property=\"og:type\" content=\"article\" \/>\n<meta property=\"og:title\" content=\"OLI\u2019STILL L\u2019Olive Distill\u00e9e, Edition limit\u00e9e Colin Peter Field - Manguin\" \/>\n<meta property=\"og:description\" content=\"70 cl \/ 40 %  \u275d \u00a0S\u00e9rie limit\u00e9e unique de 300 bouteilles de 70cl num\u00e9rot\u00e9es sign\u00e9es par Colin Peter Field, \u00e9lu meilleur barman du monde et ambassadeur d\u2019Oli\u2019Still \u00a0\u275e  \u2705 En stock \u2014 Livraison en 3 \u00e0 5 jours ouvr\u00e9s\" \/>\n<meta property=\"og:url\" content=\"https:\/\/manguin.com\/en\/product\/olistill-lolive-distillee-70cl\/\" \/>\n<meta property=\"og:site_name\" content=\"Manguin\" \/>\n<meta property=\"article:modified_time\" content=\"2025-11-13T17:10:39+00:00\" \/>\n<meta property=\"og:image\" content=\"https:\/\/manguin.com\/wp-content\/uploads\/2025\/05\/Coln.png\" \/>\n\t<meta property=\"og:image:width\" content=\"2050\" \/>\n\t<meta property=\"og:image:height\" content=\"2034\" \/>\n\t<meta property=\"og:image:type\" content=\"image\/png\" \/>\n<meta name=\"twitter:card\" content=\"summary_large_image\" \/>\n<meta name=\"twitter:label1\" content=\"Est. reading time\" \/>\n\t<meta name=\"twitter:data1\" content=\"1 minute\" \/>\n<script type=\"application\/ld+json\" class=\"yoast-schema-graph\">{\"@context\":\"https:\\\/\\\/schema.org\",\"@graph\":[{\"@type\":\"WebPage\",\"@id\":\"https:\\\/\\\/manguin.com\\\/produit\\\/olistill-lolive-distillee-70cl\",\"url\":\"https:\\\/\\\/manguin.com\\\/produit\\\/olistill-lolive-distillee-70cl\",\"name\":\"OLI\u2019STILL L\u2019Olive Distill\u00e9e, Edition limit\u00e9e Colin Peter Field - Manguin\",\"isPartOf\":{\"@id\":\"https:\\\/\\\/manguin.com\\\/en\\\/#website\"},\"primaryImageOfPage\":{\"@id\":\"https:\\\/\\\/manguin.com\\\/produit\\\/olistill-lolive-distillee-70cl#primaryimage\"},\"image\":{\"@id\":\"https:\\\/\\\/manguin.com\\\/produit\\\/olistill-lolive-distillee-70cl#primaryimage\"},\"thumbnailUrl\":\"https:\\\/\\\/manguin.com\\\/wp-content\\\/uploads\\\/2025\\\/05\\\/Coln.png\",\"datePublished\":\"2025-05-27T14:43:28+00:00\",\"dateModified\":\"2025-11-13T17:10:39+00:00\",\"breadcrumb\":{\"@id\":\"https:\\\/\\\/manguin.com\\\/produit\\\/olistill-lolive-distillee-70cl#breadcrumb\"},\"inLanguage\":\"en-US\",\"potentialAction\":[{\"@type\":\"ReadAction\",\"target\":[\"https:\\\/\\\/manguin.com\\\/produit\\\/olistill-lolive-distillee-70cl\"]}]},{\"@type\":\"ImageObject\",\"inLanguage\":\"en-US\",\"@id\":\"https:\\\/\\\/manguin.com\\\/produit\\\/olistill-lolive-distillee-70cl#primaryimage\",\"url\":\"https:\\\/\\\/manguin.com\\\/wp-content\\\/uploads\\\/2025\\\/05\\\/Coln.png\",\"contentUrl\":\"https:\\\/\\\/manguin.com\\\/wp-content\\\/uploads\\\/2025\\\/05\\\/Coln.png\",\"width\":2050,\"height\":2034},{\"@type\":\"BreadcrumbList\",\"@id\":\"https:\\\/\\\/manguin.com\\\/produit\\\/olistill-lolive-distillee-70cl#breadcrumb\",\"itemListElement\":[{\"@type\":\"ListItem\",\"position\":1,\"name\":\"Accueil\",\"item\":\"https:\\\/\\\/manguin.com\\\/\"},{\"@type\":\"ListItem\",\"position\":2,\"name\":\"Boutique\",\"item\":\"https:\\\/\\\/manguin.com\\\/boutique\"},{\"@type\":\"ListItem\",\"position\":3,\"name\":\"OLI\u2019STILL L\u2019Olive Distill\u00e9e, Edition limit\u00e9e Colin Peter Field\"}]},{\"@type\":\"WebSite\",\"@id\":\"https:\\\/\\\/manguin.com\\\/en\\\/#website\",\"url\":\"https:\\\/\\\/manguin.com\\\/en\\\/\",\"name\":\"Manguin\",\"description\":\"\",\"publisher\":{\"@id\":\"https:\\\/\\\/manguin.com\\\/en\\\/#organization\"},\"potentialAction\":[{\"@type\":\"SearchAction\",\"target\":{\"@type\":\"EntryPoint\",\"urlTemplate\":\"https:\\\/\\\/manguin.com\\\/en\\\/?s={search_term_string}\"},\"query-input\":{\"@type\":\"PropertyValueSpecification\",\"valueRequired\":true,\"valueName\":\"search_term_string\"}}],\"inLanguage\":\"en-US\"},{\"@type\":\"Organization\",\"@id\":\"https:\\\/\\\/manguin.com\\\/en\\\/#organization\",\"name\":\"Manguin\",\"url\":\"https:\\\/\\\/manguin.com\\\/en\\\/\",\"logo\":{\"@type\":\"ImageObject\",\"inLanguage\":\"en-US\",\"@id\":\"https:\\\/\\\/manguin.com\\\/en\\\/#\\\/schema\\\/logo\\\/image\\\/\",\"url\":\"https:\\\/\\\/manguin.com\\\/wp-content\\\/uploads\\\/2020\\\/02\\\/Logo-Manguin-1.png\",\"contentUrl\":\"https:\\\/\\\/manguin.com\\\/wp-content\\\/uploads\\\/2020\\\/02\\\/Logo-Manguin-1.png\",\"width\":1553,\"height\":310,\"caption\":\"Manguin\"},\"image\":{\"@id\":\"https:\\\/\\\/manguin.com\\\/en\\\/#\\\/schema\\\/logo\\\/image\\\/\"}}]}<\/script>\n<!-- \/ Yoast SEO plugin. -->","yoast_head_json":{"title":"OLI\u2019STILL L\u2019Olive Distill\u00e9e, Edition limit\u00e9e Colin Peter Field - Manguin","robots":{"index":"index","follow":"follow","max-snippet":"max-snippet:-1","max-image-preview":"max-image-preview:large","max-video-preview":"max-video-preview:-1"},"canonical":"https:\/\/manguin.com\/en\/product\/olistill-lolive-distillee-70cl\/","og_locale":"en_US","og_type":"article","og_title":"OLI\u2019STILL L\u2019Olive Distill\u00e9e, Edition limit\u00e9e Colin Peter Field - Manguin","og_description":"70 cl \/ 40 %  \u275d \u00a0S\u00e9rie limit\u00e9e unique de 300 bouteilles de 70cl num\u00e9rot\u00e9es sign\u00e9es par Colin Peter Field, \u00e9lu meilleur barman du monde et ambassadeur d\u2019Oli\u2019Still \u00a0\u275e  \u2705 En stock \u2014 Livraison en 3 \u00e0 5 jours ouvr\u00e9s","og_url":"https:\/\/manguin.com\/en\/product\/olistill-lolive-distillee-70cl\/","og_site_name":"Manguin","article_modified_time":"2025-11-13T17:10:39+00:00","og_image":[{"width":2050,"height":2034,"url":"https:\/\/manguin.com\/wp-content\/uploads\/2025\/05\/Coln.png","type":"image\/png"}],"twitter_card":"summary_large_image","twitter_misc":{"Est. reading time":"1 minute"},"schema":{"@context":"https:\/\/schema.org","@graph":[{"@type":"WebPage","@id":"https:\/\/manguin.com\/produit\/olistill-lolive-distillee-70cl","url":"https:\/\/manguin.com\/produit\/olistill-lolive-distillee-70cl","name":"OLI\u2019STILL L\u2019Olive Distill\u00e9e, Edition limit\u00e9e Colin Peter Field - Manguin","isPartOf":{"@id":"https:\/\/manguin.com\/en\/#website"},"primaryImageOfPage":{"@id":"https:\/\/manguin.com\/produit\/olistill-lolive-distillee-70cl#primaryimage"},"image":{"@id":"https:\/\/manguin.com\/produit\/olistill-lolive-distillee-70cl#primaryimage"},"thumbnailUrl":"https:\/\/manguin.com\/wp-content\/uploads\/2025\/05\/Coln.png","datePublished":"2025-05-27T14:43:28+00:00","dateModified":"2025-11-13T17:10:39+00:00","breadcrumb":{"@id":"https:\/\/manguin.com\/produit\/olistill-lolive-distillee-70cl#breadcrumb"},"inLanguage":"en-US","potentialAction":[{"@type":"ReadAction","target":["https:\/\/manguin.com\/produit\/olistill-lolive-distillee-70cl"]}]},{"@type":"ImageObject","inLanguage":"en-US","@id":"https:\/\/manguin.com\/produit\/olistill-lolive-distillee-70cl#primaryimage","url":"https:\/\/manguin.com\/wp-content\/uploads\/2025\/05\/Coln.png","contentUrl":"https:\/\/manguin.com\/wp-content\/uploads\/2025\/05\/Coln.png","width":2050,"height":2034},{"@type":"BreadcrumbList","@id":"https:\/\/manguin.com\/produit\/olistill-lolive-distillee-70cl#breadcrumb","itemListElement":[{"@type":"ListItem","position":1,"name":"Accueil","item":"https:\/\/manguin.com\/"},{"@type":"ListItem","position":2,"name":"Boutique","item":"https:\/\/manguin.com\/boutique"},{"@type":"ListItem","position":3,"name":"OLI\u2019STILL L\u2019Olive Distill\u00e9e, Edition limit\u00e9e Colin Peter Field"}]},{"@type":"WebSite","@id":"https:\/\/manguin.com\/en\/#website","url":"https:\/\/manguin.com\/en\/","name":"Manguin","description":"","publisher":{"@id":"https:\/\/manguin.com\/en\/#organization"},"potentialAction":[{"@type":"SearchAction","target":{"@type":"EntryPoint","urlTemplate":"https:\/\/manguin.com\/en\/?s={search_term_string}"},"query-input":{"@type":"PropertyValueSpecification","valueRequired":true,"valueName":"search_term_string"}}],"inLanguage":"en-US"},{"@type":"Organization","@id":"https:\/\/manguin.com\/en\/#organization","name":"Manguin","url":"https:\/\/manguin.com\/en\/","logo":{"@type":"ImageObject","inLanguage":"en-US","@id":"https:\/\/manguin.com\/en\/#\/schema\/logo\/image\/","url":"https:\/\/manguin.com\/wp-content\/uploads\/2020\/02\/Logo-Manguin-1.png","contentUrl":"https:\/\/manguin.com\/wp-content\/uploads\/2020\/02\/Logo-Manguin-1.png","width":1553,"height":310,"caption":"Manguin"},"image":{"@id":"https:\/\/manguin.com\/en\/#\/schema\/logo\/image\/"}}]}},"_links":{"self":[{"href":"https:\/\/manguin.com\/en\/wp-json\/wp\/v2\/product\/9893","targetHints":{"allow":["GET"]}}],"collection":[{"href":"https:\/\/manguin.com\/en\/wp-json\/wp\/v2\/product"}],"about":[{"href":"https:\/\/manguin.com\/en\/wp-json\/wp\/v2\/types\/product"}],"wp:featuredmedia":[{"embeddable":true,"href":"https:\/\/manguin.com\/en\/wp-json\/wp\/v2\/media\/9894"}],"wp:attachment":[{"href":"https:\/\/manguin.com\/en\/wp-json\/wp\/v2\/media?parent=9893"}],"wp:term":[{"taxonomy":"product_brand","embeddable":true,"href":"https:\/\/manguin.com\/en\/wp-json\/wp\/v2\/product_brand?post=9893"},{"taxonomy":"product_cat","embeddable":true,"href":"https:\/\/manguin.com\/en\/wp-json\/wp\/v2\/product_cat?post=9893"},{"taxonomy":"product_tag","embeddable":true,"href":"https:\/\/manguin.com\/en\/wp-json\/wp\/v2\/product_tag?post=9893"}],"curies":[{"name":"wp","href":"https:\/\/api.w.org\/{rel}","templated":true}]}}