{"id":9343,"date":"2024-11-22T16:18:39","date_gmt":"2024-11-22T15:18:39","guid":{"rendered":"https:\/\/manguin.com\/?post_type=product&#038;p=9343"},"modified":"2025-11-13T18:11:31","modified_gmt":"2025-11-13T17:11:31","slug":"oligin-olive-gin-citrus","status":"publish","type":"product","link":"https:\/\/manguin.com\/en\/product\/oligin-olive-gin-citrus","title":{"rendered":"OLI\u2019GIN L\u2019Olive Gin Citrus"},"content":{"rendered":"<p>NOUVEAU BATCH DE FETES<br \/>\n<strong>Prix au litre :<\/strong> 110<span class=\"val\">\u00a0\u20ac\/l<\/span><\/p>","protected":false},"excerpt":{"rendered":"<p>50 cl \/ 41 %<\/p>\n<p>Cr\u00e9ation automne 2024. Oli\u2019Gin Citrus, notre gin \u00e0 l\u2019olive associ\u00e9 \u00e0 deux agrumes d\u2019hiver, cl\u00e9mentine et citron bergamote. Explosion ensoleill\u00e9e fra\u00eeche et joyeuse pour les f\u00eates de fin d\u2019ann\u00e9e. Id\u00e9al pur en accord avec des chocolats comme en cocktail champagne French 75. S\u00e9rie confidentielle de 1000 bouteilles.<\/p>","protected":false},"featured_media":9344,"template":"","meta":{"_acf_changed":false,"inline_featured_image":false,"site-sidebar-layout":"default","site-content-layout":"default","ast-site-content-layout":"default","site-content-style":"default","site-sidebar-style":"default","ast-global-header-display":"","ast-banner-title-visibility":"","ast-main-header-display":"","ast-hfb-above-header-display":"","ast-hfb-below-header-display":"","ast-hfb-mobile-header-display":"","site-post-title":"","ast-breadcrumbs-content":"","ast-featured-img":"","footer-sml-layout":"","ast-disable-related-posts":"","theme-transparent-header-meta":"default","adv-header-id-meta":"","stick-header-meta":"","header-above-stick-meta":"","header-main-stick-meta":"","header-below-stick-meta":"","astra-migrate-meta-layouts":"set","ast-page-background-enabled":"default","ast-page-background-meta":{"desktop":{"background-color":"","background-image":"","background-repeat":"repeat","background-position":"center center","background-size":"auto","background-attachment":"scroll","background-type":"","background-media":"","overlay-type":"","overlay-color":"","overlay-opacity":"","overlay-gradient":""},"tablet":{"background-color":"","background-image":"","background-repeat":"repeat","background-position":"center center","background-size":"auto","background-attachment":"scroll","background-type":"","background-media":"","overlay-type":"","overlay-color":"","overlay-opacity":"","overlay-gradient":""},"mobile":{"background-color":"","background-image":"","background-repeat":"repeat","background-position":"center center","background-size":"auto","background-attachment":"scroll","background-type":"","background-media":"","overlay-type":"","overlay-color":"","overlay-opacity":"","overlay-gradient":""}},"ast-content-background-meta":{"desktop":{"background-color":"var(--ast-global-color-5)","background-image":"","background-repeat":"repeat","background-position":"center center","background-size":"auto","background-attachment":"scroll","background-type":"","background-media":"","overlay-type":"","overlay-color":"","overlay-opacity":"","overlay-gradient":""},"tablet":{"background-color":"var(--ast-global-color-5)","background-image":"","background-repeat":"repeat","background-position":"center center","background-size":"auto","background-attachment":"scroll","background-type":"","background-media":"","overlay-type":"","overlay-color":"","overlay-opacity":"","overlay-gradient":""},"mobile":{"background-color":"var(--ast-global-color-5)","background-image":"","background-repeat":"repeat","background-position":"center center","background-size":"auto","background-attachment":"scroll","background-type":"","background-media":"","overlay-type":"","overlay-color":"","overlay-opacity":"","overlay-gradient":""}}},"product_brand":[],"product_cat":[66,47],"product_tag":[],"class_list":{"0":"post-9343","1":"product","2":"type-product","3":"status-publish","4":"has-post-thumbnail","6":"product_cat-spiritueux-a-base-dolive","7":"product_cat-tous-nos-produits","8":"desktop-align-left","9":"tablet-align-left","10":"mobile-align-left","12":"first","13":"instock","14":"taxable","15":"shipping-taxable","16":"purchasable","17":"product-type-simple"},"acf":[],"yoast_head":"<!-- This site is optimized with the Yoast SEO plugin v27.5 - https:\/\/yoast.com\/product\/yoast-seo-wordpress\/ -->\n<title>OLI\u2019GIN L\u2019Olive Gin Citrus - Manguin<\/title>\n<meta name=\"robots\" content=\"index, follow, max-snippet:-1, max-image-preview:large, max-video-preview:-1\" \/>\n<link rel=\"canonical\" href=\"https:\/\/manguin.com\/en\/product\/oligin-olive-gin-citrus\/\" \/>\n<meta property=\"og:locale\" content=\"en_US\" \/>\n<meta property=\"og:type\" content=\"article\" \/>\n<meta property=\"og:title\" content=\"OLI\u2019GIN L\u2019Olive Gin Citrus - Manguin\" \/>\n<meta property=\"og:description\" content=\"50 cl \/ 41 %  Cr\u00e9ation automne 2024. Oli\u2019Gin Citrus, notre gin \u00e0 l\u2019olive associ\u00e9 \u00e0 deux agrumes d\u2019hiver, cl\u00e9mentine et citron bergamote. Explosion ensoleill\u00e9e fra\u00eeche et joyeuse pour les f\u00eates de fin d\u2019ann\u00e9e. Id\u00e9al pur en accord avec des chocolats comme en cocktail champagne French 75. S\u00e9rie confidentielle de 1000 bouteilles.\" \/>\n<meta property=\"og:url\" content=\"https:\/\/manguin.com\/en\/product\/oligin-olive-gin-citrus\/\" \/>\n<meta property=\"og:site_name\" content=\"Manguin\" \/>\n<meta property=\"article:modified_time\" content=\"2025-11-13T17:11:31+00:00\" \/>\n<meta property=\"og:image\" content=\"https:\/\/manguin.com\/wp-content\/uploads\/2024\/11\/Citrus.png\" \/>\n\t<meta property=\"og:image:width\" content=\"600\" \/>\n\t<meta property=\"og:image:height\" content=\"600\" \/>\n\t<meta property=\"og:image:type\" content=\"image\/png\" \/>\n<meta name=\"twitter:card\" content=\"summary_large_image\" \/>\n<meta name=\"twitter:label1\" content=\"Est. reading time\" \/>\n\t<meta name=\"twitter:data1\" content=\"1 minute\" \/>\n<script type=\"application\/ld+json\" class=\"yoast-schema-graph\">{\"@context\":\"https:\\\/\\\/schema.org\",\"@graph\":[{\"@type\":\"WebPage\",\"@id\":\"https:\\\/\\\/manguin.com\\\/produit\\\/oligin-olive-gin-citrus\",\"url\":\"https:\\\/\\\/manguin.com\\\/produit\\\/oligin-olive-gin-citrus\",\"name\":\"OLI\u2019GIN L\u2019Olive Gin Citrus - Manguin\",\"isPartOf\":{\"@id\":\"https:\\\/\\\/manguin.com\\\/en\\\/#website\"},\"primaryImageOfPage\":{\"@id\":\"https:\\\/\\\/manguin.com\\\/produit\\\/oligin-olive-gin-citrus#primaryimage\"},\"image\":{\"@id\":\"https:\\\/\\\/manguin.com\\\/produit\\\/oligin-olive-gin-citrus#primaryimage\"},\"thumbnailUrl\":\"https:\\\/\\\/manguin.com\\\/wp-content\\\/uploads\\\/2024\\\/11\\\/Citrus.png\",\"datePublished\":\"2024-11-22T15:18:39+00:00\",\"dateModified\":\"2025-11-13T17:11:31+00:00\",\"breadcrumb\":{\"@id\":\"https:\\\/\\\/manguin.com\\\/produit\\\/oligin-olive-gin-citrus#breadcrumb\"},\"inLanguage\":\"en-US\",\"potentialAction\":[{\"@type\":\"ReadAction\",\"target\":[\"https:\\\/\\\/manguin.com\\\/produit\\\/oligin-olive-gin-citrus\"]}]},{\"@type\":\"ImageObject\",\"inLanguage\":\"en-US\",\"@id\":\"https:\\\/\\\/manguin.com\\\/produit\\\/oligin-olive-gin-citrus#primaryimage\",\"url\":\"https:\\\/\\\/manguin.com\\\/wp-content\\\/uploads\\\/2024\\\/11\\\/Citrus.png\",\"contentUrl\":\"https:\\\/\\\/manguin.com\\\/wp-content\\\/uploads\\\/2024\\\/11\\\/Citrus.png\",\"width\":600,\"height\":600},{\"@type\":\"BreadcrumbList\",\"@id\":\"https:\\\/\\\/manguin.com\\\/produit\\\/oligin-olive-gin-citrus#breadcrumb\",\"itemListElement\":[{\"@type\":\"ListItem\",\"position\":1,\"name\":\"Accueil\",\"item\":\"https:\\\/\\\/manguin.com\\\/\"},{\"@type\":\"ListItem\",\"position\":2,\"name\":\"Boutique\",\"item\":\"https:\\\/\\\/manguin.com\\\/boutique\"},{\"@type\":\"ListItem\",\"position\":3,\"name\":\"OLI\u2019GIN L\u2019Olive Gin Citrus\"}]},{\"@type\":\"WebSite\",\"@id\":\"https:\\\/\\\/manguin.com\\\/en\\\/#website\",\"url\":\"https:\\\/\\\/manguin.com\\\/en\\\/\",\"name\":\"Manguin\",\"description\":\"\",\"publisher\":{\"@id\":\"https:\\\/\\\/manguin.com\\\/en\\\/#organization\"},\"potentialAction\":[{\"@type\":\"SearchAction\",\"target\":{\"@type\":\"EntryPoint\",\"urlTemplate\":\"https:\\\/\\\/manguin.com\\\/en\\\/?s={search_term_string}\"},\"query-input\":{\"@type\":\"PropertyValueSpecification\",\"valueRequired\":true,\"valueName\":\"search_term_string\"}}],\"inLanguage\":\"en-US\"},{\"@type\":\"Organization\",\"@id\":\"https:\\\/\\\/manguin.com\\\/en\\\/#organization\",\"name\":\"Manguin\",\"url\":\"https:\\\/\\\/manguin.com\\\/en\\\/\",\"logo\":{\"@type\":\"ImageObject\",\"inLanguage\":\"en-US\",\"@id\":\"https:\\\/\\\/manguin.com\\\/en\\\/#\\\/schema\\\/logo\\\/image\\\/\",\"url\":\"https:\\\/\\\/manguin.com\\\/wp-content\\\/uploads\\\/2020\\\/02\\\/Logo-Manguin-1.png\",\"contentUrl\":\"https:\\\/\\\/manguin.com\\\/wp-content\\\/uploads\\\/2020\\\/02\\\/Logo-Manguin-1.png\",\"width\":1553,\"height\":310,\"caption\":\"Manguin\"},\"image\":{\"@id\":\"https:\\\/\\\/manguin.com\\\/en\\\/#\\\/schema\\\/logo\\\/image\\\/\"}}]}<\/script>\n<!-- \/ Yoast SEO plugin. -->","yoast_head_json":{"title":"OLI\u2019GIN L\u2019Olive Gin Citrus - Manguin","robots":{"index":"index","follow":"follow","max-snippet":"max-snippet:-1","max-image-preview":"max-image-preview:large","max-video-preview":"max-video-preview:-1"},"canonical":"https:\/\/manguin.com\/en\/product\/oligin-olive-gin-citrus\/","og_locale":"en_US","og_type":"article","og_title":"OLI\u2019GIN L\u2019Olive Gin Citrus - Manguin","og_description":"50 cl \/ 41 %  Cr\u00e9ation automne 2024. Oli\u2019Gin Citrus, notre gin \u00e0 l\u2019olive associ\u00e9 \u00e0 deux agrumes d\u2019hiver, cl\u00e9mentine et citron bergamote. Explosion ensoleill\u00e9e fra\u00eeche et joyeuse pour les f\u00eates de fin d\u2019ann\u00e9e. Id\u00e9al pur en accord avec des chocolats comme en cocktail champagne French 75. S\u00e9rie confidentielle de 1000 bouteilles.","og_url":"https:\/\/manguin.com\/en\/product\/oligin-olive-gin-citrus\/","og_site_name":"Manguin","article_modified_time":"2025-11-13T17:11:31+00:00","og_image":[{"width":600,"height":600,"url":"https:\/\/manguin.com\/wp-content\/uploads\/2024\/11\/Citrus.png","type":"image\/png"}],"twitter_card":"summary_large_image","twitter_misc":{"Est. reading time":"1 minute"},"schema":{"@context":"https:\/\/schema.org","@graph":[{"@type":"WebPage","@id":"https:\/\/manguin.com\/produit\/oligin-olive-gin-citrus","url":"https:\/\/manguin.com\/produit\/oligin-olive-gin-citrus","name":"OLI\u2019GIN L\u2019Olive Gin Citrus - Manguin","isPartOf":{"@id":"https:\/\/manguin.com\/en\/#website"},"primaryImageOfPage":{"@id":"https:\/\/manguin.com\/produit\/oligin-olive-gin-citrus#primaryimage"},"image":{"@id":"https:\/\/manguin.com\/produit\/oligin-olive-gin-citrus#primaryimage"},"thumbnailUrl":"https:\/\/manguin.com\/wp-content\/uploads\/2024\/11\/Citrus.png","datePublished":"2024-11-22T15:18:39+00:00","dateModified":"2025-11-13T17:11:31+00:00","breadcrumb":{"@id":"https:\/\/manguin.com\/produit\/oligin-olive-gin-citrus#breadcrumb"},"inLanguage":"en-US","potentialAction":[{"@type":"ReadAction","target":["https:\/\/manguin.com\/produit\/oligin-olive-gin-citrus"]}]},{"@type":"ImageObject","inLanguage":"en-US","@id":"https:\/\/manguin.com\/produit\/oligin-olive-gin-citrus#primaryimage","url":"https:\/\/manguin.com\/wp-content\/uploads\/2024\/11\/Citrus.png","contentUrl":"https:\/\/manguin.com\/wp-content\/uploads\/2024\/11\/Citrus.png","width":600,"height":600},{"@type":"BreadcrumbList","@id":"https:\/\/manguin.com\/produit\/oligin-olive-gin-citrus#breadcrumb","itemListElement":[{"@type":"ListItem","position":1,"name":"Accueil","item":"https:\/\/manguin.com\/"},{"@type":"ListItem","position":2,"name":"Boutique","item":"https:\/\/manguin.com\/boutique"},{"@type":"ListItem","position":3,"name":"OLI\u2019GIN L\u2019Olive Gin Citrus"}]},{"@type":"WebSite","@id":"https:\/\/manguin.com\/en\/#website","url":"https:\/\/manguin.com\/en\/","name":"Manguin","description":"","publisher":{"@id":"https:\/\/manguin.com\/en\/#organization"},"potentialAction":[{"@type":"SearchAction","target":{"@type":"EntryPoint","urlTemplate":"https:\/\/manguin.com\/en\/?s={search_term_string}"},"query-input":{"@type":"PropertyValueSpecification","valueRequired":true,"valueName":"search_term_string"}}],"inLanguage":"en-US"},{"@type":"Organization","@id":"https:\/\/manguin.com\/en\/#organization","name":"Manguin","url":"https:\/\/manguin.com\/en\/","logo":{"@type":"ImageObject","inLanguage":"en-US","@id":"https:\/\/manguin.com\/en\/#\/schema\/logo\/image\/","url":"https:\/\/manguin.com\/wp-content\/uploads\/2020\/02\/Logo-Manguin-1.png","contentUrl":"https:\/\/manguin.com\/wp-content\/uploads\/2020\/02\/Logo-Manguin-1.png","width":1553,"height":310,"caption":"Manguin"},"image":{"@id":"https:\/\/manguin.com\/en\/#\/schema\/logo\/image\/"}}]}},"_links":{"self":[{"href":"https:\/\/manguin.com\/en\/wp-json\/wp\/v2\/product\/9343","targetHints":{"allow":["GET"]}}],"collection":[{"href":"https:\/\/manguin.com\/en\/wp-json\/wp\/v2\/product"}],"about":[{"href":"https:\/\/manguin.com\/en\/wp-json\/wp\/v2\/types\/product"}],"wp:featuredmedia":[{"embeddable":true,"href":"https:\/\/manguin.com\/en\/wp-json\/wp\/v2\/media\/9344"}],"wp:attachment":[{"href":"https:\/\/manguin.com\/en\/wp-json\/wp\/v2\/media?parent=9343"}],"wp:term":[{"taxonomy":"product_brand","embeddable":true,"href":"https:\/\/manguin.com\/en\/wp-json\/wp\/v2\/product_brand?post=9343"},{"taxonomy":"product_cat","embeddable":true,"href":"https:\/\/manguin.com\/en\/wp-json\/wp\/v2\/product_cat?post=9343"},{"taxonomy":"product_tag","embeddable":true,"href":"https:\/\/manguin.com\/en\/wp-json\/wp\/v2\/product_tag?post=9343"}],"curies":[{"name":"wp","href":"https:\/\/api.w.org\/{rel}","templated":true}]}}