{"id":8679,"date":"2024-03-25T12:40:58","date_gmt":"2024-03-25T11:40:58","guid":{"rendered":"https:\/\/manguin.com\/?post_type=product&#038;p=8679"},"modified":"2026-04-30T10:03:06","modified_gmt":"2026-04-30T08:03:06","slug":"venez-visiter","status":"publish","type":"product","link":"https:\/\/manguin.com\/en\/product\/venez-visiter","title":{"rendered":"Venez visiter Manguin"},"content":{"rendered":"<p><strong>Lors de la r\u00e9servation sur notre site internet, veuillez noter que la visite en anglais est disponible sur demande. Cependant, cette option est possible uniquement si l&rsquo;ensemble du groupe est anglophone.<\/strong><\/p>\n<p><strong>Visite guid\u00e9e des ateliers, \u00e9vocation de l\u2019historique de la maison et de nos savoir-faire suivie d\u2019une d\u00e9gustation de 2 spiritueux<\/strong><br \/>\n4 visites par semaine (sauf jours f\u00e9ri\u00e9s)\u00a0: jeudi, vendredi, samedi \u00e0 11h et samedi apr\u00e8s-midi \u00e0 15h<br \/>\nDur\u00e9e\u00a0: 1 heure<br \/>\nTarif\u00a0: 5\u20ac par personne (gratuit pour les moins de 18 ans)<\/p>\n<p><strong>Sur r\u00e9servation\u00a0: 20 personnes maximum<\/strong><\/p>\n<p>Toute l\u2019ann\u00e9e cette visite vous fait entrer dans les coulisses de notre distillerie artisanale,son ancrage en Provence et quelques anecdotes qui en font l\u2019histoire depuis 80 ans.<br \/>\nVous ferez connaissance avec nos alambics nomm\u00e9s \u00ab\u00a0C\u00e9sar\u00a0\u00bb, \u00ab\u00a0Marius\u00a0\u00bb et \u00ab\u00a0Olive\u00a0\u00bb ainsi que notre chaudi\u00e8re \u00ab\u00a0Mireille\u00a0\u00bb, et passerez par la salle de vieillissement de nos f\u00fbts de ch\u00eanes.<br \/>\nVous d\u00e9couvrirez que chaque \u00e9tape de notre savoir-faire est essentielle et contribue \u00e0 la recherche perp\u00e9tuelle de la quintessence du fruit que nous souhaitons restituer dans nos spiritueux.<\/p>\n<p>La visite se conclut par une d\u00e9gustation au bar centenaire de notre boutique\u00a0: 2 spiritueux signature vous seront offerts, comment\u00e9s et des recettes de cocktails vous seront propos\u00e9es.<\/p>\n<p>D\u2019avril \u00e0 septembre, la visite d\u00e9bute dans le verger de poiriers \u00e0 l\u2019atelier et le jardin de simples<br \/>\nL\u2019hiver, l\u2019accueil et la d\u00e9gustation se font pr\u00e8s du po\u00eble\u00a0!<\/p>","protected":false},"excerpt":{"rendered":"<p>Lors de la r\u00e9servation sur notre site internet, veuillez noter que la visite en anglais est disponible sur demande. Cependant, cette option est possible uniquement si l&rsquo;ensemble du groupe est anglophone. Visite guid\u00e9e des ateliers, \u00e9vocation de l\u2019historique de la maison et de nos savoir-faire suivie d\u2019une d\u00e9gustation de 2 spiritueux 4 visites par semaine [&hellip;]<\/p>\n","protected":false},"featured_media":8685,"template":"","meta":{"_acf_changed":false,"inline_featured_image":false,"site-sidebar-layout":"default","site-content-layout":"","ast-site-content-layout":"default","site-content-style":"default","site-sidebar-style":"default","ast-global-header-display":"","ast-banner-title-visibility":"","ast-main-header-display":"","ast-hfb-above-header-display":"","ast-hfb-below-header-display":"","ast-hfb-mobile-header-display":"","site-post-title":"","ast-breadcrumbs-content":"","ast-featured-img":"","footer-sml-layout":"","ast-disable-related-posts":"","theme-transparent-header-meta":"default","adv-header-id-meta":"","stick-header-meta":"","header-above-stick-meta":"","header-main-stick-meta":"","header-below-stick-meta":"","astra-migrate-meta-layouts":"set","ast-page-background-enabled":"default","ast-page-background-meta":{"desktop":{"background-color":"","background-image":"","background-repeat":"repeat","background-position":"center center","background-size":"auto","background-attachment":"scroll","background-type":"","background-media":"","overlay-type":"","overlay-color":"","overlay-opacity":"","overlay-gradient":""},"tablet":{"background-color":"","background-image":"","background-repeat":"repeat","background-position":"center center","background-size":"auto","background-attachment":"scroll","background-type":"","background-media":"","overlay-type":"","overlay-color":"","overlay-opacity":"","overlay-gradient":""},"mobile":{"background-color":"","background-image":"","background-repeat":"repeat","background-position":"center center","background-size":"auto","background-attachment":"scroll","background-type":"","background-media":"","overlay-type":"","overlay-color":"","overlay-opacity":"","overlay-gradient":""}},"ast-content-background-meta":{"desktop":{"background-color":"var(--ast-global-color-5)","background-image":"","background-repeat":"repeat","background-position":"center center","background-size":"auto","background-attachment":"scroll","background-type":"","background-media":"","overlay-type":"","overlay-color":"","overlay-opacity":"","overlay-gradient":""},"tablet":{"background-color":"var(--ast-global-color-5)","background-image":"","background-repeat":"repeat","background-position":"center center","background-size":"auto","background-attachment":"scroll","background-type":"","background-media":"","overlay-type":"","overlay-color":"","overlay-opacity":"","overlay-gradient":""},"mobile":{"background-color":"var(--ast-global-color-5)","background-image":"","background-repeat":"repeat","background-position":"center center","background-size":"auto","background-attachment":"scroll","background-type":"","background-media":"","overlay-type":"","overlay-color":"","overlay-opacity":"","overlay-gradient":""}}},"product_brand":[],"product_cat":[73],"product_tag":[],"class_list":{"0":"post-8679","1":"product","2":"type-product","3":"status-publish","4":"has-post-thumbnail","6":"product_cat-reservation","7":"desktop-align-left","8":"tablet-align-left","9":"mobile-align-left","11":"first","12":"instock","13":"virtual","14":"sold-individually","15":"taxable","16":"purchasable","17":"product-type-phive_booking"},"acf":[],"yoast_head":"<!-- This site is optimized with the Yoast SEO plugin v27.5 - https:\/\/yoast.com\/product\/yoast-seo-wordpress\/ -->\n<title>Venez visiter Manguin - Manguin<\/title>\n<meta name=\"robots\" content=\"index, follow, max-snippet:-1, max-image-preview:large, max-video-preview:-1\" \/>\n<link rel=\"canonical\" href=\"https:\/\/manguin.com\/en\/product\/venez-visiter\/\" \/>\n<meta property=\"og:locale\" content=\"en_US\" \/>\n<meta property=\"og:type\" content=\"article\" \/>\n<meta property=\"og:title\" content=\"Venez visiter Manguin - Manguin\" \/>\n<meta property=\"og:description\" content=\"Lors de la r\u00e9servation sur notre site internet, veuillez noter que la visite en anglais est disponible sur demande. Cependant, cette option est possible uniquement si l&rsquo;ensemble du groupe est anglophone. Visite guid\u00e9e des ateliers, \u00e9vocation de l\u2019historique de la maison et de nos savoir-faire suivie d\u2019une d\u00e9gustation de 2 spiritueux 4 visites par semaine [&hellip;]\" \/>\n<meta property=\"og:url\" content=\"https:\/\/manguin.com\/en\/product\/venez-visiter\/\" \/>\n<meta property=\"og:site_name\" content=\"Manguin\" \/>\n<meta property=\"article:modified_time\" content=\"2026-04-30T08:03:06+00:00\" \/>\n<meta property=\"og:image\" content=\"https:\/\/manguin.com\/wp-content\/uploads\/2024\/03\/venez-visiter.webp\" \/>\n\t<meta property=\"og:image:width\" content=\"2000\" \/>\n\t<meta property=\"og:image:height\" content=\"2000\" \/>\n\t<meta property=\"og:image:type\" content=\"image\/webp\" \/>\n<meta name=\"twitter:card\" content=\"summary_large_image\" \/>\n<meta name=\"twitter:label1\" content=\"Est. reading time\" \/>\n\t<meta name=\"twitter:data1\" content=\"2 minutes\" \/>\n<script type=\"application\/ld+json\" class=\"yoast-schema-graph\">{\"@context\":\"https:\\\/\\\/schema.org\",\"@graph\":[{\"@type\":\"WebPage\",\"@id\":\"https:\\\/\\\/manguin.com\\\/produit\\\/venez-visiter\",\"url\":\"https:\\\/\\\/manguin.com\\\/produit\\\/venez-visiter\",\"name\":\"Venez visiter Manguin - Manguin\",\"isPartOf\":{\"@id\":\"https:\\\/\\\/manguin.com\\\/en\\\/#website\"},\"primaryImageOfPage\":{\"@id\":\"https:\\\/\\\/manguin.com\\\/produit\\\/venez-visiter#primaryimage\"},\"image\":{\"@id\":\"https:\\\/\\\/manguin.com\\\/produit\\\/venez-visiter#primaryimage\"},\"thumbnailUrl\":\"https:\\\/\\\/manguin.com\\\/wp-content\\\/uploads\\\/2024\\\/03\\\/venez-visiter.webp\",\"datePublished\":\"2024-03-25T11:40:58+00:00\",\"dateModified\":\"2026-04-30T08:03:06+00:00\",\"breadcrumb\":{\"@id\":\"https:\\\/\\\/manguin.com\\\/produit\\\/venez-visiter#breadcrumb\"},\"inLanguage\":\"en-US\",\"potentialAction\":[{\"@type\":\"ReadAction\",\"target\":[\"https:\\\/\\\/manguin.com\\\/produit\\\/venez-visiter\"]}]},{\"@type\":\"ImageObject\",\"inLanguage\":\"en-US\",\"@id\":\"https:\\\/\\\/manguin.com\\\/produit\\\/venez-visiter#primaryimage\",\"url\":\"https:\\\/\\\/manguin.com\\\/wp-content\\\/uploads\\\/2024\\\/03\\\/venez-visiter.webp\",\"contentUrl\":\"https:\\\/\\\/manguin.com\\\/wp-content\\\/uploads\\\/2024\\\/03\\\/venez-visiter.webp\",\"width\":2000,\"height\":2000,\"caption\":\"Venez visiter Distillerie Manguin\"},{\"@type\":\"BreadcrumbList\",\"@id\":\"https:\\\/\\\/manguin.com\\\/produit\\\/venez-visiter#breadcrumb\",\"itemListElement\":[{\"@type\":\"ListItem\",\"position\":1,\"name\":\"Accueil\",\"item\":\"https:\\\/\\\/manguin.com\\\/\"},{\"@type\":\"ListItem\",\"position\":2,\"name\":\"Boutique\",\"item\":\"https:\\\/\\\/manguin.com\\\/boutique\"},{\"@type\":\"ListItem\",\"position\":3,\"name\":\"Venez visiter Manguin\"}]},{\"@type\":\"WebSite\",\"@id\":\"https:\\\/\\\/manguin.com\\\/en\\\/#website\",\"url\":\"https:\\\/\\\/manguin.com\\\/en\\\/\",\"name\":\"Manguin\",\"description\":\"\",\"publisher\":{\"@id\":\"https:\\\/\\\/manguin.com\\\/en\\\/#organization\"},\"potentialAction\":[{\"@type\":\"SearchAction\",\"target\":{\"@type\":\"EntryPoint\",\"urlTemplate\":\"https:\\\/\\\/manguin.com\\\/en\\\/?s={search_term_string}\"},\"query-input\":{\"@type\":\"PropertyValueSpecification\",\"valueRequired\":true,\"valueName\":\"search_term_string\"}}],\"inLanguage\":\"en-US\"},{\"@type\":\"Organization\",\"@id\":\"https:\\\/\\\/manguin.com\\\/en\\\/#organization\",\"name\":\"Manguin\",\"url\":\"https:\\\/\\\/manguin.com\\\/en\\\/\",\"logo\":{\"@type\":\"ImageObject\",\"inLanguage\":\"en-US\",\"@id\":\"https:\\\/\\\/manguin.com\\\/en\\\/#\\\/schema\\\/logo\\\/image\\\/\",\"url\":\"https:\\\/\\\/manguin.com\\\/wp-content\\\/uploads\\\/2020\\\/02\\\/Logo-Manguin-1.png\",\"contentUrl\":\"https:\\\/\\\/manguin.com\\\/wp-content\\\/uploads\\\/2020\\\/02\\\/Logo-Manguin-1.png\",\"width\":1553,\"height\":310,\"caption\":\"Manguin\"},\"image\":{\"@id\":\"https:\\\/\\\/manguin.com\\\/en\\\/#\\\/schema\\\/logo\\\/image\\\/\"}}]}<\/script>\n<!-- \/ Yoast SEO plugin. -->","yoast_head_json":{"title":"Venez visiter Manguin - Manguin","robots":{"index":"index","follow":"follow","max-snippet":"max-snippet:-1","max-image-preview":"max-image-preview:large","max-video-preview":"max-video-preview:-1"},"canonical":"https:\/\/manguin.com\/en\/product\/venez-visiter\/","og_locale":"en_US","og_type":"article","og_title":"Venez visiter Manguin - Manguin","og_description":"Lors de la r\u00e9servation sur notre site internet, veuillez noter que la visite en anglais est disponible sur demande. Cependant, cette option est possible uniquement si l&rsquo;ensemble du groupe est anglophone. Visite guid\u00e9e des ateliers, \u00e9vocation de l\u2019historique de la maison et de nos savoir-faire suivie d\u2019une d\u00e9gustation de 2 spiritueux 4 visites par semaine [&hellip;]","og_url":"https:\/\/manguin.com\/en\/product\/venez-visiter\/","og_site_name":"Manguin","article_modified_time":"2026-04-30T08:03:06+00:00","og_image":[{"width":2000,"height":2000,"url":"https:\/\/manguin.com\/wp-content\/uploads\/2024\/03\/venez-visiter.webp","type":"image\/webp"}],"twitter_card":"summary_large_image","twitter_misc":{"Est. reading time":"2 minutes"},"schema":{"@context":"https:\/\/schema.org","@graph":[{"@type":"WebPage","@id":"https:\/\/manguin.com\/produit\/venez-visiter","url":"https:\/\/manguin.com\/produit\/venez-visiter","name":"Venez visiter Manguin - Manguin","isPartOf":{"@id":"https:\/\/manguin.com\/en\/#website"},"primaryImageOfPage":{"@id":"https:\/\/manguin.com\/produit\/venez-visiter#primaryimage"},"image":{"@id":"https:\/\/manguin.com\/produit\/venez-visiter#primaryimage"},"thumbnailUrl":"https:\/\/manguin.com\/wp-content\/uploads\/2024\/03\/venez-visiter.webp","datePublished":"2024-03-25T11:40:58+00:00","dateModified":"2026-04-30T08:03:06+00:00","breadcrumb":{"@id":"https:\/\/manguin.com\/produit\/venez-visiter#breadcrumb"},"inLanguage":"en-US","potentialAction":[{"@type":"ReadAction","target":["https:\/\/manguin.com\/produit\/venez-visiter"]}]},{"@type":"ImageObject","inLanguage":"en-US","@id":"https:\/\/manguin.com\/produit\/venez-visiter#primaryimage","url":"https:\/\/manguin.com\/wp-content\/uploads\/2024\/03\/venez-visiter.webp","contentUrl":"https:\/\/manguin.com\/wp-content\/uploads\/2024\/03\/venez-visiter.webp","width":2000,"height":2000,"caption":"Venez visiter Distillerie Manguin"},{"@type":"BreadcrumbList","@id":"https:\/\/manguin.com\/produit\/venez-visiter#breadcrumb","itemListElement":[{"@type":"ListItem","position":1,"name":"Accueil","item":"https:\/\/manguin.com\/"},{"@type":"ListItem","position":2,"name":"Boutique","item":"https:\/\/manguin.com\/boutique"},{"@type":"ListItem","position":3,"name":"Venez visiter Manguin"}]},{"@type":"WebSite","@id":"https:\/\/manguin.com\/en\/#website","url":"https:\/\/manguin.com\/en\/","name":"Manguin","description":"","publisher":{"@id":"https:\/\/manguin.com\/en\/#organization"},"potentialAction":[{"@type":"SearchAction","target":{"@type":"EntryPoint","urlTemplate":"https:\/\/manguin.com\/en\/?s={search_term_string}"},"query-input":{"@type":"PropertyValueSpecification","valueRequired":true,"valueName":"search_term_string"}}],"inLanguage":"en-US"},{"@type":"Organization","@id":"https:\/\/manguin.com\/en\/#organization","name":"Manguin","url":"https:\/\/manguin.com\/en\/","logo":{"@type":"ImageObject","inLanguage":"en-US","@id":"https:\/\/manguin.com\/en\/#\/schema\/logo\/image\/","url":"https:\/\/manguin.com\/wp-content\/uploads\/2020\/02\/Logo-Manguin-1.png","contentUrl":"https:\/\/manguin.com\/wp-content\/uploads\/2020\/02\/Logo-Manguin-1.png","width":1553,"height":310,"caption":"Manguin"},"image":{"@id":"https:\/\/manguin.com\/en\/#\/schema\/logo\/image\/"}}]}},"_links":{"self":[{"href":"https:\/\/manguin.com\/en\/wp-json\/wp\/v2\/product\/8679","targetHints":{"allow":["GET"]}}],"collection":[{"href":"https:\/\/manguin.com\/en\/wp-json\/wp\/v2\/product"}],"about":[{"href":"https:\/\/manguin.com\/en\/wp-json\/wp\/v2\/types\/product"}],"wp:featuredmedia":[{"embeddable":true,"href":"https:\/\/manguin.com\/en\/wp-json\/wp\/v2\/media\/8685"}],"wp:attachment":[{"href":"https:\/\/manguin.com\/en\/wp-json\/wp\/v2\/media?parent=8679"}],"wp:term":[{"taxonomy":"product_brand","embeddable":true,"href":"https:\/\/manguin.com\/en\/wp-json\/wp\/v2\/product_brand?post=8679"},{"taxonomy":"product_cat","embeddable":true,"href":"https:\/\/manguin.com\/en\/wp-json\/wp\/v2\/product_cat?post=8679"},{"taxonomy":"product_tag","embeddable":true,"href":"https:\/\/manguin.com\/en\/wp-json\/wp\/v2\/product_tag?post=8679"}],"curies":[{"name":"wp","href":"https:\/\/api.w.org\/{rel}","templated":true}]}}