{"id":8417,"date":"2023-10-07T10:01:17","date_gmt":"2023-10-07T08:01:17","guid":{"rendered":"https:\/\/manguin.com\/?post_type=product&#038;p=8417"},"modified":"2025-11-13T18:13:29","modified_gmt":"2025-11-13T17:13:29","slug":"reine-claude-doree-du-ventoux-brut-de-fut","status":"publish","type":"product","link":"https:\/\/manguin.com\/en\/product\/reine-claude-doree-du-ventoux-brut-de-fut","title":{"rendered":"REINE-CLAUDE Dor\u00e9e du Ventoux Brut de F\u00fbt de Muscat"},"content":{"rendered":"<p><span class=\"lib couleur_violet\"><strong>Nom du produit :<\/strong> Reine-Claude dor\u00e9e du Ventoux Brut de F\u00fbt<br \/>\n<strong>Contenance :<\/strong> 50<span class=\"val\">\u00a0cl<br \/>\n<\/span><\/span><span class=\"lib couleur_violet\"><strong>Volume d&rsquo;alcool :<\/strong> 59,6%<span class=\"val\"><span class=\"s1\"> vol<\/span><\/span><\/span><br \/>\n<strong>Prix au litre :<\/strong> 260.00<span class=\"val\">\u00a0\u20ac\/l<\/span><\/p>","protected":false},"excerpt":{"rendered":"<p><span class=\"lib couleur_violet\">50<span class=\"val\"> cl \/ <\/span><\/span><span class=\"lib couleur_violet\">59,6 %<\/span><\/p>\n<p><em><span class=\"val\">Rigorous selection of terroir fruits, slow fermentation, double pass in Charentais stills, quintessence and subtlety of aromas. <\/span>R\u00e9colte 2021 &#8211; fruits cultiv\u00e9s et r\u00e9colt\u00e9s \u00e0 maturit\u00e9 par Remy Falque au Barroux (84). Distillation en alambic Charentais. Maturation de 2 ans en f\u00fbt de ch\u00eane ayant contenu du muscat de Beaumes de Venise. Very small batch de 46 carafes. Embouteillees en septembre 2023<\/em><em style=\"font-size: 16px;\">\u275e<\/em><\/p>\n<p><strong>\u275d A unique blend of French wheat and Provence olives. Nice balance of fresh wheat notes and tapenade coated with a subtle sweet\/salty\nsensation \u00abumami\u201d. Hints of green apples\nand fresh lemon zest.<\/strong><\/p>","protected":false},"featured_media":9402,"template":"","meta":{"_acf_changed":false,"inline_featured_image":false,"site-sidebar-layout":"default","site-content-layout":"default","ast-site-content-layout":"default","site-content-style":"default","site-sidebar-style":"default","ast-global-header-display":"","ast-banner-title-visibility":"","ast-main-header-display":"","ast-hfb-above-header-display":"","ast-hfb-below-header-display":"","ast-hfb-mobile-header-display":"","site-post-title":"","ast-breadcrumbs-content":"","ast-featured-img":"","footer-sml-layout":"","ast-disable-related-posts":"","theme-transparent-header-meta":"default","adv-header-id-meta":"","stick-header-meta":"","header-above-stick-meta":"","header-main-stick-meta":"","header-below-stick-meta":"","astra-migrate-meta-layouts":"set","ast-page-background-enabled":"default","ast-page-background-meta":{"desktop":{"background-color":"","background-image":"","background-repeat":"repeat","background-position":"center center","background-size":"auto","background-attachment":"scroll","background-type":"","background-media":"","overlay-type":"","overlay-color":"","overlay-opacity":"","overlay-gradient":""},"tablet":{"background-color":"","background-image":"","background-repeat":"repeat","background-position":"center center","background-size":"auto","background-attachment":"scroll","background-type":"","background-media":"","overlay-type":"","overlay-color":"","overlay-opacity":"","overlay-gradient":""},"mobile":{"background-color":"","background-image":"","background-repeat":"repeat","background-position":"center center","background-size":"auto","background-attachment":"scroll","background-type":"","background-media":"","overlay-type":"","overlay-color":"","overlay-opacity":"","overlay-gradient":""}},"ast-content-background-meta":{"desktop":{"background-color":"var(--ast-global-color-5)","background-image":"","background-repeat":"repeat","background-position":"center center","background-size":"auto","background-attachment":"scroll","background-type":"","background-media":"","overlay-type":"","overlay-color":"","overlay-opacity":"","overlay-gradient":""},"tablet":{"background-color":"var(--ast-global-color-5)","background-image":"","background-repeat":"repeat","background-position":"center center","background-size":"auto","background-attachment":"scroll","background-type":"","background-media":"","overlay-type":"","overlay-color":"","overlay-opacity":"","overlay-gradient":""},"mobile":{"background-color":"var(--ast-global-color-5)","background-image":"","background-repeat":"repeat","background-position":"center center","background-size":"auto","background-attachment":"scroll","background-type":"","background-media":"","overlay-type":"","overlay-color":"","overlay-opacity":"","overlay-gradient":""}}},"product_brand":[],"product_cat":[71,55,47],"product_tag":[],"class_list":{"0":"post-8417","1":"product","2":"type-product","3":"status-publish","4":"has-post-thumbnail","6":"product_cat-nos-plus-belles-carafes","7":"product_cat-autres-eaux-de-vie","8":"product_cat-tous-nos-produits","9":"desktop-align-left","10":"tablet-align-left","11":"mobile-align-left","13":"first","14":"instock","15":"featured","16":"taxable","17":"shipping-taxable","18":"purchasable","19":"product-type-simple"},"acf":[],"yoast_head":"<!-- This site is optimized with the Yoast SEO plugin v27.1.1 - https:\/\/yoast.com\/product\/yoast-seo-wordpress\/ -->\n<title>REINE-CLAUDE Dor\u00e9e du Ventoux Brut de F\u00fbt de Muscat - Manguin<\/title>\n<meta name=\"description\" content=\"Manguin capture la quintessence\u00a0de l\u2019olive et cr\u00e9e ce gin.\u00a0Dominante de geni\u00e8vre et d\u2019olive. Tonalit\u00e9s salines et iod\u00e9es.\" \/>\n<meta name=\"robots\" content=\"index, follow, max-snippet:-1, max-image-preview:large, max-video-preview:-1\" \/>\n<link rel=\"canonical\" href=\"https:\/\/manguin.com\/en\/product\/reine-claude-doree-du-ventoux-brut-de-fut\/\" \/>\n<meta property=\"og:locale\" content=\"en_US\" \/>\n<meta property=\"og:type\" content=\"article\" \/>\n<meta property=\"og:title\" content=\"REINE-CLAUDE Dor\u00e9e du Ventoux Brut de F\u00fbt de Muscat - Manguin\" \/>\n<meta property=\"og:description\" content=\"Manguin capture la quintessence\u00a0de l\u2019olive et cr\u00e9e ce gin.\u00a0Dominante de geni\u00e8vre et d\u2019olive. Tonalit\u00e9s salines et iod\u00e9es.\" \/>\n<meta property=\"og:url\" content=\"https:\/\/manguin.com\/en\/product\/reine-claude-doree-du-ventoux-brut-de-fut\/\" \/>\n<meta property=\"og:site_name\" content=\"Manguin\" \/>\n<meta property=\"article:modified_time\" content=\"2025-11-13T17:13:29+00:00\" \/>\n<meta property=\"og:image\" content=\"https:\/\/manguin.com\/wp-content\/uploads\/2023\/10\/Brut.jpg\" \/>\n\t<meta property=\"og:image:width\" content=\"600\" \/>\n\t<meta property=\"og:image:height\" content=\"600\" \/>\n\t<meta property=\"og:image:type\" content=\"image\/jpeg\" \/>\n<meta name=\"twitter:card\" content=\"summary_large_image\" \/>\n<meta name=\"twitter:label1\" content=\"Est. reading time\" \/>\n\t<meta name=\"twitter:data1\" content=\"1 minute\" \/>\n<script type=\"application\/ld+json\" class=\"yoast-schema-graph\">{\"@context\":\"https:\/\/schema.org\",\"@graph\":[{\"@type\":\"WebPage\",\"@id\":\"https:\/\/manguin.com\/produit\/reine-claude-doree-du-ventoux-brut-de-fut\",\"url\":\"https:\/\/manguin.com\/produit\/reine-claude-doree-du-ventoux-brut-de-fut\",\"name\":\"REINE-CLAUDE Dor\u00e9e du Ventoux Brut de F\u00fbt de Muscat - Manguin\",\"isPartOf\":{\"@id\":\"https:\/\/manguin.com\/en\/#website\"},\"primaryImageOfPage\":{\"@id\":\"https:\/\/manguin.com\/produit\/reine-claude-doree-du-ventoux-brut-de-fut#primaryimage\"},\"image\":{\"@id\":\"https:\/\/manguin.com\/produit\/reine-claude-doree-du-ventoux-brut-de-fut#primaryimage\"},\"thumbnailUrl\":\"https:\/\/manguin.com\/wp-content\/uploads\/2023\/10\/Brut.jpg\",\"datePublished\":\"2023-10-07T08:01:17+00:00\",\"dateModified\":\"2025-11-13T17:13:29+00:00\",\"description\":\"Manguin capture la quintessence\u00a0de l\u2019olive et cr\u00e9e ce gin.\u00a0Dominante de geni\u00e8vre et d\u2019olive. Tonalit\u00e9s salines et iod\u00e9es.\",\"breadcrumb\":{\"@id\":\"https:\/\/manguin.com\/produit\/reine-claude-doree-du-ventoux-brut-de-fut#breadcrumb\"},\"inLanguage\":\"en-US\",\"potentialAction\":[{\"@type\":\"ReadAction\",\"target\":[\"https:\/\/manguin.com\/produit\/reine-claude-doree-du-ventoux-brut-de-fut\"]}]},{\"@type\":\"ImageObject\",\"inLanguage\":\"en-US\",\"@id\":\"https:\/\/manguin.com\/produit\/reine-claude-doree-du-ventoux-brut-de-fut#primaryimage\",\"url\":\"https:\/\/manguin.com\/wp-content\/uploads\/2023\/10\/Brut.jpg\",\"contentUrl\":\"https:\/\/manguin.com\/wp-content\/uploads\/2023\/10\/Brut.jpg\",\"width\":600,\"height\":600},{\"@type\":\"BreadcrumbList\",\"@id\":\"https:\/\/manguin.com\/produit\/reine-claude-doree-du-ventoux-brut-de-fut#breadcrumb\",\"itemListElement\":[{\"@type\":\"ListItem\",\"position\":1,\"name\":\"Accueil\",\"item\":\"https:\/\/manguin.com\/\"},{\"@type\":\"ListItem\",\"position\":2,\"name\":\"Boutique\",\"item\":\"https:\/\/manguin.com\/boutique\"},{\"@type\":\"ListItem\",\"position\":3,\"name\":\"REINE-CLAUDE Dor\u00e9e du Ventoux Brut de F\u00fbt de Muscat\"}]},{\"@type\":\"WebSite\",\"@id\":\"https:\/\/manguin.com\/en\/#website\",\"url\":\"https:\/\/manguin.com\/en\/\",\"name\":\"Manguin\",\"description\":\"\",\"publisher\":{\"@id\":\"https:\/\/manguin.com\/en\/#organization\"},\"potentialAction\":[{\"@type\":\"SearchAction\",\"target\":{\"@type\":\"EntryPoint\",\"urlTemplate\":\"https:\/\/manguin.com\/en\/?s={search_term_string}\"},\"query-input\":{\"@type\":\"PropertyValueSpecification\",\"valueRequired\":true,\"valueName\":\"search_term_string\"}}],\"inLanguage\":\"en-US\"},{\"@type\":\"Organization\",\"@id\":\"https:\/\/manguin.com\/en\/#organization\",\"name\":\"Manguin\",\"url\":\"https:\/\/manguin.com\/en\/\",\"logo\":{\"@type\":\"ImageObject\",\"inLanguage\":\"en-US\",\"@id\":\"https:\/\/manguin.com\/en\/#\/schema\/logo\/image\/\",\"url\":\"https:\/\/manguin.com\/wp-content\/uploads\/2020\/02\/Logo-Manguin-1.png\",\"contentUrl\":\"https:\/\/manguin.com\/wp-content\/uploads\/2020\/02\/Logo-Manguin-1.png\",\"width\":1553,\"height\":310,\"caption\":\"Manguin\"},\"image\":{\"@id\":\"https:\/\/manguin.com\/en\/#\/schema\/logo\/image\/\"}}]}<\/script>\n<!-- \/ Yoast SEO plugin. -->","yoast_head_json":{"title":"REINE-CLAUDE Dor\u00e9e du Ventoux Brut de F\u00fbt de Muscat - Manguin","description":"Manguin capture la quintessence\u00a0de l\u2019olive et cr\u00e9e ce gin.\u00a0Dominante de geni\u00e8vre et d\u2019olive. Tonalit\u00e9s salines et iod\u00e9es.","robots":{"index":"index","follow":"follow","max-snippet":"max-snippet:-1","max-image-preview":"max-image-preview:large","max-video-preview":"max-video-preview:-1"},"canonical":"https:\/\/manguin.com\/en\/product\/reine-claude-doree-du-ventoux-brut-de-fut\/","og_locale":"en_US","og_type":"article","og_title":"REINE-CLAUDE Dor\u00e9e du Ventoux Brut de F\u00fbt de Muscat - Manguin","og_description":"Manguin capture la quintessence\u00a0de l\u2019olive et cr\u00e9e ce gin.\u00a0Dominante de geni\u00e8vre et d\u2019olive. Tonalit\u00e9s salines et iod\u00e9es.","og_url":"https:\/\/manguin.com\/en\/product\/reine-claude-doree-du-ventoux-brut-de-fut\/","og_site_name":"Manguin","article_modified_time":"2025-11-13T17:13:29+00:00","og_image":[{"width":600,"height":600,"url":"https:\/\/manguin.com\/wp-content\/uploads\/2023\/10\/Brut.jpg","type":"image\/jpeg"}],"twitter_card":"summary_large_image","twitter_misc":{"Est. reading time":"1 minute"},"schema":{"@context":"https:\/\/schema.org","@graph":[{"@type":"WebPage","@id":"https:\/\/manguin.com\/produit\/reine-claude-doree-du-ventoux-brut-de-fut","url":"https:\/\/manguin.com\/produit\/reine-claude-doree-du-ventoux-brut-de-fut","name":"REINE-CLAUDE Dor\u00e9e du Ventoux Brut de F\u00fbt de Muscat - Manguin","isPartOf":{"@id":"https:\/\/manguin.com\/en\/#website"},"primaryImageOfPage":{"@id":"https:\/\/manguin.com\/produit\/reine-claude-doree-du-ventoux-brut-de-fut#primaryimage"},"image":{"@id":"https:\/\/manguin.com\/produit\/reine-claude-doree-du-ventoux-brut-de-fut#primaryimage"},"thumbnailUrl":"https:\/\/manguin.com\/wp-content\/uploads\/2023\/10\/Brut.jpg","datePublished":"2023-10-07T08:01:17+00:00","dateModified":"2025-11-13T17:13:29+00:00","description":"Manguin capture la quintessence\u00a0de l\u2019olive et cr\u00e9e ce gin.\u00a0Dominante de geni\u00e8vre et d\u2019olive. Tonalit\u00e9s salines et iod\u00e9es.","breadcrumb":{"@id":"https:\/\/manguin.com\/produit\/reine-claude-doree-du-ventoux-brut-de-fut#breadcrumb"},"inLanguage":"en-US","potentialAction":[{"@type":"ReadAction","target":["https:\/\/manguin.com\/produit\/reine-claude-doree-du-ventoux-brut-de-fut"]}]},{"@type":"ImageObject","inLanguage":"en-US","@id":"https:\/\/manguin.com\/produit\/reine-claude-doree-du-ventoux-brut-de-fut#primaryimage","url":"https:\/\/manguin.com\/wp-content\/uploads\/2023\/10\/Brut.jpg","contentUrl":"https:\/\/manguin.com\/wp-content\/uploads\/2023\/10\/Brut.jpg","width":600,"height":600},{"@type":"BreadcrumbList","@id":"https:\/\/manguin.com\/produit\/reine-claude-doree-du-ventoux-brut-de-fut#breadcrumb","itemListElement":[{"@type":"ListItem","position":1,"name":"Accueil","item":"https:\/\/manguin.com\/"},{"@type":"ListItem","position":2,"name":"Boutique","item":"https:\/\/manguin.com\/boutique"},{"@type":"ListItem","position":3,"name":"REINE-CLAUDE Dor\u00e9e du Ventoux Brut de F\u00fbt de Muscat"}]},{"@type":"WebSite","@id":"https:\/\/manguin.com\/en\/#website","url":"https:\/\/manguin.com\/en\/","name":"Manguin","description":"","publisher":{"@id":"https:\/\/manguin.com\/en\/#organization"},"potentialAction":[{"@type":"SearchAction","target":{"@type":"EntryPoint","urlTemplate":"https:\/\/manguin.com\/en\/?s={search_term_string}"},"query-input":{"@type":"PropertyValueSpecification","valueRequired":true,"valueName":"search_term_string"}}],"inLanguage":"en-US"},{"@type":"Organization","@id":"https:\/\/manguin.com\/en\/#organization","name":"Manguin","url":"https:\/\/manguin.com\/en\/","logo":{"@type":"ImageObject","inLanguage":"en-US","@id":"https:\/\/manguin.com\/en\/#\/schema\/logo\/image\/","url":"https:\/\/manguin.com\/wp-content\/uploads\/2020\/02\/Logo-Manguin-1.png","contentUrl":"https:\/\/manguin.com\/wp-content\/uploads\/2020\/02\/Logo-Manguin-1.png","width":1553,"height":310,"caption":"Manguin"},"image":{"@id":"https:\/\/manguin.com\/en\/#\/schema\/logo\/image\/"}}]}},"_links":{"self":[{"href":"https:\/\/manguin.com\/en\/wp-json\/wp\/v2\/product\/8417","targetHints":{"allow":["GET"]}}],"collection":[{"href":"https:\/\/manguin.com\/en\/wp-json\/wp\/v2\/product"}],"about":[{"href":"https:\/\/manguin.com\/en\/wp-json\/wp\/v2\/types\/product"}],"wp:featuredmedia":[{"embeddable":true,"href":"https:\/\/manguin.com\/en\/wp-json\/wp\/v2\/media\/9402"}],"wp:attachment":[{"href":"https:\/\/manguin.com\/en\/wp-json\/wp\/v2\/media?parent=8417"}],"wp:term":[{"taxonomy":"product_brand","embeddable":true,"href":"https:\/\/manguin.com\/en\/wp-json\/wp\/v2\/product_brand?post=8417"},{"taxonomy":"product_cat","embeddable":true,"href":"https:\/\/manguin.com\/en\/wp-json\/wp\/v2\/product_cat?post=8417"},{"taxonomy":"product_tag","embeddable":true,"href":"https:\/\/manguin.com\/en\/wp-json\/wp\/v2\/product_tag?post=8417"}],"curies":[{"name":"wp","href":"https:\/\/api.w.org\/{rel}","templated":true}]}}