{"id":8085,"date":"2023-02-21T16:37:28","date_gmt":"2023-02-21T15:37:28","guid":{"rendered":"https:\/\/manguin.com\/?post_type=product&#038;p=8085"},"modified":"2025-11-22T19:23:48","modified_gmt":"2025-11-22T18:23:48","slug":"caraxes-blend-poire-rhum-jeroboam","status":"publish","type":"product","link":"https:\/\/manguin.com\/en\/product\/caraxes-blend-poire-rhum-jeroboam","title":{"rendered":"CARAXES Le Jeroboam (pipette en verre offerte)"},"content":{"rendered":"<p><span class=\"lib couleur_violet\"><strong>Nom du produit :<\/strong> Carax\u00e8s &#8211; Blend Poire &amp; Rhum<br \/>\n<strong>Contenance :<\/strong> 300cl<span class=\"val\"><br \/>\n<\/span><\/span><span class=\"lib couleur_violet\"><strong>Volume d&rsquo;alcool :<\/strong> <span class=\"val\"><span class=\"s1\">45% vol<br \/>\n<span class=\"val\"><strong>Plus d&rsquo;informations : <\/strong><\/span><\/span><\/span>\u00c0 l&rsquo;instar du rare et majestueux \u00ab Charaxes Jasius \u00bb, papillon m\u00e9diterran\u00e9en qui se gorge de fruits m\u00fbrs des vergers de Provence, Manguin cr\u00e9e avec Carax\u00e8s une gamme d&rsquo;alcools de caract\u00e8re \u00e0 la distillation tout en finesse.<\/span><\/p>\n<p><span class=\"lib couleur_violet\"><span class=\"val\"><span class=\"s1\">\u00a0<\/span><\/span><\/span><\/p>","protected":false},"excerpt":{"rendered":"<p>300 cl \/ 45 %<\/p>\n<p><span class=\"val\"><em>\u275dCaraxes is a blend of character created by Manguin: a marriage of williams pear brandy distilled with finesse in Provence and amber rum from Trinidad and Barbados in the Caribbean. The freshness of the pear is rounded off by the vanilla and spicy notes of the rum: a subtle and gourmet spirit. \u275e<\/em><\/span><\/p>\n<p><strong>\u275d A unique blend of French wheat and Provence olives. Nice balance of fresh wheat notes and tapenade coated with a subtle sweet\/salty\nsensation \u00abumami\u201d. Hints of green apples\nand fresh lemon zest.<\/strong><\/p>","protected":false},"featured_media":10547,"template":"","meta":{"_acf_changed":false,"inline_featured_image":false,"site-sidebar-layout":"default","site-content-layout":"default","ast-site-content-layout":"default","site-content-style":"default","site-sidebar-style":"default","ast-global-header-display":"","ast-banner-title-visibility":"","ast-main-header-display":"","ast-hfb-above-header-display":"","ast-hfb-below-header-display":"","ast-hfb-mobile-header-display":"","site-post-title":"","ast-breadcrumbs-content":"","ast-featured-img":"","footer-sml-layout":"","ast-disable-related-posts":"","theme-transparent-header-meta":"default","adv-header-id-meta":"","stick-header-meta":"","header-above-stick-meta":"","header-main-stick-meta":"","header-below-stick-meta":"","astra-migrate-meta-layouts":"set","ast-page-background-enabled":"default","ast-page-background-meta":{"desktop":{"background-color":"","background-image":"","background-repeat":"repeat","background-position":"center center","background-size":"auto","background-attachment":"scroll","background-type":"","background-media":"","overlay-type":"","overlay-color":"","overlay-opacity":"","overlay-gradient":""},"tablet":{"background-color":"","background-image":"","background-repeat":"repeat","background-position":"center center","background-size":"auto","background-attachment":"scroll","background-type":"","background-media":"","overlay-type":"","overlay-color":"","overlay-opacity":"","overlay-gradient":""},"mobile":{"background-color":"","background-image":"","background-repeat":"repeat","background-position":"center center","background-size":"auto","background-attachment":"scroll","background-type":"","background-media":"","overlay-type":"","overlay-color":"","overlay-opacity":"","overlay-gradient":""}},"ast-content-background-meta":{"desktop":{"background-color":"var(--ast-global-color-5)","background-image":"","background-repeat":"repeat","background-position":"center center","background-size":"auto","background-attachment":"scroll","background-type":"","background-media":"","overlay-type":"","overlay-color":"","overlay-opacity":"","overlay-gradient":""},"tablet":{"background-color":"var(--ast-global-color-5)","background-image":"","background-repeat":"repeat","background-position":"center center","background-size":"auto","background-attachment":"scroll","background-type":"","background-media":"","overlay-type":"","overlay-color":"","overlay-opacity":"","overlay-gradient":""},"mobile":{"background-color":"var(--ast-global-color-5)","background-image":"","background-repeat":"repeat","background-position":"center center","background-size":"auto","background-attachment":"scroll","background-type":"","background-media":"","overlay-type":"","overlay-color":"","overlay-opacity":"","overlay-gradient":""}}},"product_brand":[],"product_cat":[70,47],"product_tag":[],"class_list":{"0":"post-8085","1":"product","2":"type-product","3":"status-publish","4":"has-post-thumbnail","6":"product_cat-caraxes","7":"product_cat-tous-nos-produits","8":"desktop-align-left","9":"tablet-align-left","10":"mobile-align-left","12":"first","13":"instock","14":"taxable","15":"shipping-taxable","16":"purchasable","17":"product-type-simple"},"acf":[],"yoast_head":"<!-- This site is optimized with the Yoast SEO plugin v27.1.1 - https:\/\/yoast.com\/product\/yoast-seo-wordpress\/ -->\n<title>CARAXES Le Jeroboam (pipette en verre offerte) - Manguin<\/title>\n<meta name=\"robots\" content=\"index, follow, max-snippet:-1, max-image-preview:large, max-video-preview:-1\" \/>\n<link rel=\"canonical\" href=\"https:\/\/manguin.com\/en\/product\/caraxes-blend-poire-rhum-jeroboam\/\" \/>\n<meta property=\"og:locale\" content=\"en_US\" \/>\n<meta property=\"og:type\" content=\"article\" \/>\n<meta property=\"og:title\" content=\"CARAXES Le Jeroboam (pipette en verre offerte) - Manguin\" \/>\n<meta property=\"og:description\" content=\"300 cl \/ 45 %  \u275d Le mariage d\u2019une eau de vie de Poires Williams distill\u00e9e tout en finesse sur l\u2019\u00eele de la Barthelasse en Avignon et d\u2019un rhum ambr\u00e9 des \u00eeles de Trinidad et Barbados dans les Cara\u00efbes offre une sensation gourmande en bouche. Les notes vanill\u00e9es et \u00e9pic\u00e9es du rhum exhalent le fameux \u201cgrain en bouche\u201d de la Poire Manguin. \u275e  \u2705 En stock \u2014 Livraison en 3 \u00e0 5 jours ouvr\u00e9s\" \/>\n<meta property=\"og:url\" content=\"https:\/\/manguin.com\/en\/product\/caraxes-blend-poire-rhum-jeroboam\/\" \/>\n<meta property=\"og:site_name\" content=\"Manguin\" \/>\n<meta property=\"article:modified_time\" content=\"2025-11-22T18:23:48+00:00\" \/>\n<meta property=\"og:image\" content=\"https:\/\/manguin.com\/wp-content\/uploads\/2023\/02\/Jero-1024x1024.png\" \/>\n\t<meta property=\"og:image:width\" content=\"1024\" \/>\n\t<meta property=\"og:image:height\" content=\"1024\" \/>\n\t<meta property=\"og:image:type\" content=\"image\/png\" \/>\n<meta name=\"twitter:card\" content=\"summary_large_image\" \/>\n<meta name=\"twitter:label1\" content=\"Est. reading time\" \/>\n\t<meta name=\"twitter:data1\" content=\"1 minute\" \/>\n<script type=\"application\/ld+json\" class=\"yoast-schema-graph\">{\"@context\":\"https:\/\/schema.org\",\"@graph\":[{\"@type\":\"WebPage\",\"@id\":\"https:\/\/manguin.com\/produit\/caraxes-blend-poire-rhum-jeroboam\",\"url\":\"https:\/\/manguin.com\/produit\/caraxes-blend-poire-rhum-jeroboam\",\"name\":\"CARAXES Le Jeroboam (pipette en verre offerte) - Manguin\",\"isPartOf\":{\"@id\":\"https:\/\/manguin.com\/en\/#website\"},\"primaryImageOfPage\":{\"@id\":\"https:\/\/manguin.com\/produit\/caraxes-blend-poire-rhum-jeroboam#primaryimage\"},\"image\":{\"@id\":\"https:\/\/manguin.com\/produit\/caraxes-blend-poire-rhum-jeroboam#primaryimage\"},\"thumbnailUrl\":\"https:\/\/manguin.com\/wp-content\/uploads\/2023\/02\/Jero.png\",\"datePublished\":\"2023-02-21T15:37:28+00:00\",\"dateModified\":\"2025-11-22T18:23:48+00:00\",\"breadcrumb\":{\"@id\":\"https:\/\/manguin.com\/produit\/caraxes-blend-poire-rhum-jeroboam#breadcrumb\"},\"inLanguage\":\"en-US\",\"potentialAction\":[{\"@type\":\"ReadAction\",\"target\":[\"https:\/\/manguin.com\/produit\/caraxes-blend-poire-rhum-jeroboam\"]}]},{\"@type\":\"ImageObject\",\"inLanguage\":\"en-US\",\"@id\":\"https:\/\/manguin.com\/produit\/caraxes-blend-poire-rhum-jeroboam#primaryimage\",\"url\":\"https:\/\/manguin.com\/wp-content\/uploads\/2023\/02\/Jero.png\",\"contentUrl\":\"https:\/\/manguin.com\/wp-content\/uploads\/2023\/02\/Jero.png\",\"width\":1134,\"height\":1134},{\"@type\":\"BreadcrumbList\",\"@id\":\"https:\/\/manguin.com\/produit\/caraxes-blend-poire-rhum-jeroboam#breadcrumb\",\"itemListElement\":[{\"@type\":\"ListItem\",\"position\":1,\"name\":\"Accueil\",\"item\":\"https:\/\/manguin.com\/\"},{\"@type\":\"ListItem\",\"position\":2,\"name\":\"Boutique\",\"item\":\"https:\/\/manguin.com\/boutique\"},{\"@type\":\"ListItem\",\"position\":3,\"name\":\"CARAXES Le Jeroboam (pipette en verre offerte)\"}]},{\"@type\":\"WebSite\",\"@id\":\"https:\/\/manguin.com\/en\/#website\",\"url\":\"https:\/\/manguin.com\/en\/\",\"name\":\"Manguin\",\"description\":\"\",\"publisher\":{\"@id\":\"https:\/\/manguin.com\/en\/#organization\"},\"potentialAction\":[{\"@type\":\"SearchAction\",\"target\":{\"@type\":\"EntryPoint\",\"urlTemplate\":\"https:\/\/manguin.com\/en\/?s={search_term_string}\"},\"query-input\":{\"@type\":\"PropertyValueSpecification\",\"valueRequired\":true,\"valueName\":\"search_term_string\"}}],\"inLanguage\":\"en-US\"},{\"@type\":\"Organization\",\"@id\":\"https:\/\/manguin.com\/en\/#organization\",\"name\":\"Manguin\",\"url\":\"https:\/\/manguin.com\/en\/\",\"logo\":{\"@type\":\"ImageObject\",\"inLanguage\":\"en-US\",\"@id\":\"https:\/\/manguin.com\/en\/#\/schema\/logo\/image\/\",\"url\":\"https:\/\/manguin.com\/wp-content\/uploads\/2020\/02\/Logo-Manguin-1.png\",\"contentUrl\":\"https:\/\/manguin.com\/wp-content\/uploads\/2020\/02\/Logo-Manguin-1.png\",\"width\":1553,\"height\":310,\"caption\":\"Manguin\"},\"image\":{\"@id\":\"https:\/\/manguin.com\/en\/#\/schema\/logo\/image\/\"}}]}<\/script>\n<!-- \/ Yoast SEO plugin. -->","yoast_head_json":{"title":"CARAXES Le Jeroboam (pipette en verre offerte) - Manguin","robots":{"index":"index","follow":"follow","max-snippet":"max-snippet:-1","max-image-preview":"max-image-preview:large","max-video-preview":"max-video-preview:-1"},"canonical":"https:\/\/manguin.com\/en\/product\/caraxes-blend-poire-rhum-jeroboam\/","og_locale":"en_US","og_type":"article","og_title":"CARAXES Le Jeroboam (pipette en verre offerte) - Manguin","og_description":"300 cl \/ 45 %  \u275d Le mariage d\u2019une eau de vie de Poires Williams distill\u00e9e tout en finesse sur l\u2019\u00eele de la Barthelasse en Avignon et d\u2019un rhum ambr\u00e9 des \u00eeles de Trinidad et Barbados dans les Cara\u00efbes offre une sensation gourmande en bouche. Les notes vanill\u00e9es et \u00e9pic\u00e9es du rhum exhalent le fameux \u201cgrain en bouche\u201d de la Poire Manguin. \u275e  \u2705 En stock \u2014 Livraison en 3 \u00e0 5 jours ouvr\u00e9s","og_url":"https:\/\/manguin.com\/en\/product\/caraxes-blend-poire-rhum-jeroboam\/","og_site_name":"Manguin","article_modified_time":"2025-11-22T18:23:48+00:00","og_image":[{"width":1024,"height":1024,"url":"https:\/\/manguin.com\/wp-content\/uploads\/2023\/02\/Jero-1024x1024.png","type":"image\/png"}],"twitter_card":"summary_large_image","twitter_misc":{"Est. reading time":"1 minute"},"schema":{"@context":"https:\/\/schema.org","@graph":[{"@type":"WebPage","@id":"https:\/\/manguin.com\/produit\/caraxes-blend-poire-rhum-jeroboam","url":"https:\/\/manguin.com\/produit\/caraxes-blend-poire-rhum-jeroboam","name":"CARAXES Le Jeroboam (pipette en verre offerte) - Manguin","isPartOf":{"@id":"https:\/\/manguin.com\/en\/#website"},"primaryImageOfPage":{"@id":"https:\/\/manguin.com\/produit\/caraxes-blend-poire-rhum-jeroboam#primaryimage"},"image":{"@id":"https:\/\/manguin.com\/produit\/caraxes-blend-poire-rhum-jeroboam#primaryimage"},"thumbnailUrl":"https:\/\/manguin.com\/wp-content\/uploads\/2023\/02\/Jero.png","datePublished":"2023-02-21T15:37:28+00:00","dateModified":"2025-11-22T18:23:48+00:00","breadcrumb":{"@id":"https:\/\/manguin.com\/produit\/caraxes-blend-poire-rhum-jeroboam#breadcrumb"},"inLanguage":"en-US","potentialAction":[{"@type":"ReadAction","target":["https:\/\/manguin.com\/produit\/caraxes-blend-poire-rhum-jeroboam"]}]},{"@type":"ImageObject","inLanguage":"en-US","@id":"https:\/\/manguin.com\/produit\/caraxes-blend-poire-rhum-jeroboam#primaryimage","url":"https:\/\/manguin.com\/wp-content\/uploads\/2023\/02\/Jero.png","contentUrl":"https:\/\/manguin.com\/wp-content\/uploads\/2023\/02\/Jero.png","width":1134,"height":1134},{"@type":"BreadcrumbList","@id":"https:\/\/manguin.com\/produit\/caraxes-blend-poire-rhum-jeroboam#breadcrumb","itemListElement":[{"@type":"ListItem","position":1,"name":"Accueil","item":"https:\/\/manguin.com\/"},{"@type":"ListItem","position":2,"name":"Boutique","item":"https:\/\/manguin.com\/boutique"},{"@type":"ListItem","position":3,"name":"CARAXES Le Jeroboam (pipette en verre offerte)"}]},{"@type":"WebSite","@id":"https:\/\/manguin.com\/en\/#website","url":"https:\/\/manguin.com\/en\/","name":"Manguin","description":"","publisher":{"@id":"https:\/\/manguin.com\/en\/#organization"},"potentialAction":[{"@type":"SearchAction","target":{"@type":"EntryPoint","urlTemplate":"https:\/\/manguin.com\/en\/?s={search_term_string}"},"query-input":{"@type":"PropertyValueSpecification","valueRequired":true,"valueName":"search_term_string"}}],"inLanguage":"en-US"},{"@type":"Organization","@id":"https:\/\/manguin.com\/en\/#organization","name":"Manguin","url":"https:\/\/manguin.com\/en\/","logo":{"@type":"ImageObject","inLanguage":"en-US","@id":"https:\/\/manguin.com\/en\/#\/schema\/logo\/image\/","url":"https:\/\/manguin.com\/wp-content\/uploads\/2020\/02\/Logo-Manguin-1.png","contentUrl":"https:\/\/manguin.com\/wp-content\/uploads\/2020\/02\/Logo-Manguin-1.png","width":1553,"height":310,"caption":"Manguin"},"image":{"@id":"https:\/\/manguin.com\/en\/#\/schema\/logo\/image\/"}}]}},"_links":{"self":[{"href":"https:\/\/manguin.com\/en\/wp-json\/wp\/v2\/product\/8085","targetHints":{"allow":["GET"]}}],"collection":[{"href":"https:\/\/manguin.com\/en\/wp-json\/wp\/v2\/product"}],"about":[{"href":"https:\/\/manguin.com\/en\/wp-json\/wp\/v2\/types\/product"}],"wp:featuredmedia":[{"embeddable":true,"href":"https:\/\/manguin.com\/en\/wp-json\/wp\/v2\/media\/10547"}],"wp:attachment":[{"href":"https:\/\/manguin.com\/en\/wp-json\/wp\/v2\/media?parent=8085"}],"wp:term":[{"taxonomy":"product_brand","embeddable":true,"href":"https:\/\/manguin.com\/en\/wp-json\/wp\/v2\/product_brand?post=8085"},{"taxonomy":"product_cat","embeddable":true,"href":"https:\/\/manguin.com\/en\/wp-json\/wp\/v2\/product_cat?post=8085"},{"taxonomy":"product_tag","embeddable":true,"href":"https:\/\/manguin.com\/en\/wp-json\/wp\/v2\/product_tag?post=8085"}],"curies":[{"name":"wp","href":"https:\/\/api.w.org\/{rel}","templated":true}]}}