{"id":8004,"date":"2023-01-10T10:41:36","date_gmt":"2023-01-10T09:41:36","guid":{"rendered":"https:\/\/manguin.com\/?post_type=product&#038;p=8004"},"modified":"2025-11-13T18:17:38","modified_gmt":"2025-11-13T17:17:38","slug":"pastis-olive-70cl","status":"publish","type":"product","link":"https:\/\/manguin.com\/en\/product\/pastis-olive-70cl","title":{"rendered":"PASTIS Olive"},"content":{"rendered":"<p><span class=\"lib couleur_violet\"><strong>Nom du produit :<\/strong> Pastis Olive<br \/>\n<strong>Contenance :<\/strong> 7<span class=\"val\">0 cl<br \/>\n<\/span><\/span><span class=\"lib couleur_violet\"><strong>Volume d&rsquo;alcool :<\/strong> 45<span class=\"val\"><span class=\"s1\">% vol<br \/>\n<strong>Prix au litre :<\/strong> 35.71<span class=\"val\">\u00a0\u20ac\/l<br \/>\n<strong>Saveur : <\/strong>une recette de pastis aux saveurs de garrigue.<\/span><\/span><\/span><\/span><\/p>\n<p><strong>LE PASTIS DE PROVENCE ICONIQUE<\/strong><br \/>\nUne bouteille collector en verre au d\u00e9cor illustratif embl\u00e9matique des ann\u00e9es 30, revisit\u00e9.<br \/>\nLa bonhommie du personnage Olive et les couleurs ensoleill\u00e9es du sud c\u00e9l\u00e8brent l\u2019histoire du pastis !<\/p>","protected":false},"excerpt":{"rendered":"<p>70 cl \/ 45 %<\/p>\n<p><strong>LE PASTIS DE PROVENCE ICONIQUE<\/strong><\/p>\n<p>Une bouteille collector en verre au d\u00e9cor illustratif embl\u00e9matique des ann\u00e9es 30, revisit\u00e9.<br \/>\nLa bonhommie du personnage Olive et les couleurs ensoleill\u00e9es du sud c\u00e9l\u00e8brent l\u2019histoire du pastis !<\/p>\n<p>Suivre le compte INSTAGRAM de Pastis Olive <a href=\"https:\/\/www.instagram.com\/pastisolive_\/\" target=\"_blank\" rel=\"noopener\"><img decoding=\"async\" class=\"alignnone size-full wp-image-8008\" src=\"https:\/\/manguin.com\/wp-content\/uploads\/2023\/01\/INSTAGRAM-Pastis-Olive.png\" alt=\"In\" width=\"50\" height=\"50\" srcset=\"https:\/\/manguin.com\/wp-content\/uploads\/2023\/01\/INSTAGRAM-Pastis-Olive.png 50w, https:\/\/manguin.com\/wp-content\/uploads\/2023\/01\/INSTAGRAM-Pastis-Olive-12x12.png 12w, https:\/\/manguin.com\/wp-content\/uploads\/2023\/01\/INSTAGRAM-Pastis-Olive-24x24.png 24w, https:\/\/manguin.com\/wp-content\/uploads\/2023\/01\/INSTAGRAM-Pastis-Olive-36x36.png 36w, https:\/\/manguin.com\/wp-content\/uploads\/2023\/01\/INSTAGRAM-Pastis-Olive-48x48.png 48w\" sizes=\"(max-width: 50px) 100vw, 50px\" \/><\/a><\/p>","protected":false},"featured_media":8005,"template":"","meta":{"_acf_changed":false,"inline_featured_image":false,"site-sidebar-layout":"default","site-content-layout":"default","ast-site-content-layout":"default","site-content-style":"default","site-sidebar-style":"default","ast-global-header-display":"","ast-banner-title-visibility":"","ast-main-header-display":"","ast-hfb-above-header-display":"","ast-hfb-below-header-display":"","ast-hfb-mobile-header-display":"","site-post-title":"","ast-breadcrumbs-content":"","ast-featured-img":"","footer-sml-layout":"","ast-disable-related-posts":"","theme-transparent-header-meta":"default","adv-header-id-meta":"","stick-header-meta":"","header-above-stick-meta":"","header-main-stick-meta":"","header-below-stick-meta":"","astra-migrate-meta-layouts":"set","ast-page-background-enabled":"default","ast-page-background-meta":{"desktop":{"background-color":"","background-image":"","background-repeat":"repeat","background-position":"center center","background-size":"auto","background-attachment":"scroll","background-type":"","background-media":"","overlay-type":"","overlay-color":"","overlay-opacity":"","overlay-gradient":""},"tablet":{"background-color":"","background-image":"","background-repeat":"repeat","background-position":"center center","background-size":"auto","background-attachment":"scroll","background-type":"","background-media":"","overlay-type":"","overlay-color":"","overlay-opacity":"","overlay-gradient":""},"mobile":{"background-color":"","background-image":"","background-repeat":"repeat","background-position":"center center","background-size":"auto","background-attachment":"scroll","background-type":"","background-media":"","overlay-type":"","overlay-color":"","overlay-opacity":"","overlay-gradient":""}},"ast-content-background-meta":{"desktop":{"background-color":"var(--ast-global-color-5)","background-image":"","background-repeat":"repeat","background-position":"center center","background-size":"auto","background-attachment":"scroll","background-type":"","background-media":"","overlay-type":"","overlay-color":"","overlay-opacity":"","overlay-gradient":""},"tablet":{"background-color":"var(--ast-global-color-5)","background-image":"","background-repeat":"repeat","background-position":"center center","background-size":"auto","background-attachment":"scroll","background-type":"","background-media":"","overlay-type":"","overlay-color":"","overlay-opacity":"","overlay-gradient":""},"mobile":{"background-color":"var(--ast-global-color-5)","background-image":"","background-repeat":"repeat","background-position":"center center","background-size":"auto","background-attachment":"scroll","background-type":"","background-media":"","overlay-type":"","overlay-color":"","overlay-opacity":"","overlay-gradient":""}}},"product_brand":[],"product_cat":[51,47],"product_tag":[],"class_list":{"0":"post-8004","1":"product","2":"type-product","3":"status-publish","4":"has-post-thumbnail","6":"product_cat-pastis","7":"product_cat-tous-nos-produits","8":"desktop-align-left","9":"tablet-align-left","10":"mobile-align-left","12":"first","13":"instock","14":"taxable","15":"shipping-taxable","16":"purchasable","17":"product-type-simple"},"acf":[],"yoast_head":"<!-- This site is optimized with the Yoast SEO plugin v27.1.1 - https:\/\/yoast.com\/product\/yoast-seo-wordpress\/ -->\n<title>PASTIS Olive - Manguin<\/title>\n<meta name=\"robots\" content=\"index, follow, max-snippet:-1, max-image-preview:large, max-video-preview:-1\" \/>\n<link rel=\"canonical\" href=\"https:\/\/manguin.com\/en\/product\/pastis-olive-70cl\/\" \/>\n<meta property=\"og:locale\" content=\"en_US\" \/>\n<meta property=\"og:type\" content=\"article\" \/>\n<meta property=\"og:title\" content=\"PASTIS Olive - Manguin\" \/>\n<meta property=\"og:description\" content=\"70 cl \/ 45 %  LE PASTIS DE PROVENCE ICONIQUE  Une bouteille collector en verre au d\u00e9cor illustratif embl\u00e9matique des ann\u00e9es 30, revisit\u00e9. La bonhommie du personnage Olive et les couleurs ensoleill\u00e9es du sud c\u00e9l\u00e8brent l\u2019histoire du pastis !  Suivre le compte INSTAGRAM de Pastis Olive\" \/>\n<meta property=\"og:url\" content=\"https:\/\/manguin.com\/en\/product\/pastis-olive-70cl\/\" \/>\n<meta property=\"og:site_name\" content=\"Manguin\" \/>\n<meta property=\"article:modified_time\" content=\"2025-11-13T17:17:38+00:00\" \/>\n<meta property=\"og:image\" content=\"https:\/\/manguin.com\/wp-content\/uploads\/2023\/01\/manguin-pastis-olive.png\" \/>\n\t<meta property=\"og:image:width\" content=\"600\" \/>\n\t<meta property=\"og:image:height\" content=\"600\" \/>\n\t<meta property=\"og:image:type\" content=\"image\/png\" \/>\n<meta name=\"twitter:card\" content=\"summary_large_image\" \/>\n<meta name=\"twitter:label1\" content=\"Est. reading time\" \/>\n\t<meta name=\"twitter:data1\" content=\"1 minute\" \/>\n<script type=\"application\/ld+json\" class=\"yoast-schema-graph\">{\"@context\":\"https:\/\/schema.org\",\"@graph\":[{\"@type\":\"WebPage\",\"@id\":\"https:\/\/manguin.com\/produit\/pastis-olive-70cl\",\"url\":\"https:\/\/manguin.com\/produit\/pastis-olive-70cl\",\"name\":\"PASTIS Olive - Manguin\",\"isPartOf\":{\"@id\":\"https:\/\/manguin.com\/en\/#website\"},\"primaryImageOfPage\":{\"@id\":\"https:\/\/manguin.com\/produit\/pastis-olive-70cl#primaryimage\"},\"image\":{\"@id\":\"https:\/\/manguin.com\/produit\/pastis-olive-70cl#primaryimage\"},\"thumbnailUrl\":\"https:\/\/manguin.com\/wp-content\/uploads\/2023\/01\/manguin-pastis-olive.png\",\"datePublished\":\"2023-01-10T09:41:36+00:00\",\"dateModified\":\"2025-11-13T17:17:38+00:00\",\"breadcrumb\":{\"@id\":\"https:\/\/manguin.com\/produit\/pastis-olive-70cl#breadcrumb\"},\"inLanguage\":\"en-US\",\"potentialAction\":[{\"@type\":\"ReadAction\",\"target\":[\"https:\/\/manguin.com\/produit\/pastis-olive-70cl\"]}]},{\"@type\":\"ImageObject\",\"inLanguage\":\"en-US\",\"@id\":\"https:\/\/manguin.com\/produit\/pastis-olive-70cl#primaryimage\",\"url\":\"https:\/\/manguin.com\/wp-content\/uploads\/2023\/01\/manguin-pastis-olive.png\",\"contentUrl\":\"https:\/\/manguin.com\/wp-content\/uploads\/2023\/01\/manguin-pastis-olive.png\",\"width\":600,\"height\":600,\"caption\":\"Pastis Olive\"},{\"@type\":\"BreadcrumbList\",\"@id\":\"https:\/\/manguin.com\/produit\/pastis-olive-70cl#breadcrumb\",\"itemListElement\":[{\"@type\":\"ListItem\",\"position\":1,\"name\":\"Accueil\",\"item\":\"https:\/\/manguin.com\/\"},{\"@type\":\"ListItem\",\"position\":2,\"name\":\"Boutique\",\"item\":\"https:\/\/manguin.com\/boutique\"},{\"@type\":\"ListItem\",\"position\":3,\"name\":\"PASTIS Olive\"}]},{\"@type\":\"WebSite\",\"@id\":\"https:\/\/manguin.com\/en\/#website\",\"url\":\"https:\/\/manguin.com\/en\/\",\"name\":\"Manguin\",\"description\":\"\",\"publisher\":{\"@id\":\"https:\/\/manguin.com\/en\/#organization\"},\"potentialAction\":[{\"@type\":\"SearchAction\",\"target\":{\"@type\":\"EntryPoint\",\"urlTemplate\":\"https:\/\/manguin.com\/en\/?s={search_term_string}\"},\"query-input\":{\"@type\":\"PropertyValueSpecification\",\"valueRequired\":true,\"valueName\":\"search_term_string\"}}],\"inLanguage\":\"en-US\"},{\"@type\":\"Organization\",\"@id\":\"https:\/\/manguin.com\/en\/#organization\",\"name\":\"Manguin\",\"url\":\"https:\/\/manguin.com\/en\/\",\"logo\":{\"@type\":\"ImageObject\",\"inLanguage\":\"en-US\",\"@id\":\"https:\/\/manguin.com\/en\/#\/schema\/logo\/image\/\",\"url\":\"https:\/\/manguin.com\/wp-content\/uploads\/2020\/02\/Logo-Manguin-1.png\",\"contentUrl\":\"https:\/\/manguin.com\/wp-content\/uploads\/2020\/02\/Logo-Manguin-1.png\",\"width\":1553,\"height\":310,\"caption\":\"Manguin\"},\"image\":{\"@id\":\"https:\/\/manguin.com\/en\/#\/schema\/logo\/image\/\"}}]}<\/script>\n<!-- \/ Yoast SEO plugin. -->","yoast_head_json":{"title":"PASTIS Olive - Manguin","robots":{"index":"index","follow":"follow","max-snippet":"max-snippet:-1","max-image-preview":"max-image-preview:large","max-video-preview":"max-video-preview:-1"},"canonical":"https:\/\/manguin.com\/en\/product\/pastis-olive-70cl\/","og_locale":"en_US","og_type":"article","og_title":"PASTIS Olive - Manguin","og_description":"70 cl \/ 45 %  LE PASTIS DE PROVENCE ICONIQUE  Une bouteille collector en verre au d\u00e9cor illustratif embl\u00e9matique des ann\u00e9es 30, revisit\u00e9. La bonhommie du personnage Olive et les couleurs ensoleill\u00e9es du sud c\u00e9l\u00e8brent l\u2019histoire du pastis !  Suivre le compte INSTAGRAM de Pastis Olive","og_url":"https:\/\/manguin.com\/en\/product\/pastis-olive-70cl\/","og_site_name":"Manguin","article_modified_time":"2025-11-13T17:17:38+00:00","og_image":[{"width":600,"height":600,"url":"https:\/\/manguin.com\/wp-content\/uploads\/2023\/01\/manguin-pastis-olive.png","type":"image\/png"}],"twitter_card":"summary_large_image","twitter_misc":{"Est. reading time":"1 minute"},"schema":{"@context":"https:\/\/schema.org","@graph":[{"@type":"WebPage","@id":"https:\/\/manguin.com\/produit\/pastis-olive-70cl","url":"https:\/\/manguin.com\/produit\/pastis-olive-70cl","name":"PASTIS Olive - Manguin","isPartOf":{"@id":"https:\/\/manguin.com\/en\/#website"},"primaryImageOfPage":{"@id":"https:\/\/manguin.com\/produit\/pastis-olive-70cl#primaryimage"},"image":{"@id":"https:\/\/manguin.com\/produit\/pastis-olive-70cl#primaryimage"},"thumbnailUrl":"https:\/\/manguin.com\/wp-content\/uploads\/2023\/01\/manguin-pastis-olive.png","datePublished":"2023-01-10T09:41:36+00:00","dateModified":"2025-11-13T17:17:38+00:00","breadcrumb":{"@id":"https:\/\/manguin.com\/produit\/pastis-olive-70cl#breadcrumb"},"inLanguage":"en-US","potentialAction":[{"@type":"ReadAction","target":["https:\/\/manguin.com\/produit\/pastis-olive-70cl"]}]},{"@type":"ImageObject","inLanguage":"en-US","@id":"https:\/\/manguin.com\/produit\/pastis-olive-70cl#primaryimage","url":"https:\/\/manguin.com\/wp-content\/uploads\/2023\/01\/manguin-pastis-olive.png","contentUrl":"https:\/\/manguin.com\/wp-content\/uploads\/2023\/01\/manguin-pastis-olive.png","width":600,"height":600,"caption":"Pastis Olive"},{"@type":"BreadcrumbList","@id":"https:\/\/manguin.com\/produit\/pastis-olive-70cl#breadcrumb","itemListElement":[{"@type":"ListItem","position":1,"name":"Accueil","item":"https:\/\/manguin.com\/"},{"@type":"ListItem","position":2,"name":"Boutique","item":"https:\/\/manguin.com\/boutique"},{"@type":"ListItem","position":3,"name":"PASTIS Olive"}]},{"@type":"WebSite","@id":"https:\/\/manguin.com\/en\/#website","url":"https:\/\/manguin.com\/en\/","name":"Manguin","description":"","publisher":{"@id":"https:\/\/manguin.com\/en\/#organization"},"potentialAction":[{"@type":"SearchAction","target":{"@type":"EntryPoint","urlTemplate":"https:\/\/manguin.com\/en\/?s={search_term_string}"},"query-input":{"@type":"PropertyValueSpecification","valueRequired":true,"valueName":"search_term_string"}}],"inLanguage":"en-US"},{"@type":"Organization","@id":"https:\/\/manguin.com\/en\/#organization","name":"Manguin","url":"https:\/\/manguin.com\/en\/","logo":{"@type":"ImageObject","inLanguage":"en-US","@id":"https:\/\/manguin.com\/en\/#\/schema\/logo\/image\/","url":"https:\/\/manguin.com\/wp-content\/uploads\/2020\/02\/Logo-Manguin-1.png","contentUrl":"https:\/\/manguin.com\/wp-content\/uploads\/2020\/02\/Logo-Manguin-1.png","width":1553,"height":310,"caption":"Manguin"},"image":{"@id":"https:\/\/manguin.com\/en\/#\/schema\/logo\/image\/"}}]}},"_links":{"self":[{"href":"https:\/\/manguin.com\/en\/wp-json\/wp\/v2\/product\/8004","targetHints":{"allow":["GET"]}}],"collection":[{"href":"https:\/\/manguin.com\/en\/wp-json\/wp\/v2\/product"}],"about":[{"href":"https:\/\/manguin.com\/en\/wp-json\/wp\/v2\/types\/product"}],"wp:featuredmedia":[{"embeddable":true,"href":"https:\/\/manguin.com\/en\/wp-json\/wp\/v2\/media\/8005"}],"wp:attachment":[{"href":"https:\/\/manguin.com\/en\/wp-json\/wp\/v2\/media?parent=8004"}],"wp:term":[{"taxonomy":"product_brand","embeddable":true,"href":"https:\/\/manguin.com\/en\/wp-json\/wp\/v2\/product_brand?post=8004"},{"taxonomy":"product_cat","embeddable":true,"href":"https:\/\/manguin.com\/en\/wp-json\/wp\/v2\/product_cat?post=8004"},{"taxonomy":"product_tag","embeddable":true,"href":"https:\/\/manguin.com\/en\/wp-json\/wp\/v2\/product_tag?post=8004"}],"curies":[{"name":"wp","href":"https:\/\/api.w.org\/{rel}","templated":true}]}}