{"id":2823,"date":"2021-06-23T14:44:12","date_gmt":"2021-06-23T12:44:12","guid":{"rendered":"https:\/\/manguin.com\/?post_type=product&#038;p=2823"},"modified":"2025-11-13T18:24:26","modified_gmt":"2025-11-13T17:24:26","slug":"olivodka-70cl","status":"publish","type":"product","link":"https:\/\/manguin.com\/en\/product\/olivodka-70cl","title":{"rendered":"OLI\u2019VODKA L\u2019Olive Vodka"},"content":{"rendered":"<p><span class=\"lib couleur_violet\"><strong>Nom du produit :<\/strong> Oli&rsquo;Vodka<br \/>\n<strong>Contenance :<\/strong> 70<span class=\"val\">\u00a0cl<br \/>\n<\/span><\/span><span class=\"lib couleur_violet\"><strong>Volume d&rsquo;alcool :<\/strong> 42<span class=\"val\"><span class=\"s1\">% vol<br \/>\n<strong>Prix au litre :<\/strong> 84.29<span class=\"val\">\u00a0\u20ac\/l<br \/>\n<strong>Plus d&rsquo;informations : <\/strong><\/span><\/span><\/span>Un mariage unique de bl\u00e9s fran\u00e7ais et d\u2019olives de Provence. Bel \u00e9quilibre de notes de bl\u00e9 frais et de tapenade enrob\u00e9 d\u2019une subtile sensation sucr\u00e9e\/sal\u00e9e \u201cumami\u201d. Touches de pomme verte et de zeste de citron frais. Oli\u2019Vodka est parfaite \u00e0 d\u00e9guster pure avec ou sans glace ou en cocktails, dont l\u2019incontournable vodka martini.<\/span><\/p>","protected":false},"excerpt":{"rendered":"<p>70 cl \/ 42 %<\/p>\n<p><strong>\u275d A unique blend of French wheat and Provence olives. Nice balance of fresh wheat notes and tapenade coated with a subtle sweet\/salty\nsensation \u00abumami\u201d. Hints of green apples\nand fresh lemon zest.<\/strong><\/p>","protected":false},"featured_media":2539,"template":"","meta":{"_acf_changed":false,"inline_featured_image":false,"site-sidebar-layout":"default","site-content-layout":"default","ast-site-content-layout":"default","site-content-style":"default","site-sidebar-style":"default","ast-global-header-display":"","ast-banner-title-visibility":"","ast-main-header-display":"","ast-hfb-above-header-display":"","ast-hfb-below-header-display":"","ast-hfb-mobile-header-display":"","site-post-title":"","ast-breadcrumbs-content":"","ast-featured-img":"","footer-sml-layout":"","ast-disable-related-posts":"","theme-transparent-header-meta":"default","adv-header-id-meta":"","stick-header-meta":"","header-above-stick-meta":"","header-main-stick-meta":"","header-below-stick-meta":"","astra-migrate-meta-layouts":"set","ast-page-background-enabled":"default","ast-page-background-meta":{"desktop":{"background-color":"","background-image":"","background-repeat":"repeat","background-position":"center center","background-size":"auto","background-attachment":"scroll","background-type":"","background-media":"","overlay-type":"","overlay-color":"","overlay-opacity":"","overlay-gradient":""},"tablet":{"background-color":"","background-image":"","background-repeat":"repeat","background-position":"center center","background-size":"auto","background-attachment":"scroll","background-type":"","background-media":"","overlay-type":"","overlay-color":"","overlay-opacity":"","overlay-gradient":""},"mobile":{"background-color":"","background-image":"","background-repeat":"repeat","background-position":"center center","background-size":"auto","background-attachment":"scroll","background-type":"","background-media":"","overlay-type":"","overlay-color":"","overlay-opacity":"","overlay-gradient":""}},"ast-content-background-meta":{"desktop":{"background-color":"var(--ast-global-color-5)","background-image":"","background-repeat":"repeat","background-position":"center center","background-size":"auto","background-attachment":"scroll","background-type":"","background-media":"","overlay-type":"","overlay-color":"","overlay-opacity":"","overlay-gradient":""},"tablet":{"background-color":"var(--ast-global-color-5)","background-image":"","background-repeat":"repeat","background-position":"center center","background-size":"auto","background-attachment":"scroll","background-type":"","background-media":"","overlay-type":"","overlay-color":"","overlay-opacity":"","overlay-gradient":""},"mobile":{"background-color":"var(--ast-global-color-5)","background-image":"","background-repeat":"repeat","background-position":"center center","background-size":"auto","background-attachment":"scroll","background-type":"","background-media":"","overlay-type":"","overlay-color":"","overlay-opacity":"","overlay-gradient":""}}},"product_brand":[],"product_cat":[66,47],"product_tag":[],"class_list":{"0":"post-2823","1":"product","2":"type-product","3":"status-publish","4":"has-post-thumbnail","6":"product_cat-spiritueux-a-base-dolive","7":"product_cat-tous-nos-produits","8":"desktop-align-left","9":"tablet-align-left","10":"mobile-align-left","12":"first","13":"instock","14":"taxable","15":"shipping-taxable","16":"purchasable","17":"product-type-simple"},"acf":[],"yoast_head":"<!-- This site is optimized with the Yoast SEO plugin v27.1.1 - https:\/\/yoast.com\/product\/yoast-seo-wordpress\/ -->\n<title>OLI\u2019VODKA L\u2019Olive Vodka - Manguin<\/title>\n<meta name=\"robots\" content=\"index, follow, max-snippet:-1, max-image-preview:large, max-video-preview:-1\" \/>\n<link rel=\"canonical\" href=\"https:\/\/manguin.com\/en\/product\/olivodka-70cl\/\" \/>\n<meta property=\"og:locale\" content=\"en_US\" \/>\n<meta property=\"og:type\" content=\"article\" \/>\n<meta property=\"og:title\" content=\"OLI\u2019VODKA L\u2019Olive Vodka - Manguin\" \/>\n<meta property=\"og:description\" content=\"70 cl \/ 42 %  \u2705 En stock \u2014 Livraison en 3 \u00e0 5 jours ouvr\u00e9s\" \/>\n<meta property=\"og:url\" content=\"https:\/\/manguin.com\/en\/product\/olivodka-70cl\/\" \/>\n<meta property=\"og:site_name\" content=\"Manguin\" \/>\n<meta property=\"article:modified_time\" content=\"2025-11-13T17:24:26+00:00\" \/>\n<meta property=\"og:image\" content=\"https:\/\/manguin.com\/wp-content\/uploads\/2021\/06\/Oli-Vodka.png\" \/>\n\t<meta property=\"og:image:width\" content=\"2000\" \/>\n\t<meta property=\"og:image:height\" content=\"2000\" \/>\n\t<meta property=\"og:image:type\" content=\"image\/png\" \/>\n<meta name=\"twitter:card\" content=\"summary_large_image\" \/>\n<meta name=\"twitter:label1\" content=\"Est. reading time\" \/>\n\t<meta name=\"twitter:data1\" content=\"1 minute\" \/>\n<script type=\"application\/ld+json\" class=\"yoast-schema-graph\">{\"@context\":\"https:\/\/schema.org\",\"@graph\":[{\"@type\":\"WebPage\",\"@id\":\"https:\/\/manguin.com\/produit\/olivodka-70cl\",\"url\":\"https:\/\/manguin.com\/produit\/olivodka-70cl\",\"name\":\"OLI\u2019VODKA L\u2019Olive Vodka - Manguin\",\"isPartOf\":{\"@id\":\"https:\/\/manguin.com\/en\/#website\"},\"primaryImageOfPage\":{\"@id\":\"https:\/\/manguin.com\/produit\/olivodka-70cl#primaryimage\"},\"image\":{\"@id\":\"https:\/\/manguin.com\/produit\/olivodka-70cl#primaryimage\"},\"thumbnailUrl\":\"https:\/\/manguin.com\/wp-content\/uploads\/2021\/06\/Oli-Vodka.png\",\"datePublished\":\"2021-06-23T12:44:12+00:00\",\"dateModified\":\"2025-11-13T17:24:26+00:00\",\"breadcrumb\":{\"@id\":\"https:\/\/manguin.com\/produit\/olivodka-70cl#breadcrumb\"},\"inLanguage\":\"en-US\",\"potentialAction\":[{\"@type\":\"ReadAction\",\"target\":[\"https:\/\/manguin.com\/produit\/olivodka-70cl\"]}]},{\"@type\":\"ImageObject\",\"inLanguage\":\"en-US\",\"@id\":\"https:\/\/manguin.com\/produit\/olivodka-70cl#primaryimage\",\"url\":\"https:\/\/manguin.com\/wp-content\/uploads\/2021\/06\/Oli-Vodka.png\",\"contentUrl\":\"https:\/\/manguin.com\/wp-content\/uploads\/2021\/06\/Oli-Vodka.png\",\"width\":2000,\"height\":2000},{\"@type\":\"BreadcrumbList\",\"@id\":\"https:\/\/manguin.com\/produit\/olivodka-70cl#breadcrumb\",\"itemListElement\":[{\"@type\":\"ListItem\",\"position\":1,\"name\":\"Accueil\",\"item\":\"https:\/\/manguin.com\/\"},{\"@type\":\"ListItem\",\"position\":2,\"name\":\"Boutique\",\"item\":\"https:\/\/manguin.com\/boutique\"},{\"@type\":\"ListItem\",\"position\":3,\"name\":\"OLI\u2019VODKA L\u2019Olive Vodka\"}]},{\"@type\":\"WebSite\",\"@id\":\"https:\/\/manguin.com\/en\/#website\",\"url\":\"https:\/\/manguin.com\/en\/\",\"name\":\"Manguin\",\"description\":\"\",\"publisher\":{\"@id\":\"https:\/\/manguin.com\/en\/#organization\"},\"potentialAction\":[{\"@type\":\"SearchAction\",\"target\":{\"@type\":\"EntryPoint\",\"urlTemplate\":\"https:\/\/manguin.com\/en\/?s={search_term_string}\"},\"query-input\":{\"@type\":\"PropertyValueSpecification\",\"valueRequired\":true,\"valueName\":\"search_term_string\"}}],\"inLanguage\":\"en-US\"},{\"@type\":\"Organization\",\"@id\":\"https:\/\/manguin.com\/en\/#organization\",\"name\":\"Manguin\",\"url\":\"https:\/\/manguin.com\/en\/\",\"logo\":{\"@type\":\"ImageObject\",\"inLanguage\":\"en-US\",\"@id\":\"https:\/\/manguin.com\/en\/#\/schema\/logo\/image\/\",\"url\":\"https:\/\/manguin.com\/wp-content\/uploads\/2020\/02\/Logo-Manguin-1.png\",\"contentUrl\":\"https:\/\/manguin.com\/wp-content\/uploads\/2020\/02\/Logo-Manguin-1.png\",\"width\":1553,\"height\":310,\"caption\":\"Manguin\"},\"image\":{\"@id\":\"https:\/\/manguin.com\/en\/#\/schema\/logo\/image\/\"}}]}<\/script>\n<!-- \/ Yoast SEO plugin. -->","yoast_head_json":{"title":"OLI\u2019VODKA L\u2019Olive Vodka - Manguin","robots":{"index":"index","follow":"follow","max-snippet":"max-snippet:-1","max-image-preview":"max-image-preview:large","max-video-preview":"max-video-preview:-1"},"canonical":"https:\/\/manguin.com\/en\/product\/olivodka-70cl\/","og_locale":"en_US","og_type":"article","og_title":"OLI\u2019VODKA L\u2019Olive Vodka - Manguin","og_description":"70 cl \/ 42 %  \u2705 En stock \u2014 Livraison en 3 \u00e0 5 jours ouvr\u00e9s","og_url":"https:\/\/manguin.com\/en\/product\/olivodka-70cl\/","og_site_name":"Manguin","article_modified_time":"2025-11-13T17:24:26+00:00","og_image":[{"width":2000,"height":2000,"url":"https:\/\/manguin.com\/wp-content\/uploads\/2021\/06\/Oli-Vodka.png","type":"image\/png"}],"twitter_card":"summary_large_image","twitter_misc":{"Est. reading time":"1 minute"},"schema":{"@context":"https:\/\/schema.org","@graph":[{"@type":"WebPage","@id":"https:\/\/manguin.com\/produit\/olivodka-70cl","url":"https:\/\/manguin.com\/produit\/olivodka-70cl","name":"OLI\u2019VODKA L\u2019Olive Vodka - Manguin","isPartOf":{"@id":"https:\/\/manguin.com\/en\/#website"},"primaryImageOfPage":{"@id":"https:\/\/manguin.com\/produit\/olivodka-70cl#primaryimage"},"image":{"@id":"https:\/\/manguin.com\/produit\/olivodka-70cl#primaryimage"},"thumbnailUrl":"https:\/\/manguin.com\/wp-content\/uploads\/2021\/06\/Oli-Vodka.png","datePublished":"2021-06-23T12:44:12+00:00","dateModified":"2025-11-13T17:24:26+00:00","breadcrumb":{"@id":"https:\/\/manguin.com\/produit\/olivodka-70cl#breadcrumb"},"inLanguage":"en-US","potentialAction":[{"@type":"ReadAction","target":["https:\/\/manguin.com\/produit\/olivodka-70cl"]}]},{"@type":"ImageObject","inLanguage":"en-US","@id":"https:\/\/manguin.com\/produit\/olivodka-70cl#primaryimage","url":"https:\/\/manguin.com\/wp-content\/uploads\/2021\/06\/Oli-Vodka.png","contentUrl":"https:\/\/manguin.com\/wp-content\/uploads\/2021\/06\/Oli-Vodka.png","width":2000,"height":2000},{"@type":"BreadcrumbList","@id":"https:\/\/manguin.com\/produit\/olivodka-70cl#breadcrumb","itemListElement":[{"@type":"ListItem","position":1,"name":"Accueil","item":"https:\/\/manguin.com\/"},{"@type":"ListItem","position":2,"name":"Boutique","item":"https:\/\/manguin.com\/boutique"},{"@type":"ListItem","position":3,"name":"OLI\u2019VODKA L\u2019Olive Vodka"}]},{"@type":"WebSite","@id":"https:\/\/manguin.com\/en\/#website","url":"https:\/\/manguin.com\/en\/","name":"Manguin","description":"","publisher":{"@id":"https:\/\/manguin.com\/en\/#organization"},"potentialAction":[{"@type":"SearchAction","target":{"@type":"EntryPoint","urlTemplate":"https:\/\/manguin.com\/en\/?s={search_term_string}"},"query-input":{"@type":"PropertyValueSpecification","valueRequired":true,"valueName":"search_term_string"}}],"inLanguage":"en-US"},{"@type":"Organization","@id":"https:\/\/manguin.com\/en\/#organization","name":"Manguin","url":"https:\/\/manguin.com\/en\/","logo":{"@type":"ImageObject","inLanguage":"en-US","@id":"https:\/\/manguin.com\/en\/#\/schema\/logo\/image\/","url":"https:\/\/manguin.com\/wp-content\/uploads\/2020\/02\/Logo-Manguin-1.png","contentUrl":"https:\/\/manguin.com\/wp-content\/uploads\/2020\/02\/Logo-Manguin-1.png","width":1553,"height":310,"caption":"Manguin"},"image":{"@id":"https:\/\/manguin.com\/en\/#\/schema\/logo\/image\/"}}]}},"_links":{"self":[{"href":"https:\/\/manguin.com\/en\/wp-json\/wp\/v2\/product\/2823","targetHints":{"allow":["GET"]}}],"collection":[{"href":"https:\/\/manguin.com\/en\/wp-json\/wp\/v2\/product"}],"about":[{"href":"https:\/\/manguin.com\/en\/wp-json\/wp\/v2\/types\/product"}],"wp:featuredmedia":[{"embeddable":true,"href":"https:\/\/manguin.com\/en\/wp-json\/wp\/v2\/media\/2539"}],"wp:attachment":[{"href":"https:\/\/manguin.com\/en\/wp-json\/wp\/v2\/media?parent=2823"}],"wp:term":[{"taxonomy":"product_brand","embeddable":true,"href":"https:\/\/manguin.com\/en\/wp-json\/wp\/v2\/product_brand?post=2823"},{"taxonomy":"product_cat","embeddable":true,"href":"https:\/\/manguin.com\/en\/wp-json\/wp\/v2\/product_cat?post=2823"},{"taxonomy":"product_tag","embeddable":true,"href":"https:\/\/manguin.com\/en\/wp-json\/wp\/v2\/product_tag?post=2823"}],"curies":[{"name":"wp","href":"https:\/\/api.w.org\/{rel}","templated":true}]}}