{"id":2803,"date":"2021-06-23T14:12:54","date_gmt":"2021-06-23T12:12:54","guid":{"rendered":"https:\/\/manguin.com\/?post_type=product&#038;p=2803"},"modified":"2025-11-13T17:37:26","modified_gmt":"2025-11-13T16:37:26","slug":"olistill-lolive-distillee-50cl","status":"publish","type":"product","link":"https:\/\/manguin.com\/en\/product\/olistill-lolive-distillee-50cl","title":{"rendered":"OLI\u2019STILL L\u2019Olive Distill\u00e9e"},"content":{"rendered":"<p><span class=\"lib couleur_violet\"><strong>Nom du produit :<\/strong> Oli&rsquo;Still &#8211; L&rsquo;Olive Distill\u00e9e<br \/>\n<strong>Contenance :<\/strong> 50<span class=\"val\">\u00a0cl<br \/>\n<\/span><\/span><span class=\"lib couleur_violet\"><strong>Volume d&rsquo;alcool :<\/strong> 40%<span class=\"val\"><span class=\"s1\">\u00a0vol<\/span><\/span><\/span><br \/>\n<strong>Prix au litre :<\/strong> 150.00<span class=\"val\">\u00a0\u20ac\/l<\/p>","protected":false},"excerpt":{"rendered":"<p><em><span class=\"val\">\u275d Distillation in an iron still and selection of the finest alcohol. Oli\u2019Still will sublime your cocktails and inspire your savoury and sweet recipes. Nose of truffle, finesse of black olive in the mouth.<\/span><\/em>\u00a0<em style=\"font-size: 16px;\">\u275e<\/em><\/p>\n<p><strong>\u275d A unique blend of French wheat and Provence olives. Nice balance of fresh wheat notes and tapenade coated with a subtle sweet\/salty\nsensation \u00abumami\u201d. Hints of green apples\nand fresh lemon zest.<\/strong><\/p>","protected":false},"featured_media":2537,"template":"","meta":{"_acf_changed":false,"inline_featured_image":false,"site-sidebar-layout":"default","site-content-layout":"default","ast-site-content-layout":"default","site-content-style":"default","site-sidebar-style":"default","ast-global-header-display":"","ast-banner-title-visibility":"","ast-main-header-display":"","ast-hfb-above-header-display":"","ast-hfb-below-header-display":"","ast-hfb-mobile-header-display":"","site-post-title":"","ast-breadcrumbs-content":"","ast-featured-img":"","footer-sml-layout":"","ast-disable-related-posts":"","theme-transparent-header-meta":"default","adv-header-id-meta":"","stick-header-meta":"","header-above-stick-meta":"","header-main-stick-meta":"","header-below-stick-meta":"","astra-migrate-meta-layouts":"set","ast-page-background-enabled":"default","ast-page-background-meta":{"desktop":{"background-color":"","background-image":"","background-repeat":"repeat","background-position":"center center","background-size":"auto","background-attachment":"scroll","background-type":"","background-media":"","overlay-type":"","overlay-color":"","overlay-opacity":"","overlay-gradient":""},"tablet":{"background-color":"","background-image":"","background-repeat":"repeat","background-position":"center center","background-size":"auto","background-attachment":"scroll","background-type":"","background-media":"","overlay-type":"","overlay-color":"","overlay-opacity":"","overlay-gradient":""},"mobile":{"background-color":"","background-image":"","background-repeat":"repeat","background-position":"center center","background-size":"auto","background-attachment":"scroll","background-type":"","background-media":"","overlay-type":"","overlay-color":"","overlay-opacity":"","overlay-gradient":""}},"ast-content-background-meta":{"desktop":{"background-color":"var(--ast-global-color-5)","background-image":"","background-repeat":"repeat","background-position":"center center","background-size":"auto","background-attachment":"scroll","background-type":"","background-media":"","overlay-type":"","overlay-color":"","overlay-opacity":"","overlay-gradient":""},"tablet":{"background-color":"var(--ast-global-color-5)","background-image":"","background-repeat":"repeat","background-position":"center center","background-size":"auto","background-attachment":"scroll","background-type":"","background-media":"","overlay-type":"","overlay-color":"","overlay-opacity":"","overlay-gradient":""},"mobile":{"background-color":"var(--ast-global-color-5)","background-image":"","background-repeat":"repeat","background-position":"center center","background-size":"auto","background-attachment":"scroll","background-type":"","background-media":"","overlay-type":"","overlay-color":"","overlay-opacity":"","overlay-gradient":""}}},"product_brand":[],"product_cat":[66,47],"product_tag":[],"class_list":{"0":"post-2803","1":"product","2":"type-product","3":"status-publish","4":"has-post-thumbnail","6":"product_cat-spiritueux-a-base-dolive","7":"product_cat-tous-nos-produits","8":"desktop-align-left","9":"tablet-align-left","10":"mobile-align-left","12":"first","13":"instock","14":"taxable","15":"shipping-taxable","16":"purchasable","17":"product-type-simple"},"acf":[],"yoast_head":"<!-- This site is optimized with the Yoast SEO plugin v27.1.1 - https:\/\/yoast.com\/product\/yoast-seo-wordpress\/ -->\n<title>OLI\u2019STILL L\u2019Olive Distill\u00e9e - Manguin<\/title>\n<meta name=\"robots\" content=\"index, follow, max-snippet:-1, max-image-preview:large, max-video-preview:-1\" \/>\n<link rel=\"canonical\" href=\"https:\/\/manguin.com\/en\/product\/olistill-lolive-distillee-50cl\/\" \/>\n<meta property=\"og:locale\" content=\"en_US\" \/>\n<meta property=\"og:type\" content=\"article\" \/>\n<meta property=\"og:title\" content=\"OLI\u2019STILL L\u2019Olive Distill\u00e9e - Manguin\" \/>\n<meta property=\"og:description\" content=\"\u275d Mac\u00e9ration lente de vari\u00e9t\u00e9s d\u2019olives cultiv\u00e9es en Provence. Distillation en alambic \u00e0 repasse et s\u00e9lection des alcools les plus fins. Oli\u2019Still sublime vos cocktails et inspire vos recettes sal\u00e9es comme sucr\u00e9es. Nez de truffe, finesse de l\u2019olive noire en bouche.\u00a0\u275e  \u2705 En stock \u2014 Livraison en 3 \u00e0 5 jours ouvr\u00e9s\" \/>\n<meta property=\"og:url\" content=\"https:\/\/manguin.com\/en\/product\/olistill-lolive-distillee-50cl\/\" \/>\n<meta property=\"og:site_name\" content=\"Manguin\" \/>\n<meta property=\"article:modified_time\" content=\"2025-11-13T16:37:26+00:00\" \/>\n<meta property=\"og:image\" content=\"https:\/\/manguin.com\/wp-content\/uploads\/2021\/06\/Oli-Still.png\" \/>\n\t<meta property=\"og:image:width\" content=\"2000\" \/>\n\t<meta property=\"og:image:height\" content=\"2000\" \/>\n\t<meta property=\"og:image:type\" content=\"image\/png\" \/>\n<meta name=\"twitter:card\" content=\"summary_large_image\" \/>\n<meta name=\"twitter:label1\" content=\"Est. reading time\" \/>\n\t<meta name=\"twitter:data1\" content=\"1 minute\" \/>\n<script type=\"application\/ld+json\" class=\"yoast-schema-graph\">{\"@context\":\"https:\/\/schema.org\",\"@graph\":[{\"@type\":\"WebPage\",\"@id\":\"https:\/\/manguin.com\/produit\/olistill-lolive-distillee-50cl\",\"url\":\"https:\/\/manguin.com\/produit\/olistill-lolive-distillee-50cl\",\"name\":\"OLI\u2019STILL L\u2019Olive Distill\u00e9e - Manguin\",\"isPartOf\":{\"@id\":\"https:\/\/manguin.com\/en\/#website\"},\"primaryImageOfPage\":{\"@id\":\"https:\/\/manguin.com\/produit\/olistill-lolive-distillee-50cl#primaryimage\"},\"image\":{\"@id\":\"https:\/\/manguin.com\/produit\/olistill-lolive-distillee-50cl#primaryimage\"},\"thumbnailUrl\":\"https:\/\/manguin.com\/wp-content\/uploads\/2021\/06\/Oli-Still.png\",\"datePublished\":\"2021-06-23T12:12:54+00:00\",\"dateModified\":\"2025-11-13T16:37:26+00:00\",\"breadcrumb\":{\"@id\":\"https:\/\/manguin.com\/produit\/olistill-lolive-distillee-50cl#breadcrumb\"},\"inLanguage\":\"en-US\",\"potentialAction\":[{\"@type\":\"ReadAction\",\"target\":[\"https:\/\/manguin.com\/produit\/olistill-lolive-distillee-50cl\"]}]},{\"@type\":\"ImageObject\",\"inLanguage\":\"en-US\",\"@id\":\"https:\/\/manguin.com\/produit\/olistill-lolive-distillee-50cl#primaryimage\",\"url\":\"https:\/\/manguin.com\/wp-content\/uploads\/2021\/06\/Oli-Still.png\",\"contentUrl\":\"https:\/\/manguin.com\/wp-content\/uploads\/2021\/06\/Oli-Still.png\",\"width\":2000,\"height\":2000},{\"@type\":\"BreadcrumbList\",\"@id\":\"https:\/\/manguin.com\/produit\/olistill-lolive-distillee-50cl#breadcrumb\",\"itemListElement\":[{\"@type\":\"ListItem\",\"position\":1,\"name\":\"Accueil\",\"item\":\"https:\/\/manguin.com\/\"},{\"@type\":\"ListItem\",\"position\":2,\"name\":\"Boutique\",\"item\":\"https:\/\/manguin.com\/boutique\"},{\"@type\":\"ListItem\",\"position\":3,\"name\":\"OLI\u2019STILL L\u2019Olive Distill\u00e9e\"}]},{\"@type\":\"WebSite\",\"@id\":\"https:\/\/manguin.com\/en\/#website\",\"url\":\"https:\/\/manguin.com\/en\/\",\"name\":\"Manguin\",\"description\":\"\",\"publisher\":{\"@id\":\"https:\/\/manguin.com\/en\/#organization\"},\"potentialAction\":[{\"@type\":\"SearchAction\",\"target\":{\"@type\":\"EntryPoint\",\"urlTemplate\":\"https:\/\/manguin.com\/en\/?s={search_term_string}\"},\"query-input\":{\"@type\":\"PropertyValueSpecification\",\"valueRequired\":true,\"valueName\":\"search_term_string\"}}],\"inLanguage\":\"en-US\"},{\"@type\":\"Organization\",\"@id\":\"https:\/\/manguin.com\/en\/#organization\",\"name\":\"Manguin\",\"url\":\"https:\/\/manguin.com\/en\/\",\"logo\":{\"@type\":\"ImageObject\",\"inLanguage\":\"en-US\",\"@id\":\"https:\/\/manguin.com\/en\/#\/schema\/logo\/image\/\",\"url\":\"https:\/\/manguin.com\/wp-content\/uploads\/2020\/02\/Logo-Manguin-1.png\",\"contentUrl\":\"https:\/\/manguin.com\/wp-content\/uploads\/2020\/02\/Logo-Manguin-1.png\",\"width\":1553,\"height\":310,\"caption\":\"Manguin\"},\"image\":{\"@id\":\"https:\/\/manguin.com\/en\/#\/schema\/logo\/image\/\"}}]}<\/script>\n<!-- \/ Yoast SEO plugin. -->","yoast_head_json":{"title":"OLI\u2019STILL L\u2019Olive Distill\u00e9e - Manguin","robots":{"index":"index","follow":"follow","max-snippet":"max-snippet:-1","max-image-preview":"max-image-preview:large","max-video-preview":"max-video-preview:-1"},"canonical":"https:\/\/manguin.com\/en\/product\/olistill-lolive-distillee-50cl\/","og_locale":"en_US","og_type":"article","og_title":"OLI\u2019STILL L\u2019Olive Distill\u00e9e - Manguin","og_description":"\u275d Mac\u00e9ration lente de vari\u00e9t\u00e9s d\u2019olives cultiv\u00e9es en Provence. Distillation en alambic \u00e0 repasse et s\u00e9lection des alcools les plus fins. Oli\u2019Still sublime vos cocktails et inspire vos recettes sal\u00e9es comme sucr\u00e9es. Nez de truffe, finesse de l\u2019olive noire en bouche.\u00a0\u275e  \u2705 En stock \u2014 Livraison en 3 \u00e0 5 jours ouvr\u00e9s","og_url":"https:\/\/manguin.com\/en\/product\/olistill-lolive-distillee-50cl\/","og_site_name":"Manguin","article_modified_time":"2025-11-13T16:37:26+00:00","og_image":[{"width":2000,"height":2000,"url":"https:\/\/manguin.com\/wp-content\/uploads\/2021\/06\/Oli-Still.png","type":"image\/png"}],"twitter_card":"summary_large_image","twitter_misc":{"Est. reading time":"1 minute"},"schema":{"@context":"https:\/\/schema.org","@graph":[{"@type":"WebPage","@id":"https:\/\/manguin.com\/produit\/olistill-lolive-distillee-50cl","url":"https:\/\/manguin.com\/produit\/olistill-lolive-distillee-50cl","name":"OLI\u2019STILL L\u2019Olive Distill\u00e9e - Manguin","isPartOf":{"@id":"https:\/\/manguin.com\/en\/#website"},"primaryImageOfPage":{"@id":"https:\/\/manguin.com\/produit\/olistill-lolive-distillee-50cl#primaryimage"},"image":{"@id":"https:\/\/manguin.com\/produit\/olistill-lolive-distillee-50cl#primaryimage"},"thumbnailUrl":"https:\/\/manguin.com\/wp-content\/uploads\/2021\/06\/Oli-Still.png","datePublished":"2021-06-23T12:12:54+00:00","dateModified":"2025-11-13T16:37:26+00:00","breadcrumb":{"@id":"https:\/\/manguin.com\/produit\/olistill-lolive-distillee-50cl#breadcrumb"},"inLanguage":"en-US","potentialAction":[{"@type":"ReadAction","target":["https:\/\/manguin.com\/produit\/olistill-lolive-distillee-50cl"]}]},{"@type":"ImageObject","inLanguage":"en-US","@id":"https:\/\/manguin.com\/produit\/olistill-lolive-distillee-50cl#primaryimage","url":"https:\/\/manguin.com\/wp-content\/uploads\/2021\/06\/Oli-Still.png","contentUrl":"https:\/\/manguin.com\/wp-content\/uploads\/2021\/06\/Oli-Still.png","width":2000,"height":2000},{"@type":"BreadcrumbList","@id":"https:\/\/manguin.com\/produit\/olistill-lolive-distillee-50cl#breadcrumb","itemListElement":[{"@type":"ListItem","position":1,"name":"Accueil","item":"https:\/\/manguin.com\/"},{"@type":"ListItem","position":2,"name":"Boutique","item":"https:\/\/manguin.com\/boutique"},{"@type":"ListItem","position":3,"name":"OLI\u2019STILL L\u2019Olive Distill\u00e9e"}]},{"@type":"WebSite","@id":"https:\/\/manguin.com\/en\/#website","url":"https:\/\/manguin.com\/en\/","name":"Manguin","description":"","publisher":{"@id":"https:\/\/manguin.com\/en\/#organization"},"potentialAction":[{"@type":"SearchAction","target":{"@type":"EntryPoint","urlTemplate":"https:\/\/manguin.com\/en\/?s={search_term_string}"},"query-input":{"@type":"PropertyValueSpecification","valueRequired":true,"valueName":"search_term_string"}}],"inLanguage":"en-US"},{"@type":"Organization","@id":"https:\/\/manguin.com\/en\/#organization","name":"Manguin","url":"https:\/\/manguin.com\/en\/","logo":{"@type":"ImageObject","inLanguage":"en-US","@id":"https:\/\/manguin.com\/en\/#\/schema\/logo\/image\/","url":"https:\/\/manguin.com\/wp-content\/uploads\/2020\/02\/Logo-Manguin-1.png","contentUrl":"https:\/\/manguin.com\/wp-content\/uploads\/2020\/02\/Logo-Manguin-1.png","width":1553,"height":310,"caption":"Manguin"},"image":{"@id":"https:\/\/manguin.com\/en\/#\/schema\/logo\/image\/"}}]}},"_links":{"self":[{"href":"https:\/\/manguin.com\/en\/wp-json\/wp\/v2\/product\/2803","targetHints":{"allow":["GET"]}}],"collection":[{"href":"https:\/\/manguin.com\/en\/wp-json\/wp\/v2\/product"}],"about":[{"href":"https:\/\/manguin.com\/en\/wp-json\/wp\/v2\/types\/product"}],"wp:featuredmedia":[{"embeddable":true,"href":"https:\/\/manguin.com\/en\/wp-json\/wp\/v2\/media\/2537"}],"wp:attachment":[{"href":"https:\/\/manguin.com\/en\/wp-json\/wp\/v2\/media?parent=2803"}],"wp:term":[{"taxonomy":"product_brand","embeddable":true,"href":"https:\/\/manguin.com\/en\/wp-json\/wp\/v2\/product_brand?post=2803"},{"taxonomy":"product_cat","embeddable":true,"href":"https:\/\/manguin.com\/en\/wp-json\/wp\/v2\/product_cat?post=2803"},{"taxonomy":"product_tag","embeddable":true,"href":"https:\/\/manguin.com\/en\/wp-json\/wp\/v2\/product_tag?post=2803"}],"curies":[{"name":"wp","href":"https:\/\/api.w.org\/{rel}","templated":true}]}}