{"id":2766,"date":"2021-06-23T12:37:47","date_gmt":"2021-06-23T10:37:47","guid":{"rendered":"https:\/\/manguin.com\/?post_type=product&#038;p=2766"},"modified":"2025-11-13T17:58:54","modified_gmt":"2025-11-13T16:58:54","slug":"liqueur-de-mandarine-50cl","status":"publish","type":"product","link":"https:\/\/manguin.com\/en\/product\/liqueur-de-mandarine-50cl","title":{"rendered":"MANDARINE"},"content":{"rendered":"<p><span class=\"lib couleur_violet\"><strong>Nom du produit :<\/strong> Liqueur de Mandarine<br \/>\n<strong>Contenance :<\/strong> 5<span class=\"val\">0 cl<br \/>\n<\/span><\/span><span class=\"lib couleur_violet\"><strong>Volume d&rsquo;alcool :<\/strong> <span class=\"val\"><span class=\"s1\">40% vol<\/span><\/span><\/span><br \/>\n<span class=\"lib couleur_violet\"><span class=\"val\"><span class=\"s1\"><strong>Saveur :<\/strong> Mandarine<\/span><\/span><\/span><br \/>\n<strong>Prix au litre :<\/strong> 76.00<span class=\"val\">\u00a0\u20ac\/l<\/p>","protected":false},"excerpt":{"rendered":"<p><em><span class=\"val\">Rigorous selection of terroir fruits, slow fermentation, double pass in Charentais stills, quintessence and subtlety of aromas. <\/span><span style=\"font-size: 16px;\">\u275d Slow maceration of Mediterranean fruits just filtered and subtly sweetened : sweet bitterness and intense flavour.<\/span>\u275e<\/em><\/p>\n<p><strong>\u275d A unique blend of French wheat and Provence olives. Nice balance of fresh wheat notes and tapenade coated with a subtle sweet\/salty\nsensation \u00abumami\u201d. Hints of green apples\nand fresh lemon zest.<\/strong><\/p>","protected":false},"featured_media":2531,"template":"","meta":{"_acf_changed":false,"inline_featured_image":false,"site-sidebar-layout":"default","site-content-layout":"default","ast-site-content-layout":"default","site-content-style":"default","site-sidebar-style":"default","ast-global-header-display":"","ast-banner-title-visibility":"","ast-main-header-display":"","ast-hfb-above-header-display":"","ast-hfb-below-header-display":"","ast-hfb-mobile-header-display":"","site-post-title":"","ast-breadcrumbs-content":"","ast-featured-img":"","footer-sml-layout":"","ast-disable-related-posts":"","theme-transparent-header-meta":"default","adv-header-id-meta":"","stick-header-meta":"","header-above-stick-meta":"","header-main-stick-meta":"","header-below-stick-meta":"","astra-migrate-meta-layouts":"set","ast-page-background-enabled":"default","ast-page-background-meta":{"desktop":{"background-color":"","background-image":"","background-repeat":"repeat","background-position":"center center","background-size":"auto","background-attachment":"scroll","background-type":"","background-media":"","overlay-type":"","overlay-color":"","overlay-opacity":"","overlay-gradient":""},"tablet":{"background-color":"","background-image":"","background-repeat":"repeat","background-position":"center center","background-size":"auto","background-attachment":"scroll","background-type":"","background-media":"","overlay-type":"","overlay-color":"","overlay-opacity":"","overlay-gradient":""},"mobile":{"background-color":"","background-image":"","background-repeat":"repeat","background-position":"center center","background-size":"auto","background-attachment":"scroll","background-type":"","background-media":"","overlay-type":"","overlay-color":"","overlay-opacity":"","overlay-gradient":""}},"ast-content-background-meta":{"desktop":{"background-color":"var(--ast-global-color-5)","background-image":"","background-repeat":"repeat","background-position":"center center","background-size":"auto","background-attachment":"scroll","background-type":"","background-media":"","overlay-type":"","overlay-color":"","overlay-opacity":"","overlay-gradient":""},"tablet":{"background-color":"var(--ast-global-color-5)","background-image":"","background-repeat":"repeat","background-position":"center center","background-size":"auto","background-attachment":"scroll","background-type":"","background-media":"","overlay-type":"","overlay-color":"","overlay-opacity":"","overlay-gradient":""},"mobile":{"background-color":"var(--ast-global-color-5)","background-image":"","background-repeat":"repeat","background-position":"center center","background-size":"auto","background-attachment":"scroll","background-type":"","background-media":"","overlay-type":"","overlay-color":"","overlay-opacity":"","overlay-gradient":""}}},"product_brand":[],"product_cat":[50,47],"product_tag":[],"class_list":{"0":"post-2766","1":"product","2":"type-product","3":"status-publish","4":"has-post-thumbnail","6":"product_cat-liqueurs-de-fruits","7":"product_cat-tous-nos-produits","8":"desktop-align-left","9":"tablet-align-left","10":"mobile-align-left","12":"first","13":"instock","14":"taxable","15":"shipping-taxable","16":"purchasable","17":"product-type-simple"},"acf":[],"yoast_head":"<!-- This site is optimized with the Yoast SEO plugin v27.5 - https:\/\/yoast.com\/product\/yoast-seo-wordpress\/ -->\n<title>MANDARINE - Manguin<\/title>\n<meta name=\"robots\" content=\"index, follow, max-snippet:-1, max-image-preview:large, max-video-preview:-1\" \/>\n<link rel=\"canonical\" href=\"https:\/\/manguin.com\/en\/product\/liqueur-de-mandarine-50cl\/\" \/>\n<meta property=\"og:locale\" content=\"en_US\" \/>\n<meta property=\"og:type\" content=\"article\" \/>\n<meta property=\"og:title\" content=\"MANDARINE - Manguin\" \/>\n<meta property=\"og:description\" content=\"\u275d Une gorg\u00e9e de liqueur de Mandarine Manguin est une voluptueuse sensation fruit\u00e9e \u00e0 la subtile amertume en bouche. Sublime en kir royal et comme aide culinaire.\u275e  \u2705 En stock \u2014 Livraison en 3 \u00e0 5 jours ouvr\u00e9s\" \/>\n<meta property=\"og:url\" content=\"https:\/\/manguin.com\/en\/product\/liqueur-de-mandarine-50cl\/\" \/>\n<meta property=\"og:site_name\" content=\"Manguin\" \/>\n<meta property=\"article:modified_time\" content=\"2025-11-13T16:58:54+00:00\" \/>\n<meta property=\"og:image\" content=\"https:\/\/manguin.com\/wp-content\/uploads\/2021\/06\/Liqueur-de-mandarine.png\" \/>\n\t<meta property=\"og:image:width\" content=\"2000\" \/>\n\t<meta property=\"og:image:height\" content=\"2000\" \/>\n\t<meta property=\"og:image:type\" content=\"image\/png\" \/>\n<meta name=\"twitter:card\" content=\"summary_large_image\" \/>\n<meta name=\"twitter:label1\" content=\"Est. reading time\" \/>\n\t<meta name=\"twitter:data1\" content=\"1 minute\" \/>\n<script type=\"application\/ld+json\" class=\"yoast-schema-graph\">{\"@context\":\"https:\\\/\\\/schema.org\",\"@graph\":[{\"@type\":\"WebPage\",\"@id\":\"https:\\\/\\\/manguin.com\\\/produit\\\/liqueur-de-mandarine-50cl\",\"url\":\"https:\\\/\\\/manguin.com\\\/produit\\\/liqueur-de-mandarine-50cl\",\"name\":\"MANDARINE - Manguin\",\"isPartOf\":{\"@id\":\"https:\\\/\\\/manguin.com\\\/en\\\/#website\"},\"primaryImageOfPage\":{\"@id\":\"https:\\\/\\\/manguin.com\\\/produit\\\/liqueur-de-mandarine-50cl#primaryimage\"},\"image\":{\"@id\":\"https:\\\/\\\/manguin.com\\\/produit\\\/liqueur-de-mandarine-50cl#primaryimage\"},\"thumbnailUrl\":\"https:\\\/\\\/manguin.com\\\/wp-content\\\/uploads\\\/2021\\\/06\\\/Liqueur-de-mandarine.png\",\"datePublished\":\"2021-06-23T10:37:47+00:00\",\"dateModified\":\"2025-11-13T16:58:54+00:00\",\"breadcrumb\":{\"@id\":\"https:\\\/\\\/manguin.com\\\/produit\\\/liqueur-de-mandarine-50cl#breadcrumb\"},\"inLanguage\":\"en-US\",\"potentialAction\":[{\"@type\":\"ReadAction\",\"target\":[\"https:\\\/\\\/manguin.com\\\/produit\\\/liqueur-de-mandarine-50cl\"]}]},{\"@type\":\"ImageObject\",\"inLanguage\":\"en-US\",\"@id\":\"https:\\\/\\\/manguin.com\\\/produit\\\/liqueur-de-mandarine-50cl#primaryimage\",\"url\":\"https:\\\/\\\/manguin.com\\\/wp-content\\\/uploads\\\/2021\\\/06\\\/Liqueur-de-mandarine.png\",\"contentUrl\":\"https:\\\/\\\/manguin.com\\\/wp-content\\\/uploads\\\/2021\\\/06\\\/Liqueur-de-mandarine.png\",\"width\":2000,\"height\":2000},{\"@type\":\"BreadcrumbList\",\"@id\":\"https:\\\/\\\/manguin.com\\\/produit\\\/liqueur-de-mandarine-50cl#breadcrumb\",\"itemListElement\":[{\"@type\":\"ListItem\",\"position\":1,\"name\":\"Accueil\",\"item\":\"https:\\\/\\\/manguin.com\\\/\"},{\"@type\":\"ListItem\",\"position\":2,\"name\":\"Boutique\",\"item\":\"https:\\\/\\\/manguin.com\\\/boutique\"},{\"@type\":\"ListItem\",\"position\":3,\"name\":\"MANDARINE\"}]},{\"@type\":\"WebSite\",\"@id\":\"https:\\\/\\\/manguin.com\\\/en\\\/#website\",\"url\":\"https:\\\/\\\/manguin.com\\\/en\\\/\",\"name\":\"Manguin\",\"description\":\"\",\"publisher\":{\"@id\":\"https:\\\/\\\/manguin.com\\\/en\\\/#organization\"},\"potentialAction\":[{\"@type\":\"SearchAction\",\"target\":{\"@type\":\"EntryPoint\",\"urlTemplate\":\"https:\\\/\\\/manguin.com\\\/en\\\/?s={search_term_string}\"},\"query-input\":{\"@type\":\"PropertyValueSpecification\",\"valueRequired\":true,\"valueName\":\"search_term_string\"}}],\"inLanguage\":\"en-US\"},{\"@type\":\"Organization\",\"@id\":\"https:\\\/\\\/manguin.com\\\/en\\\/#organization\",\"name\":\"Manguin\",\"url\":\"https:\\\/\\\/manguin.com\\\/en\\\/\",\"logo\":{\"@type\":\"ImageObject\",\"inLanguage\":\"en-US\",\"@id\":\"https:\\\/\\\/manguin.com\\\/en\\\/#\\\/schema\\\/logo\\\/image\\\/\",\"url\":\"https:\\\/\\\/manguin.com\\\/wp-content\\\/uploads\\\/2020\\\/02\\\/Logo-Manguin-1.png\",\"contentUrl\":\"https:\\\/\\\/manguin.com\\\/wp-content\\\/uploads\\\/2020\\\/02\\\/Logo-Manguin-1.png\",\"width\":1553,\"height\":310,\"caption\":\"Manguin\"},\"image\":{\"@id\":\"https:\\\/\\\/manguin.com\\\/en\\\/#\\\/schema\\\/logo\\\/image\\\/\"}}]}<\/script>\n<!-- \/ Yoast SEO plugin. -->","yoast_head_json":{"title":"MANDARINE - Manguin","robots":{"index":"index","follow":"follow","max-snippet":"max-snippet:-1","max-image-preview":"max-image-preview:large","max-video-preview":"max-video-preview:-1"},"canonical":"https:\/\/manguin.com\/en\/product\/liqueur-de-mandarine-50cl\/","og_locale":"en_US","og_type":"article","og_title":"MANDARINE - Manguin","og_description":"\u275d Une gorg\u00e9e de liqueur de Mandarine Manguin est une voluptueuse sensation fruit\u00e9e \u00e0 la subtile amertume en bouche. Sublime en kir royal et comme aide culinaire.\u275e  \u2705 En stock \u2014 Livraison en 3 \u00e0 5 jours ouvr\u00e9s","og_url":"https:\/\/manguin.com\/en\/product\/liqueur-de-mandarine-50cl\/","og_site_name":"Manguin","article_modified_time":"2025-11-13T16:58:54+00:00","og_image":[{"width":2000,"height":2000,"url":"https:\/\/manguin.com\/wp-content\/uploads\/2021\/06\/Liqueur-de-mandarine.png","type":"image\/png"}],"twitter_card":"summary_large_image","twitter_misc":{"Est. reading time":"1 minute"},"schema":{"@context":"https:\/\/schema.org","@graph":[{"@type":"WebPage","@id":"https:\/\/manguin.com\/produit\/liqueur-de-mandarine-50cl","url":"https:\/\/manguin.com\/produit\/liqueur-de-mandarine-50cl","name":"MANDARINE - Manguin","isPartOf":{"@id":"https:\/\/manguin.com\/en\/#website"},"primaryImageOfPage":{"@id":"https:\/\/manguin.com\/produit\/liqueur-de-mandarine-50cl#primaryimage"},"image":{"@id":"https:\/\/manguin.com\/produit\/liqueur-de-mandarine-50cl#primaryimage"},"thumbnailUrl":"https:\/\/manguin.com\/wp-content\/uploads\/2021\/06\/Liqueur-de-mandarine.png","datePublished":"2021-06-23T10:37:47+00:00","dateModified":"2025-11-13T16:58:54+00:00","breadcrumb":{"@id":"https:\/\/manguin.com\/produit\/liqueur-de-mandarine-50cl#breadcrumb"},"inLanguage":"en-US","potentialAction":[{"@type":"ReadAction","target":["https:\/\/manguin.com\/produit\/liqueur-de-mandarine-50cl"]}]},{"@type":"ImageObject","inLanguage":"en-US","@id":"https:\/\/manguin.com\/produit\/liqueur-de-mandarine-50cl#primaryimage","url":"https:\/\/manguin.com\/wp-content\/uploads\/2021\/06\/Liqueur-de-mandarine.png","contentUrl":"https:\/\/manguin.com\/wp-content\/uploads\/2021\/06\/Liqueur-de-mandarine.png","width":2000,"height":2000},{"@type":"BreadcrumbList","@id":"https:\/\/manguin.com\/produit\/liqueur-de-mandarine-50cl#breadcrumb","itemListElement":[{"@type":"ListItem","position":1,"name":"Accueil","item":"https:\/\/manguin.com\/"},{"@type":"ListItem","position":2,"name":"Boutique","item":"https:\/\/manguin.com\/boutique"},{"@type":"ListItem","position":3,"name":"MANDARINE"}]},{"@type":"WebSite","@id":"https:\/\/manguin.com\/en\/#website","url":"https:\/\/manguin.com\/en\/","name":"Manguin","description":"","publisher":{"@id":"https:\/\/manguin.com\/en\/#organization"},"potentialAction":[{"@type":"SearchAction","target":{"@type":"EntryPoint","urlTemplate":"https:\/\/manguin.com\/en\/?s={search_term_string}"},"query-input":{"@type":"PropertyValueSpecification","valueRequired":true,"valueName":"search_term_string"}}],"inLanguage":"en-US"},{"@type":"Organization","@id":"https:\/\/manguin.com\/en\/#organization","name":"Manguin","url":"https:\/\/manguin.com\/en\/","logo":{"@type":"ImageObject","inLanguage":"en-US","@id":"https:\/\/manguin.com\/en\/#\/schema\/logo\/image\/","url":"https:\/\/manguin.com\/wp-content\/uploads\/2020\/02\/Logo-Manguin-1.png","contentUrl":"https:\/\/manguin.com\/wp-content\/uploads\/2020\/02\/Logo-Manguin-1.png","width":1553,"height":310,"caption":"Manguin"},"image":{"@id":"https:\/\/manguin.com\/en\/#\/schema\/logo\/image\/"}}]}},"_links":{"self":[{"href":"https:\/\/manguin.com\/en\/wp-json\/wp\/v2\/product\/2766","targetHints":{"allow":["GET"]}}],"collection":[{"href":"https:\/\/manguin.com\/en\/wp-json\/wp\/v2\/product"}],"about":[{"href":"https:\/\/manguin.com\/en\/wp-json\/wp\/v2\/types\/product"}],"wp:featuredmedia":[{"embeddable":true,"href":"https:\/\/manguin.com\/en\/wp-json\/wp\/v2\/media\/2531"}],"wp:attachment":[{"href":"https:\/\/manguin.com\/en\/wp-json\/wp\/v2\/media?parent=2766"}],"wp:term":[{"taxonomy":"product_brand","embeddable":true,"href":"https:\/\/manguin.com\/en\/wp-json\/wp\/v2\/product_brand?post=2766"},{"taxonomy":"product_cat","embeddable":true,"href":"https:\/\/manguin.com\/en\/wp-json\/wp\/v2\/product_cat?post=2766"},{"taxonomy":"product_tag","embeddable":true,"href":"https:\/\/manguin.com\/en\/wp-json\/wp\/v2\/product_tag?post=2766"}],"curies":[{"name":"wp","href":"https:\/\/api.w.org\/{rel}","templated":true}]}}