{"id":2733,"date":"2021-06-23T12:01:34","date_gmt":"2021-06-23T10:01:34","guid":{"rendered":"https:\/\/manguin.com\/?post_type=product&#038;p=2733"},"modified":"2025-11-13T17:56:44","modified_gmt":"2025-11-13T16:56:44","slug":"la-perine-fruite-de-poires-williams-70cl","status":"publish","type":"product","link":"https:\/\/manguin.com\/en\/product\/la-perine-fruite-de-poires-williams-70cl","title":{"rendered":"La P\u00e9rine, Fruit\u00e9 de Poire Williams &#8211; 70cl"},"content":{"rendered":"<p><span class=\"lib couleur_violet\"><strong>Nom du produit :<\/strong> La P\u00e9rine, Fruit\u00e9 de Poires Williams<br \/>\n<strong>Contenance :<\/strong> 7<span class=\"val\">0 cl<br \/>\n<\/span><\/span><span class=\"lib couleur_violet\"><strong>Volume d&rsquo;alcool :<\/strong> 16<span class=\"val\"><span class=\"s1\">% vol<\/span><\/span><\/span><br \/>\n<strong>Prix au litre :<\/strong> 34.29<span class=\"val\">\u00a0\u20ac\/l<\/p>","protected":false},"excerpt":{"rendered":"<p><span class=\"val\"><em>\u275dAperitif with the flavours of Provence: freshness and roundness to be drunk chilled, on ice, or as a long drink with sparkling water, sparkling wine or even champagne.\u275e<\/em><\/span><\/p>\n<p><strong>\u275d A unique blend of French wheat and Provence olives. Nice balance of fresh wheat notes and tapenade coated with a subtle sweet\/salty\nsensation \u00abumami\u201d. Hints of green apples\nand fresh lemon zest.<\/strong><\/p>","protected":false},"featured_media":6670,"template":"","meta":{"_acf_changed":false,"inline_featured_image":false,"site-sidebar-layout":"default","site-content-layout":"default","ast-site-content-layout":"default","site-content-style":"default","site-sidebar-style":"default","ast-global-header-display":"","ast-banner-title-visibility":"","ast-main-header-display":"","ast-hfb-above-header-display":"","ast-hfb-below-header-display":"","ast-hfb-mobile-header-display":"","site-post-title":"","ast-breadcrumbs-content":"","ast-featured-img":"","footer-sml-layout":"","ast-disable-related-posts":"","theme-transparent-header-meta":"default","adv-header-id-meta":"","stick-header-meta":"","header-above-stick-meta":"","header-main-stick-meta":"","header-below-stick-meta":"","astra-migrate-meta-layouts":"set","ast-page-background-enabled":"default","ast-page-background-meta":{"desktop":{"background-color":"","background-image":"","background-repeat":"repeat","background-position":"center center","background-size":"auto","background-attachment":"scroll","background-type":"","background-media":"","overlay-type":"","overlay-color":"","overlay-opacity":"","overlay-gradient":""},"tablet":{"background-color":"","background-image":"","background-repeat":"repeat","background-position":"center center","background-size":"auto","background-attachment":"scroll","background-type":"","background-media":"","overlay-type":"","overlay-color":"","overlay-opacity":"","overlay-gradient":""},"mobile":{"background-color":"","background-image":"","background-repeat":"repeat","background-position":"center center","background-size":"auto","background-attachment":"scroll","background-type":"","background-media":"","overlay-type":"","overlay-color":"","overlay-opacity":"","overlay-gradient":""}},"ast-content-background-meta":{"desktop":{"background-color":"var(--ast-global-color-5)","background-image":"","background-repeat":"repeat","background-position":"center center","background-size":"auto","background-attachment":"scroll","background-type":"","background-media":"","overlay-type":"","overlay-color":"","overlay-opacity":"","overlay-gradient":""},"tablet":{"background-color":"var(--ast-global-color-5)","background-image":"","background-repeat":"repeat","background-position":"center center","background-size":"auto","background-attachment":"scroll","background-type":"","background-media":"","overlay-type":"","overlay-color":"","overlay-opacity":"","overlay-gradient":""},"mobile":{"background-color":"var(--ast-global-color-5)","background-image":"","background-repeat":"repeat","background-position":"center center","background-size":"auto","background-attachment":"scroll","background-type":"","background-media":"","overlay-type":"","overlay-color":"","overlay-opacity":"","overlay-gradient":""}}},"product_brand":[],"product_cat":[49,47],"product_tag":[],"class_list":{"0":"post-2733","1":"product","2":"type-product","3":"status-publish","4":"has-post-thumbnail","6":"product_cat-eaux-de-vie","7":"product_cat-tous-nos-produits","8":"desktop-align-left","9":"tablet-align-left","10":"mobile-align-left","12":"first","13":"instock","14":"taxable","15":"shipping-taxable","16":"purchasable","17":"product-type-simple"},"acf":[],"yoast_head":"<!-- This site is optimized with the Yoast SEO plugin v27.1.1 - https:\/\/yoast.com\/product\/yoast-seo-wordpress\/ -->\n<title>La P\u00e9rine, Fruit\u00e9 de Poire Williams - 70cl - Manguin<\/title>\n<meta name=\"robots\" content=\"index, follow, max-snippet:-1, max-image-preview:large, max-video-preview:-1\" \/>\n<link rel=\"canonical\" href=\"https:\/\/manguin.com\/en\/product\/la-perine-fruite-de-poires-williams-70cl\/\" \/>\n<meta property=\"og:locale\" content=\"en_US\" \/>\n<meta property=\"og:type\" content=\"article\" \/>\n<meta property=\"og:title\" content=\"La P\u00e9rine, Fruit\u00e9 de Poire Williams - 70cl - Manguin\" \/>\n<meta property=\"og:description\" content=\"\u275d La Poire Manguin en ap\u00e9ritif (nature ou en kir royal) \u00e0 consommer frais \u00e9galement en accompagnement de mets : foie gras, fromages de ch\u00eavre et bleus, desserts et chocolats : subtile et fruit\u00e9e. \u275e  \u2705 En stock \u2014 Livraison en 3 \u00e0 5 jours ouvr\u00e9s\" \/>\n<meta property=\"og:url\" content=\"https:\/\/manguin.com\/en\/product\/la-perine-fruite-de-poires-williams-70cl\/\" \/>\n<meta property=\"og:site_name\" content=\"Manguin\" \/>\n<meta property=\"article:modified_time\" content=\"2025-11-13T16:56:44+00:00\" \/>\n<meta property=\"og:image\" content=\"https:\/\/manguin.com\/wp-content\/uploads\/2021\/10\/La-Pe\u0301rine.png\" \/>\n\t<meta property=\"og:image:width\" content=\"2000\" \/>\n\t<meta property=\"og:image:height\" content=\"2000\" \/>\n\t<meta property=\"og:image:type\" content=\"image\/png\" \/>\n<meta name=\"twitter:card\" content=\"summary_large_image\" \/>\n<meta name=\"twitter:label1\" content=\"Est. reading time\" \/>\n\t<meta name=\"twitter:data1\" content=\"1 minute\" \/>\n<script type=\"application\/ld+json\" class=\"yoast-schema-graph\">{\"@context\":\"https:\/\/schema.org\",\"@graph\":[{\"@type\":\"WebPage\",\"@id\":\"https:\/\/manguin.com\/produit\/la-perine-fruite-de-poires-williams-70cl\",\"url\":\"https:\/\/manguin.com\/produit\/la-perine-fruite-de-poires-williams-70cl\",\"name\":\"La P\u00e9rine, Fruit\u00e9 de Poire Williams - 70cl - Manguin\",\"isPartOf\":{\"@id\":\"https:\/\/manguin.com\/en\/#website\"},\"primaryImageOfPage\":{\"@id\":\"https:\/\/manguin.com\/produit\/la-perine-fruite-de-poires-williams-70cl#primaryimage\"},\"image\":{\"@id\":\"https:\/\/manguin.com\/produit\/la-perine-fruite-de-poires-williams-70cl#primaryimage\"},\"thumbnailUrl\":\"https:\/\/manguin.com\/wp-content\/uploads\/2021\/10\/La-Pe\u0301rine.png\",\"datePublished\":\"2021-06-23T10:01:34+00:00\",\"dateModified\":\"2025-11-13T16:56:44+00:00\",\"breadcrumb\":{\"@id\":\"https:\/\/manguin.com\/produit\/la-perine-fruite-de-poires-williams-70cl#breadcrumb\"},\"inLanguage\":\"en-US\",\"potentialAction\":[{\"@type\":\"ReadAction\",\"target\":[\"https:\/\/manguin.com\/produit\/la-perine-fruite-de-poires-williams-70cl\"]}]},{\"@type\":\"ImageObject\",\"inLanguage\":\"en-US\",\"@id\":\"https:\/\/manguin.com\/produit\/la-perine-fruite-de-poires-williams-70cl#primaryimage\",\"url\":\"https:\/\/manguin.com\/wp-content\/uploads\/2021\/10\/La-Pe\u0301rine.png\",\"contentUrl\":\"https:\/\/manguin.com\/wp-content\/uploads\/2021\/10\/La-Pe\u0301rine.png\",\"width\":2000,\"height\":2000},{\"@type\":\"BreadcrumbList\",\"@id\":\"https:\/\/manguin.com\/produit\/la-perine-fruite-de-poires-williams-70cl#breadcrumb\",\"itemListElement\":[{\"@type\":\"ListItem\",\"position\":1,\"name\":\"Accueil\",\"item\":\"https:\/\/manguin.com\/\"},{\"@type\":\"ListItem\",\"position\":2,\"name\":\"Boutique\",\"item\":\"https:\/\/manguin.com\/boutique\"},{\"@type\":\"ListItem\",\"position\":3,\"name\":\"La P\u00e9rine, Fruit\u00e9 de Poire Williams &#8211; 70cl\"}]},{\"@type\":\"WebSite\",\"@id\":\"https:\/\/manguin.com\/en\/#website\",\"url\":\"https:\/\/manguin.com\/en\/\",\"name\":\"Manguin\",\"description\":\"\",\"publisher\":{\"@id\":\"https:\/\/manguin.com\/en\/#organization\"},\"potentialAction\":[{\"@type\":\"SearchAction\",\"target\":{\"@type\":\"EntryPoint\",\"urlTemplate\":\"https:\/\/manguin.com\/en\/?s={search_term_string}\"},\"query-input\":{\"@type\":\"PropertyValueSpecification\",\"valueRequired\":true,\"valueName\":\"search_term_string\"}}],\"inLanguage\":\"en-US\"},{\"@type\":\"Organization\",\"@id\":\"https:\/\/manguin.com\/en\/#organization\",\"name\":\"Manguin\",\"url\":\"https:\/\/manguin.com\/en\/\",\"logo\":{\"@type\":\"ImageObject\",\"inLanguage\":\"en-US\",\"@id\":\"https:\/\/manguin.com\/en\/#\/schema\/logo\/image\/\",\"url\":\"https:\/\/manguin.com\/wp-content\/uploads\/2020\/02\/Logo-Manguin-1.png\",\"contentUrl\":\"https:\/\/manguin.com\/wp-content\/uploads\/2020\/02\/Logo-Manguin-1.png\",\"width\":1553,\"height\":310,\"caption\":\"Manguin\"},\"image\":{\"@id\":\"https:\/\/manguin.com\/en\/#\/schema\/logo\/image\/\"}}]}<\/script>\n<!-- \/ Yoast SEO plugin. -->","yoast_head_json":{"title":"La P\u00e9rine, Fruit\u00e9 de Poire Williams - 70cl - Manguin","robots":{"index":"index","follow":"follow","max-snippet":"max-snippet:-1","max-image-preview":"max-image-preview:large","max-video-preview":"max-video-preview:-1"},"canonical":"https:\/\/manguin.com\/en\/product\/la-perine-fruite-de-poires-williams-70cl\/","og_locale":"en_US","og_type":"article","og_title":"La P\u00e9rine, Fruit\u00e9 de Poire Williams - 70cl - Manguin","og_description":"\u275d La Poire Manguin en ap\u00e9ritif (nature ou en kir royal) \u00e0 consommer frais \u00e9galement en accompagnement de mets : foie gras, fromages de ch\u00eavre et bleus, desserts et chocolats : subtile et fruit\u00e9e. \u275e  \u2705 En stock \u2014 Livraison en 3 \u00e0 5 jours ouvr\u00e9s","og_url":"https:\/\/manguin.com\/en\/product\/la-perine-fruite-de-poires-williams-70cl\/","og_site_name":"Manguin","article_modified_time":"2025-11-13T16:56:44+00:00","og_image":[{"width":2000,"height":2000,"url":"https:\/\/manguin.com\/wp-content\/uploads\/2021\/10\/La-Pe\u0301rine.png","type":"image\/png"}],"twitter_card":"summary_large_image","twitter_misc":{"Est. reading time":"1 minute"},"schema":{"@context":"https:\/\/schema.org","@graph":[{"@type":"WebPage","@id":"https:\/\/manguin.com\/produit\/la-perine-fruite-de-poires-williams-70cl","url":"https:\/\/manguin.com\/produit\/la-perine-fruite-de-poires-williams-70cl","name":"La P\u00e9rine, Fruit\u00e9 de Poire Williams - 70cl - Manguin","isPartOf":{"@id":"https:\/\/manguin.com\/en\/#website"},"primaryImageOfPage":{"@id":"https:\/\/manguin.com\/produit\/la-perine-fruite-de-poires-williams-70cl#primaryimage"},"image":{"@id":"https:\/\/manguin.com\/produit\/la-perine-fruite-de-poires-williams-70cl#primaryimage"},"thumbnailUrl":"https:\/\/manguin.com\/wp-content\/uploads\/2021\/10\/La-Pe\u0301rine.png","datePublished":"2021-06-23T10:01:34+00:00","dateModified":"2025-11-13T16:56:44+00:00","breadcrumb":{"@id":"https:\/\/manguin.com\/produit\/la-perine-fruite-de-poires-williams-70cl#breadcrumb"},"inLanguage":"en-US","potentialAction":[{"@type":"ReadAction","target":["https:\/\/manguin.com\/produit\/la-perine-fruite-de-poires-williams-70cl"]}]},{"@type":"ImageObject","inLanguage":"en-US","@id":"https:\/\/manguin.com\/produit\/la-perine-fruite-de-poires-williams-70cl#primaryimage","url":"https:\/\/manguin.com\/wp-content\/uploads\/2021\/10\/La-Pe\u0301rine.png","contentUrl":"https:\/\/manguin.com\/wp-content\/uploads\/2021\/10\/La-Pe\u0301rine.png","width":2000,"height":2000},{"@type":"BreadcrumbList","@id":"https:\/\/manguin.com\/produit\/la-perine-fruite-de-poires-williams-70cl#breadcrumb","itemListElement":[{"@type":"ListItem","position":1,"name":"Accueil","item":"https:\/\/manguin.com\/"},{"@type":"ListItem","position":2,"name":"Boutique","item":"https:\/\/manguin.com\/boutique"},{"@type":"ListItem","position":3,"name":"La P\u00e9rine, Fruit\u00e9 de Poire Williams &#8211; 70cl"}]},{"@type":"WebSite","@id":"https:\/\/manguin.com\/en\/#website","url":"https:\/\/manguin.com\/en\/","name":"Manguin","description":"","publisher":{"@id":"https:\/\/manguin.com\/en\/#organization"},"potentialAction":[{"@type":"SearchAction","target":{"@type":"EntryPoint","urlTemplate":"https:\/\/manguin.com\/en\/?s={search_term_string}"},"query-input":{"@type":"PropertyValueSpecification","valueRequired":true,"valueName":"search_term_string"}}],"inLanguage":"en-US"},{"@type":"Organization","@id":"https:\/\/manguin.com\/en\/#organization","name":"Manguin","url":"https:\/\/manguin.com\/en\/","logo":{"@type":"ImageObject","inLanguage":"en-US","@id":"https:\/\/manguin.com\/en\/#\/schema\/logo\/image\/","url":"https:\/\/manguin.com\/wp-content\/uploads\/2020\/02\/Logo-Manguin-1.png","contentUrl":"https:\/\/manguin.com\/wp-content\/uploads\/2020\/02\/Logo-Manguin-1.png","width":1553,"height":310,"caption":"Manguin"},"image":{"@id":"https:\/\/manguin.com\/en\/#\/schema\/logo\/image\/"}}]}},"_links":{"self":[{"href":"https:\/\/manguin.com\/en\/wp-json\/wp\/v2\/product\/2733","targetHints":{"allow":["GET"]}}],"collection":[{"href":"https:\/\/manguin.com\/en\/wp-json\/wp\/v2\/product"}],"about":[{"href":"https:\/\/manguin.com\/en\/wp-json\/wp\/v2\/types\/product"}],"wp:featuredmedia":[{"embeddable":true,"href":"https:\/\/manguin.com\/en\/wp-json\/wp\/v2\/media\/6670"}],"wp:attachment":[{"href":"https:\/\/manguin.com\/en\/wp-json\/wp\/v2\/media?parent=2733"}],"wp:term":[{"taxonomy":"product_brand","embeddable":true,"href":"https:\/\/manguin.com\/en\/wp-json\/wp\/v2\/product_brand?post=2733"},{"taxonomy":"product_cat","embeddable":true,"href":"https:\/\/manguin.com\/en\/wp-json\/wp\/v2\/product_cat?post=2733"},{"taxonomy":"product_tag","embeddable":true,"href":"https:\/\/manguin.com\/en\/wp-json\/wp\/v2\/product_tag?post=2733"}],"curies":[{"name":"wp","href":"https:\/\/api.w.org\/{rel}","templated":true}]}}