{"id":10587,"date":"2025-12-01T10:52:02","date_gmt":"2025-12-01T09:52:02","guid":{"rendered":"https:\/\/manguin.com\/?post_type=product&#038;p=10587"},"modified":"2026-01-12T17:20:54","modified_gmt":"2026-01-12T16:20:54","slug":"oragin","status":"publish","type":"product","link":"https:\/\/manguin.com\/en\/product\/oragin","title":{"rendered":"ORAGIN + TONIC WATER ARTONIC offert"},"content":{"rendered":"<p><i><strong>Nom du produit :<\/strong> Oragin.<\/i><\/p>\n<p><i><strong>Contenance :<\/strong> 50 cl.<\/i><\/p>\n<p><i><strong>Volume d&rsquo;alcool :<\/strong> 41%<\/i><\/p>\n<p><i><strong>Plus d&rsquo;informations :<\/strong> Retrouvez l&rsquo;univers Oragin sur <a href=\"http:\/\/www.antonybertin.com\">www.antonybertin.com<\/a><\/i><i><\/i><\/p>","protected":false},"excerpt":{"rendered":"<p>50 cl \/ 41 %<br \/>\n<i>Oragin est un gin singulier, s&rsquo;inspirant de l\u2019univers de Charlie et la Chocolaterie de <\/i><i>Tim Burton.<br \/>\n<\/i><i>N\u00e9 de la collaboration entre la Distillerie Manguin et l\u2019imaginaire du barman <\/i><i>Antony Bertin, il s\u2019adresse aux curieux en qu\u00eate d\u2019exp\u00e9riences atypiques. Sa <\/i><i>conception capture le go\u00fbt de l\u2019Orage \u00e0 l\u2019\u00e9tat liquide.<br \/>\n<\/i><i>Sa complexit\u00e9 s\u2019exprime \u00e0 travers la bergamote, le citron, l\u2019olive, la feuille de <\/i><i>cardamome et une salinit\u00e9 subtile \u00e9voqu\u00e9e par le givre de sel d\u2019\u00c9gypte.<br \/>\n<\/i><i>Un nez et une bouche chaleureuse rappelant la cl\u00e9mentine de No\u00ebl, cisel\u00e9s par les <\/i><i>vibrations du poivre de Sichuan rouge de Chine. <\/i><i>Son rituel de d\u00e9gustation : le savourer sous la pluie battante, pur ou accompagn\u00e9 <\/i><i>d\u2019un tonic et de quartiers de cl\u00e9mentine fra\u00eeche.<\/i><\/p>\n<p><strong>\u275d A unique blend of French wheat and Provence olives. Nice balance of fresh wheat notes and tapenade coated with a subtle sweet\/salty\nsensation \u00abumami\u201d. Hints of green apples\nand fresh lemon zest.<\/strong><\/p>","protected":false},"featured_media":10634,"template":"","meta":{"_acf_changed":false,"inline_featured_image":false,"site-sidebar-layout":"default","site-content-layout":"default","ast-site-content-layout":"default","site-content-style":"default","site-sidebar-style":"default","ast-global-header-display":"","ast-banner-title-visibility":"","ast-main-header-display":"","ast-hfb-above-header-display":"","ast-hfb-below-header-display":"","ast-hfb-mobile-header-display":"","site-post-title":"","ast-breadcrumbs-content":"","ast-featured-img":"","footer-sml-layout":"","ast-disable-related-posts":"","theme-transparent-header-meta":"default","adv-header-id-meta":"","stick-header-meta":"","header-above-stick-meta":"","header-main-stick-meta":"","header-below-stick-meta":"","astra-migrate-meta-layouts":"set","ast-page-background-enabled":"default","ast-page-background-meta":{"desktop":{"background-color":"","background-image":"","background-repeat":"repeat","background-position":"center center","background-size":"auto","background-attachment":"scroll","background-type":"","background-media":"","overlay-type":"","overlay-color":"","overlay-opacity":"","overlay-gradient":""},"tablet":{"background-color":"","background-image":"","background-repeat":"repeat","background-position":"center center","background-size":"auto","background-attachment":"scroll","background-type":"","background-media":"","overlay-type":"","overlay-color":"","overlay-opacity":"","overlay-gradient":""},"mobile":{"background-color":"","background-image":"","background-repeat":"repeat","background-position":"center center","background-size":"auto","background-attachment":"scroll","background-type":"","background-media":"","overlay-type":"","overlay-color":"","overlay-opacity":"","overlay-gradient":""}},"ast-content-background-meta":{"desktop":{"background-color":"var(--ast-global-color-5)","background-image":"","background-repeat":"repeat","background-position":"center center","background-size":"auto","background-attachment":"scroll","background-type":"","background-media":"","overlay-type":"","overlay-color":"","overlay-opacity":"","overlay-gradient":""},"tablet":{"background-color":"var(--ast-global-color-5)","background-image":"","background-repeat":"repeat","background-position":"center center","background-size":"auto","background-attachment":"scroll","background-type":"","background-media":"","overlay-type":"","overlay-color":"","overlay-opacity":"","overlay-gradient":""},"mobile":{"background-color":"var(--ast-global-color-5)","background-image":"","background-repeat":"repeat","background-position":"center center","background-size":"auto","background-attachment":"scroll","background-type":"","background-media":"","overlay-type":"","overlay-color":"","overlay-opacity":"","overlay-gradient":""}}},"product_brand":[],"product_cat":[74,47],"product_tag":[],"class_list":{"0":"post-10587","1":"product","2":"type-product","3":"status-publish","4":"has-post-thumbnail","6":"product_cat-creations","7":"product_cat-tous-nos-produits","8":"desktop-align-left","9":"tablet-align-left","10":"mobile-align-left","12":"first","13":"instock","14":"taxable","15":"shipping-taxable","16":"purchasable","17":"product-type-simple"},"acf":[],"yoast_head":"<!-- This site is optimized with the Yoast SEO plugin v27.5 - https:\/\/yoast.com\/product\/yoast-seo-wordpress\/ -->\n<title>ORAGIN + TONIC WATER ARTONIC offert - Manguin<\/title>\n<meta name=\"robots\" content=\"index, follow, max-snippet:-1, max-image-preview:large, max-video-preview:-1\" \/>\n<link rel=\"canonical\" href=\"https:\/\/manguin.com\/en\/product\/oragin\/\" \/>\n<meta property=\"og:locale\" content=\"en_US\" \/>\n<meta property=\"og:type\" content=\"article\" \/>\n<meta property=\"og:title\" content=\"ORAGIN + TONIC WATER ARTONIC offert - Manguin\" \/>\n<meta property=\"og:description\" content=\"50 cl \/ 41 % Oragin est un gin singulier, s&#039;inspirant de l\u2019univers de Charlie et la Chocolaterie de Tim Burton. N\u00e9 de la collaboration entre la Distillerie Manguin et l\u2019imaginaire du barman Antony Bertin, il s\u2019adresse aux curieux en qu\u00eate d\u2019exp\u00e9riences atypiques. Sa conception capture le go\u00fbt de l\u2019Orage \u00e0 l\u2019\u00e9tat liquide. Sa complexit\u00e9 s\u2019exprime \u00e0 travers la bergamote, le citron, l\u2019olive, la feuille de cardamome et une salinit\u00e9 subtile \u00e9voqu\u00e9e par le givre de sel d\u2019\u00c9gypte. Un nez et une bouche chaleureuse rappelant la cl\u00e9mentine de No\u00ebl, cisel\u00e9s par les vibrations du poivre de Sichuan rouge de Chine. Son rituel de d\u00e9gustation : le savourer sous la pluie battante, pur ou accompagn\u00e9 d\u2019un tonic et de quartiers de cl\u00e9mentine fra\u00eeche.  \u2705 En stock \u2014 Livraison en 3 \u00e0 5 jours ouvr\u00e9s\" \/>\n<meta property=\"og:url\" content=\"https:\/\/manguin.com\/en\/product\/oragin\/\" \/>\n<meta property=\"og:site_name\" content=\"Manguin\" \/>\n<meta property=\"article:modified_time\" content=\"2026-01-12T16:20:54+00:00\" \/>\n<meta property=\"og:image\" content=\"https:\/\/manguin.com\/wp-content\/uploads\/2025\/12\/Oragin.png\" \/>\n\t<meta property=\"og:image:width\" content=\"600\" \/>\n\t<meta property=\"og:image:height\" content=\"600\" \/>\n\t<meta property=\"og:image:type\" content=\"image\/png\" \/>\n<meta name=\"twitter:card\" content=\"summary_large_image\" \/>\n<meta name=\"twitter:label1\" content=\"Est. reading time\" \/>\n\t<meta name=\"twitter:data1\" content=\"1 minute\" \/>\n<script type=\"application\/ld+json\" class=\"yoast-schema-graph\">{\"@context\":\"https:\\\/\\\/schema.org\",\"@graph\":[{\"@type\":\"WebPage\",\"@id\":\"https:\\\/\\\/manguin.com\\\/produit\\\/oragin\",\"url\":\"https:\\\/\\\/manguin.com\\\/produit\\\/oragin\",\"name\":\"ORAGIN + TONIC WATER ARTONIC offert - Manguin\",\"isPartOf\":{\"@id\":\"https:\\\/\\\/manguin.com\\\/en\\\/#website\"},\"primaryImageOfPage\":{\"@id\":\"https:\\\/\\\/manguin.com\\\/produit\\\/oragin#primaryimage\"},\"image\":{\"@id\":\"https:\\\/\\\/manguin.com\\\/produit\\\/oragin#primaryimage\"},\"thumbnailUrl\":\"https:\\\/\\\/manguin.com\\\/wp-content\\\/uploads\\\/2025\\\/12\\\/Oragin.png\",\"datePublished\":\"2025-12-01T09:52:02+00:00\",\"dateModified\":\"2026-01-12T16:20:54+00:00\",\"breadcrumb\":{\"@id\":\"https:\\\/\\\/manguin.com\\\/produit\\\/oragin#breadcrumb\"},\"inLanguage\":\"en-US\",\"potentialAction\":[{\"@type\":\"ReadAction\",\"target\":[\"https:\\\/\\\/manguin.com\\\/produit\\\/oragin\"]}]},{\"@type\":\"ImageObject\",\"inLanguage\":\"en-US\",\"@id\":\"https:\\\/\\\/manguin.com\\\/produit\\\/oragin#primaryimage\",\"url\":\"https:\\\/\\\/manguin.com\\\/wp-content\\\/uploads\\\/2025\\\/12\\\/Oragin.png\",\"contentUrl\":\"https:\\\/\\\/manguin.com\\\/wp-content\\\/uploads\\\/2025\\\/12\\\/Oragin.png\",\"width\":600,\"height\":600},{\"@type\":\"BreadcrumbList\",\"@id\":\"https:\\\/\\\/manguin.com\\\/produit\\\/oragin#breadcrumb\",\"itemListElement\":[{\"@type\":\"ListItem\",\"position\":1,\"name\":\"Accueil\",\"item\":\"https:\\\/\\\/manguin.com\\\/\"},{\"@type\":\"ListItem\",\"position\":2,\"name\":\"Boutique\",\"item\":\"https:\\\/\\\/manguin.com\\\/boutique\"},{\"@type\":\"ListItem\",\"position\":3,\"name\":\"ORAGIN + TONIC WATER ARTONIC offert\"}]},{\"@type\":\"WebSite\",\"@id\":\"https:\\\/\\\/manguin.com\\\/en\\\/#website\",\"url\":\"https:\\\/\\\/manguin.com\\\/en\\\/\",\"name\":\"Manguin\",\"description\":\"\",\"publisher\":{\"@id\":\"https:\\\/\\\/manguin.com\\\/en\\\/#organization\"},\"potentialAction\":[{\"@type\":\"SearchAction\",\"target\":{\"@type\":\"EntryPoint\",\"urlTemplate\":\"https:\\\/\\\/manguin.com\\\/en\\\/?s={search_term_string}\"},\"query-input\":{\"@type\":\"PropertyValueSpecification\",\"valueRequired\":true,\"valueName\":\"search_term_string\"}}],\"inLanguage\":\"en-US\"},{\"@type\":\"Organization\",\"@id\":\"https:\\\/\\\/manguin.com\\\/en\\\/#organization\",\"name\":\"Manguin\",\"url\":\"https:\\\/\\\/manguin.com\\\/en\\\/\",\"logo\":{\"@type\":\"ImageObject\",\"inLanguage\":\"en-US\",\"@id\":\"https:\\\/\\\/manguin.com\\\/en\\\/#\\\/schema\\\/logo\\\/image\\\/\",\"url\":\"https:\\\/\\\/manguin.com\\\/wp-content\\\/uploads\\\/2020\\\/02\\\/Logo-Manguin-1.png\",\"contentUrl\":\"https:\\\/\\\/manguin.com\\\/wp-content\\\/uploads\\\/2020\\\/02\\\/Logo-Manguin-1.png\",\"width\":1553,\"height\":310,\"caption\":\"Manguin\"},\"image\":{\"@id\":\"https:\\\/\\\/manguin.com\\\/en\\\/#\\\/schema\\\/logo\\\/image\\\/\"}}]}<\/script>\n<!-- \/ Yoast SEO plugin. -->","yoast_head_json":{"title":"ORAGIN + TONIC WATER ARTONIC offert - Manguin","robots":{"index":"index","follow":"follow","max-snippet":"max-snippet:-1","max-image-preview":"max-image-preview:large","max-video-preview":"max-video-preview:-1"},"canonical":"https:\/\/manguin.com\/en\/product\/oragin\/","og_locale":"en_US","og_type":"article","og_title":"ORAGIN + TONIC WATER ARTONIC offert - Manguin","og_description":"50 cl \/ 41 % Oragin est un gin singulier, s'inspirant de l\u2019univers de Charlie et la Chocolaterie de Tim Burton. N\u00e9 de la collaboration entre la Distillerie Manguin et l\u2019imaginaire du barman Antony Bertin, il s\u2019adresse aux curieux en qu\u00eate d\u2019exp\u00e9riences atypiques. Sa conception capture le go\u00fbt de l\u2019Orage \u00e0 l\u2019\u00e9tat liquide. Sa complexit\u00e9 s\u2019exprime \u00e0 travers la bergamote, le citron, l\u2019olive, la feuille de cardamome et une salinit\u00e9 subtile \u00e9voqu\u00e9e par le givre de sel d\u2019\u00c9gypte. Un nez et une bouche chaleureuse rappelant la cl\u00e9mentine de No\u00ebl, cisel\u00e9s par les vibrations du poivre de Sichuan rouge de Chine. Son rituel de d\u00e9gustation : le savourer sous la pluie battante, pur ou accompagn\u00e9 d\u2019un tonic et de quartiers de cl\u00e9mentine fra\u00eeche.  \u2705 En stock \u2014 Livraison en 3 \u00e0 5 jours ouvr\u00e9s","og_url":"https:\/\/manguin.com\/en\/product\/oragin\/","og_site_name":"Manguin","article_modified_time":"2026-01-12T16:20:54+00:00","og_image":[{"width":600,"height":600,"url":"https:\/\/manguin.com\/wp-content\/uploads\/2025\/12\/Oragin.png","type":"image\/png"}],"twitter_card":"summary_large_image","twitter_misc":{"Est. reading time":"1 minute"},"schema":{"@context":"https:\/\/schema.org","@graph":[{"@type":"WebPage","@id":"https:\/\/manguin.com\/produit\/oragin","url":"https:\/\/manguin.com\/produit\/oragin","name":"ORAGIN + TONIC WATER ARTONIC offert - Manguin","isPartOf":{"@id":"https:\/\/manguin.com\/en\/#website"},"primaryImageOfPage":{"@id":"https:\/\/manguin.com\/produit\/oragin#primaryimage"},"image":{"@id":"https:\/\/manguin.com\/produit\/oragin#primaryimage"},"thumbnailUrl":"https:\/\/manguin.com\/wp-content\/uploads\/2025\/12\/Oragin.png","datePublished":"2025-12-01T09:52:02+00:00","dateModified":"2026-01-12T16:20:54+00:00","breadcrumb":{"@id":"https:\/\/manguin.com\/produit\/oragin#breadcrumb"},"inLanguage":"en-US","potentialAction":[{"@type":"ReadAction","target":["https:\/\/manguin.com\/produit\/oragin"]}]},{"@type":"ImageObject","inLanguage":"en-US","@id":"https:\/\/manguin.com\/produit\/oragin#primaryimage","url":"https:\/\/manguin.com\/wp-content\/uploads\/2025\/12\/Oragin.png","contentUrl":"https:\/\/manguin.com\/wp-content\/uploads\/2025\/12\/Oragin.png","width":600,"height":600},{"@type":"BreadcrumbList","@id":"https:\/\/manguin.com\/produit\/oragin#breadcrumb","itemListElement":[{"@type":"ListItem","position":1,"name":"Accueil","item":"https:\/\/manguin.com\/"},{"@type":"ListItem","position":2,"name":"Boutique","item":"https:\/\/manguin.com\/boutique"},{"@type":"ListItem","position":3,"name":"ORAGIN + TONIC WATER ARTONIC offert"}]},{"@type":"WebSite","@id":"https:\/\/manguin.com\/en\/#website","url":"https:\/\/manguin.com\/en\/","name":"Manguin","description":"","publisher":{"@id":"https:\/\/manguin.com\/en\/#organization"},"potentialAction":[{"@type":"SearchAction","target":{"@type":"EntryPoint","urlTemplate":"https:\/\/manguin.com\/en\/?s={search_term_string}"},"query-input":{"@type":"PropertyValueSpecification","valueRequired":true,"valueName":"search_term_string"}}],"inLanguage":"en-US"},{"@type":"Organization","@id":"https:\/\/manguin.com\/en\/#organization","name":"Manguin","url":"https:\/\/manguin.com\/en\/","logo":{"@type":"ImageObject","inLanguage":"en-US","@id":"https:\/\/manguin.com\/en\/#\/schema\/logo\/image\/","url":"https:\/\/manguin.com\/wp-content\/uploads\/2020\/02\/Logo-Manguin-1.png","contentUrl":"https:\/\/manguin.com\/wp-content\/uploads\/2020\/02\/Logo-Manguin-1.png","width":1553,"height":310,"caption":"Manguin"},"image":{"@id":"https:\/\/manguin.com\/en\/#\/schema\/logo\/image\/"}}]}},"_links":{"self":[{"href":"https:\/\/manguin.com\/en\/wp-json\/wp\/v2\/product\/10587","targetHints":{"allow":["GET"]}}],"collection":[{"href":"https:\/\/manguin.com\/en\/wp-json\/wp\/v2\/product"}],"about":[{"href":"https:\/\/manguin.com\/en\/wp-json\/wp\/v2\/types\/product"}],"wp:featuredmedia":[{"embeddable":true,"href":"https:\/\/manguin.com\/en\/wp-json\/wp\/v2\/media\/10634"}],"wp:attachment":[{"href":"https:\/\/manguin.com\/en\/wp-json\/wp\/v2\/media?parent=10587"}],"wp:term":[{"taxonomy":"product_brand","embeddable":true,"href":"https:\/\/manguin.com\/en\/wp-json\/wp\/v2\/product_brand?post=10587"},{"taxonomy":"product_cat","embeddable":true,"href":"https:\/\/manguin.com\/en\/wp-json\/wp\/v2\/product_cat?post=10587"},{"taxonomy":"product_tag","embeddable":true,"href":"https:\/\/manguin.com\/en\/wp-json\/wp\/v2\/product_tag?post=10587"}],"curies":[{"name":"wp","href":"https:\/\/api.w.org\/{rel}","templated":true}]}}