{"id":10168,"date":"2025-08-17T17:53:55","date_gmt":"2025-08-17T15:53:55","guid":{"rendered":"https:\/\/manguin.com\/?post_type=product&#038;p=10168"},"modified":"2026-03-27T07:47:44","modified_gmt":"2026-03-27T06:47:44","slug":"ateliers-entre-la-poire-le-fromage-accord-fromage-et-spiritueux","status":"publish","type":"product","link":"https:\/\/manguin.com\/en\/product\/ateliers-entre-la-poire-le-fromage-accord-fromage-et-spiritueux","title":{"rendered":"Ateliers Accords mets &#038; spiritueux"},"content":{"rendered":"<div class=\"gmail_default\"><strong><em>\u00ab Entre la Poire &amp; le Fromage \u00bb\u00a0<\/em><\/strong><\/div>\n<div>Une d\u00e9gustation unique avec 4 accords spiritueux et fromages concoct\u00e9s avec un ma\u00eetre fromager affineur. Ce moment convivial sera l\u2019occasion de d\u00e9couvrir l\u2019art de la distillation tout en savourant des harmonies gustatives exceptionnelles<\/div>","protected":false},"excerpt":{"rendered":"<div class=\"gmail_default\">\n<div><strong>\u00ab Entre la Poire &amp; le Fromage \u00bb\u00a0<\/strong><\/div>\n<div>\n<div>Accord fromages et spiritueux \u2013 de 19h30 \u00e0 21h00<\/div>\n<\/div>\n<\/div>","protected":false},"featured_media":9747,"template":"","meta":{"_acf_changed":false,"inline_featured_image":false,"site-sidebar-layout":"default","site-content-layout":"","ast-site-content-layout":"default","site-content-style":"default","site-sidebar-style":"default","ast-global-header-display":"","ast-banner-title-visibility":"","ast-main-header-display":"","ast-hfb-above-header-display":"","ast-hfb-below-header-display":"","ast-hfb-mobile-header-display":"","site-post-title":"","ast-breadcrumbs-content":"","ast-featured-img":"","footer-sml-layout":"","ast-disable-related-posts":"","theme-transparent-header-meta":"default","adv-header-id-meta":"","stick-header-meta":"","header-above-stick-meta":"","header-main-stick-meta":"","header-below-stick-meta":"","astra-migrate-meta-layouts":"set","ast-page-background-enabled":"default","ast-page-background-meta":{"desktop":{"background-color":"","background-image":"","background-repeat":"repeat","background-position":"center center","background-size":"auto","background-attachment":"scroll","background-type":"","background-media":"","overlay-type":"","overlay-color":"","overlay-opacity":"","overlay-gradient":""},"tablet":{"background-color":"","background-image":"","background-repeat":"repeat","background-position":"center center","background-size":"auto","background-attachment":"scroll","background-type":"","background-media":"","overlay-type":"","overlay-color":"","overlay-opacity":"","overlay-gradient":""},"mobile":{"background-color":"","background-image":"","background-repeat":"repeat","background-position":"center center","background-size":"auto","background-attachment":"scroll","background-type":"","background-media":"","overlay-type":"","overlay-color":"","overlay-opacity":"","overlay-gradient":""}},"ast-content-background-meta":{"desktop":{"background-color":"var(--ast-global-color-5)","background-image":"","background-repeat":"repeat","background-position":"center center","background-size":"auto","background-attachment":"scroll","background-type":"","background-media":"","overlay-type":"","overlay-color":"","overlay-opacity":"","overlay-gradient":""},"tablet":{"background-color":"var(--ast-global-color-5)","background-image":"","background-repeat":"repeat","background-position":"center center","background-size":"auto","background-attachment":"scroll","background-type":"","background-media":"","overlay-type":"","overlay-color":"","overlay-opacity":"","overlay-gradient":""},"mobile":{"background-color":"var(--ast-global-color-5)","background-image":"","background-repeat":"repeat","background-position":"center center","background-size":"auto","background-attachment":"scroll","background-type":"","background-media":"","overlay-type":"","overlay-color":"","overlay-opacity":"","overlay-gradient":""}}},"product_brand":[],"product_cat":[73],"product_tag":[],"class_list":{"0":"post-10168","1":"product","2":"type-product","3":"status-publish","4":"has-post-thumbnail","6":"product_cat-reservation","7":"desktop-align-left","8":"tablet-align-left","9":"mobile-align-left","11":"first","12":"instock","13":"virtual","14":"sold-individually","15":"taxable","16":"purchasable","17":"product-type-phive_booking"},"acf":[],"yoast_head":"<!-- This site is optimized with the Yoast SEO plugin v27.1.1 - https:\/\/yoast.com\/product\/yoast-seo-wordpress\/ -->\n<title>Ateliers Accords mets &amp; spiritueux - Manguin<\/title>\n<meta name=\"robots\" content=\"index, follow, max-snippet:-1, max-image-preview:large, max-video-preview:-1\" \/>\n<link rel=\"canonical\" href=\"https:\/\/manguin.com\/en\/product\/ateliers-entre-la-poire-le-fromage-accord-fromage-et-spiritueux\/\" \/>\n<meta property=\"og:locale\" content=\"en_US\" \/>\n<meta property=\"og:type\" content=\"article\" \/>\n<meta property=\"og:title\" content=\"Ateliers Accords mets &amp; spiritueux - Manguin\" \/>\n<meta property=\"og:description\" content=\"\u00ab Entre la Poire &amp; le Fromage \u00bb\u00a0  Accord fromages et spiritueux \u2013 de 19h30 \u00e0 21h00\" \/>\n<meta property=\"og:url\" content=\"https:\/\/manguin.com\/en\/product\/ateliers-entre-la-poire-le-fromage-accord-fromage-et-spiritueux\/\" \/>\n<meta property=\"og:site_name\" content=\"Manguin\" \/>\n<meta property=\"article:modified_time\" content=\"2026-03-27T06:47:44+00:00\" \/>\n<meta property=\"og:image\" content=\"https:\/\/manguin.com\/wp-content\/uploads\/2025\/04\/fromage-spirituex.webp\" \/>\n\t<meta property=\"og:image:width\" content=\"768\" \/>\n\t<meta property=\"og:image:height\" content=\"632\" \/>\n\t<meta property=\"og:image:type\" content=\"image\/webp\" \/>\n<meta name=\"twitter:card\" content=\"summary_large_image\" \/>\n<meta name=\"twitter:label1\" content=\"Est. reading time\" \/>\n\t<meta name=\"twitter:data1\" content=\"1 minute\" \/>\n<script type=\"application\/ld+json\" class=\"yoast-schema-graph\">{\"@context\":\"https:\/\/schema.org\",\"@graph\":[{\"@type\":\"WebPage\",\"@id\":\"https:\/\/manguin.com\/produit\/ateliers-entre-la-poire-le-fromage-accord-fromage-et-spiritueux\",\"url\":\"https:\/\/manguin.com\/produit\/ateliers-entre-la-poire-le-fromage-accord-fromage-et-spiritueux\",\"name\":\"Ateliers Accords mets & spiritueux - Manguin\",\"isPartOf\":{\"@id\":\"https:\/\/manguin.com\/en\/#website\"},\"primaryImageOfPage\":{\"@id\":\"https:\/\/manguin.com\/produit\/ateliers-entre-la-poire-le-fromage-accord-fromage-et-spiritueux#primaryimage\"},\"image\":{\"@id\":\"https:\/\/manguin.com\/produit\/ateliers-entre-la-poire-le-fromage-accord-fromage-et-spiritueux#primaryimage\"},\"thumbnailUrl\":\"https:\/\/manguin.com\/wp-content\/uploads\/2025\/04\/fromage-spirituex.webp\",\"datePublished\":\"2025-08-17T15:53:55+00:00\",\"dateModified\":\"2026-03-27T06:47:44+00:00\",\"breadcrumb\":{\"@id\":\"https:\/\/manguin.com\/produit\/ateliers-entre-la-poire-le-fromage-accord-fromage-et-spiritueux#breadcrumb\"},\"inLanguage\":\"en-US\",\"potentialAction\":[{\"@type\":\"ReadAction\",\"target\":[\"https:\/\/manguin.com\/produit\/ateliers-entre-la-poire-le-fromage-accord-fromage-et-spiritueux\"]}]},{\"@type\":\"ImageObject\",\"inLanguage\":\"en-US\",\"@id\":\"https:\/\/manguin.com\/produit\/ateliers-entre-la-poire-le-fromage-accord-fromage-et-spiritueux#primaryimage\",\"url\":\"https:\/\/manguin.com\/wp-content\/uploads\/2025\/04\/fromage-spirituex.webp\",\"contentUrl\":\"https:\/\/manguin.com\/wp-content\/uploads\/2025\/04\/fromage-spirituex.webp\",\"width\":768,\"height\":632,\"caption\":\"Fromage et spirituex\"},{\"@type\":\"BreadcrumbList\",\"@id\":\"https:\/\/manguin.com\/produit\/ateliers-entre-la-poire-le-fromage-accord-fromage-et-spiritueux#breadcrumb\",\"itemListElement\":[{\"@type\":\"ListItem\",\"position\":1,\"name\":\"Accueil\",\"item\":\"https:\/\/manguin.com\/\"},{\"@type\":\"ListItem\",\"position\":2,\"name\":\"Boutique\",\"item\":\"https:\/\/manguin.com\/boutique\"},{\"@type\":\"ListItem\",\"position\":3,\"name\":\"Ateliers Accords mets &#038; spiritueux\"}]},{\"@type\":\"WebSite\",\"@id\":\"https:\/\/manguin.com\/en\/#website\",\"url\":\"https:\/\/manguin.com\/en\/\",\"name\":\"Manguin\",\"description\":\"\",\"publisher\":{\"@id\":\"https:\/\/manguin.com\/en\/#organization\"},\"potentialAction\":[{\"@type\":\"SearchAction\",\"target\":{\"@type\":\"EntryPoint\",\"urlTemplate\":\"https:\/\/manguin.com\/en\/?s={search_term_string}\"},\"query-input\":{\"@type\":\"PropertyValueSpecification\",\"valueRequired\":true,\"valueName\":\"search_term_string\"}}],\"inLanguage\":\"en-US\"},{\"@type\":\"Organization\",\"@id\":\"https:\/\/manguin.com\/en\/#organization\",\"name\":\"Manguin\",\"url\":\"https:\/\/manguin.com\/en\/\",\"logo\":{\"@type\":\"ImageObject\",\"inLanguage\":\"en-US\",\"@id\":\"https:\/\/manguin.com\/en\/#\/schema\/logo\/image\/\",\"url\":\"https:\/\/manguin.com\/wp-content\/uploads\/2020\/02\/Logo-Manguin-1.png\",\"contentUrl\":\"https:\/\/manguin.com\/wp-content\/uploads\/2020\/02\/Logo-Manguin-1.png\",\"width\":1553,\"height\":310,\"caption\":\"Manguin\"},\"image\":{\"@id\":\"https:\/\/manguin.com\/en\/#\/schema\/logo\/image\/\"}}]}<\/script>\n<!-- \/ Yoast SEO plugin. -->","yoast_head_json":{"title":"Ateliers Accords mets & spiritueux - Manguin","robots":{"index":"index","follow":"follow","max-snippet":"max-snippet:-1","max-image-preview":"max-image-preview:large","max-video-preview":"max-video-preview:-1"},"canonical":"https:\/\/manguin.com\/en\/product\/ateliers-entre-la-poire-le-fromage-accord-fromage-et-spiritueux\/","og_locale":"en_US","og_type":"article","og_title":"Ateliers Accords mets & spiritueux - Manguin","og_description":"\u00ab Entre la Poire &amp; le Fromage \u00bb\u00a0  Accord fromages et spiritueux \u2013 de 19h30 \u00e0 21h00","og_url":"https:\/\/manguin.com\/en\/product\/ateliers-entre-la-poire-le-fromage-accord-fromage-et-spiritueux\/","og_site_name":"Manguin","article_modified_time":"2026-03-27T06:47:44+00:00","og_image":[{"width":768,"height":632,"url":"https:\/\/manguin.com\/wp-content\/uploads\/2025\/04\/fromage-spirituex.webp","type":"image\/webp"}],"twitter_card":"summary_large_image","twitter_misc":{"Est. reading time":"1 minute"},"schema":{"@context":"https:\/\/schema.org","@graph":[{"@type":"WebPage","@id":"https:\/\/manguin.com\/produit\/ateliers-entre-la-poire-le-fromage-accord-fromage-et-spiritueux","url":"https:\/\/manguin.com\/produit\/ateliers-entre-la-poire-le-fromage-accord-fromage-et-spiritueux","name":"Ateliers Accords mets & spiritueux - Manguin","isPartOf":{"@id":"https:\/\/manguin.com\/en\/#website"},"primaryImageOfPage":{"@id":"https:\/\/manguin.com\/produit\/ateliers-entre-la-poire-le-fromage-accord-fromage-et-spiritueux#primaryimage"},"image":{"@id":"https:\/\/manguin.com\/produit\/ateliers-entre-la-poire-le-fromage-accord-fromage-et-spiritueux#primaryimage"},"thumbnailUrl":"https:\/\/manguin.com\/wp-content\/uploads\/2025\/04\/fromage-spirituex.webp","datePublished":"2025-08-17T15:53:55+00:00","dateModified":"2026-03-27T06:47:44+00:00","breadcrumb":{"@id":"https:\/\/manguin.com\/produit\/ateliers-entre-la-poire-le-fromage-accord-fromage-et-spiritueux#breadcrumb"},"inLanguage":"en-US","potentialAction":[{"@type":"ReadAction","target":["https:\/\/manguin.com\/produit\/ateliers-entre-la-poire-le-fromage-accord-fromage-et-spiritueux"]}]},{"@type":"ImageObject","inLanguage":"en-US","@id":"https:\/\/manguin.com\/produit\/ateliers-entre-la-poire-le-fromage-accord-fromage-et-spiritueux#primaryimage","url":"https:\/\/manguin.com\/wp-content\/uploads\/2025\/04\/fromage-spirituex.webp","contentUrl":"https:\/\/manguin.com\/wp-content\/uploads\/2025\/04\/fromage-spirituex.webp","width":768,"height":632,"caption":"Fromage et spirituex"},{"@type":"BreadcrumbList","@id":"https:\/\/manguin.com\/produit\/ateliers-entre-la-poire-le-fromage-accord-fromage-et-spiritueux#breadcrumb","itemListElement":[{"@type":"ListItem","position":1,"name":"Accueil","item":"https:\/\/manguin.com\/"},{"@type":"ListItem","position":2,"name":"Boutique","item":"https:\/\/manguin.com\/boutique"},{"@type":"ListItem","position":3,"name":"Ateliers Accords mets &#038; spiritueux"}]},{"@type":"WebSite","@id":"https:\/\/manguin.com\/en\/#website","url":"https:\/\/manguin.com\/en\/","name":"Manguin","description":"","publisher":{"@id":"https:\/\/manguin.com\/en\/#organization"},"potentialAction":[{"@type":"SearchAction","target":{"@type":"EntryPoint","urlTemplate":"https:\/\/manguin.com\/en\/?s={search_term_string}"},"query-input":{"@type":"PropertyValueSpecification","valueRequired":true,"valueName":"search_term_string"}}],"inLanguage":"en-US"},{"@type":"Organization","@id":"https:\/\/manguin.com\/en\/#organization","name":"Manguin","url":"https:\/\/manguin.com\/en\/","logo":{"@type":"ImageObject","inLanguage":"en-US","@id":"https:\/\/manguin.com\/en\/#\/schema\/logo\/image\/","url":"https:\/\/manguin.com\/wp-content\/uploads\/2020\/02\/Logo-Manguin-1.png","contentUrl":"https:\/\/manguin.com\/wp-content\/uploads\/2020\/02\/Logo-Manguin-1.png","width":1553,"height":310,"caption":"Manguin"},"image":{"@id":"https:\/\/manguin.com\/en\/#\/schema\/logo\/image\/"}}]}},"_links":{"self":[{"href":"https:\/\/manguin.com\/en\/wp-json\/wp\/v2\/product\/10168","targetHints":{"allow":["GET"]}}],"collection":[{"href":"https:\/\/manguin.com\/en\/wp-json\/wp\/v2\/product"}],"about":[{"href":"https:\/\/manguin.com\/en\/wp-json\/wp\/v2\/types\/product"}],"wp:featuredmedia":[{"embeddable":true,"href":"https:\/\/manguin.com\/en\/wp-json\/wp\/v2\/media\/9747"}],"wp:attachment":[{"href":"https:\/\/manguin.com\/en\/wp-json\/wp\/v2\/media?parent=10168"}],"wp:term":[{"taxonomy":"product_brand","embeddable":true,"href":"https:\/\/manguin.com\/en\/wp-json\/wp\/v2\/product_brand?post=10168"},{"taxonomy":"product_cat","embeddable":true,"href":"https:\/\/manguin.com\/en\/wp-json\/wp\/v2\/product_cat?post=10168"},{"taxonomy":"product_tag","embeddable":true,"href":"https:\/\/manguin.com\/en\/wp-json\/wp\/v2\/product_tag?post=10168"}],"curies":[{"name":"wp","href":"https:\/\/api.w.org\/{rel}","templated":true}]}}