{"id":8960,"date":"2024-06-25T12:50:39","date_gmt":"2024-06-25T10:50:39","guid":{"rendered":"https:\/\/manguin.com\/?page_id=8960"},"modified":"2024-07-24T10:51:46","modified_gmt":"2024-07-24T08:51:46","slug":"ou-nous-trouver","status":"publish","type":"page","link":"https:\/\/manguin.com\/en\/ou-nous-trouver","title":{"rendered":"O\u00f9 nous d\u00e9guster"},"content":{"rendered":"<div data-elementor-type=\"wp-page\" data-elementor-id=\"8960\" class=\"elementor elementor-8960\" data-elementor-post-type=\"page\">\n\t\t\t\t\t\t<section class=\"elementor-section elementor-top-section elementor-element elementor-element-c1b3d67 elementor-section-boxed elementor-section-height-default elementor-section-height-default\" data-id=\"c1b3d67\" data-element_type=\"section\" data-e-type=\"section\">\n\t\t\t\t\t\t<div class=\"elementor-container elementor-column-gap-default\">\n\t\t\t\t\t<div class=\"elementor-column elementor-col-100 elementor-top-column elementor-element elementor-element-3995856\" data-id=\"3995856\" data-element_type=\"column\" data-e-type=\"column\">\n\t\t\t<div class=\"elementor-widget-wrap elementor-element-populated\">\n\t\t\t\t\t\t<div class=\"elementor-element elementor-element-c07e121 elementor-widget elementor-widget-heading\" data-id=\"c07e121\" data-element_type=\"widget\" data-e-type=\"widget\" data-widget_type=\"heading.default\">\n\t\t\t\t<div class=\"elementor-widget-container\">\n\t\t\t\t\t<h1 class=\"elementor-heading-title elementor-size-default\">O\u00f9 nous trouver ?<\/h1>\t\t\t\t<\/div>\n\t\t\t\t<\/div>\n\t\t\t\t<div class=\"elementor-element elementor-element-e633108 elementor-widget elementor-widget-heading\" data-id=\"e633108\" data-element_type=\"widget\" data-e-type=\"widget\" data-widget_type=\"heading.default\">\n\t\t\t\t<div class=\"elementor-widget-container\">\n\t\t\t\t\t<h3 class=\"elementor-heading-title elementor-size-default\">Voici la carte de France de nos clients cavistes, bars \u00e0 cocktails et restaurateurs. <\/h3>\t\t\t\t<\/div>\n\t\t\t\t<\/div>\n\t\t\t\t<div class=\"elementor-element elementor-element-4b6505c elementor-widget elementor-widget-text-editor\" data-id=\"4b6505c\" data-element_type=\"widget\" data-e-type=\"widget\" data-widget_type=\"text-editor.default\">\n\t\t\t\t<div class=\"elementor-widget-container\">\n\t\t\t\t\t\t\t\t\t<p>Bienvenue sur notre page exclusive, d\u00e9di\u00e9e \u00e0 tous les amateurs de produits Manguin qui cherchent \u00e0 explorer les meilleures adresses. Que vous soyez un habitu\u00e9 ou un curieux de nouvelles exp\u00e9riences gustatives, cette carte est le passeport id\u00e9al pour une escapade riche en saveurs.<\/p><p>Explorez, d\u00e9couvrez et savourez avec nous \u2013 votre aventure avec Manguin commence ici!<\/p>\t\t\t\t\t\t\t\t<\/div>\n\t\t\t\t<\/div>\n\t\t\t\t<section class=\"elementor-section elementor-inner-section elementor-element elementor-element-d19e3a5 elementor-section-boxed elementor-section-height-default elementor-section-height-default\" data-id=\"d19e3a5\" data-element_type=\"section\" data-e-type=\"section\">\n\t\t\t\t\t\t<div class=\"elementor-container elementor-column-gap-default\">\n\t\t\t\t\t<div class=\"elementor-column elementor-col-50 elementor-inner-column elementor-element elementor-element-1bf4c1f\" data-id=\"1bf4c1f\" data-element_type=\"column\" data-e-type=\"column\">\n\t\t\t<div class=\"elementor-widget-wrap elementor-element-populated\">\n\t\t\t\t\t\t<div class=\"elementor-element elementor-element-8f08ca6 elementor-widget elementor-widget-text-editor\" data-id=\"8f08ca6\" data-element_type=\"widget\" data-e-type=\"widget\" data-widget_type=\"text-editor.default\">\n\t\t\t\t<div class=\"elementor-widget-container\">\n\t\t\t\t\t\t\t\t\t<html>\n<head>\n    <style>\n        .wrapper {\n            position: relative;\n            width: 100%; \/* La div prend toute la largeur disponible *\/\n            max-width: 600px; \/* Largeur maximale de la div *\/\n            margin: auto; \/* Centre la div horizontalement *\/\n        }\n        img {\n            width: 5%;\n            height: auto; \/* Garde les proportions de l'image *\/\n        }\n        .text {\n            position: absolute;\n            top: 10%; \/* Ajustez la position verticale en pourcentage *\/\n            left: 10%; \/* Ajustez la position horizontale en pourcentage *\/\n            color: white;\n            font-size: 1,5vw; \/* Utilisez vw pour que la taille du texte s'ajuste avec la largeur de la vue *\/\n            background-color: rgba(0, 0, 0, 0.5);\n            padding: 1vw; \/* Espace autour du texte \u00e9galement en vw pour une adaptation dynamique *\/\n        }\n    <\/style>\n<\/head>\n<body>\n\n<div class=\"wrapper\">\n    <img decoding=\"async\" src=\"https:\/\/manguin.com\/wp-content\/uploads\/2024\/06\/bar-chr.png\" alt=\"Description de l'image\">\n    <div class=\"text\">Bars caf\u00e9s hotels restaurants<\/div>\n<\/div>\n\n<\/body>\n<\/html>\t\t\t\t\t\t\t\t<\/div>\n\t\t\t\t<\/div>\n\t\t\t\t<div class=\"elementor-element elementor-element-241c595 elementor-widget elementor-widget-text-editor\" data-id=\"241c595\" data-element_type=\"widget\" data-e-type=\"widget\" data-widget_type=\"text-editor.default\">\n\t\t\t\t<div class=\"elementor-widget-container\">\n\t\t\t\t\t\t\t\t\t<!DOCTYPE html>\n<html>\n<head>\n    <style>\n        .wrapper {\n            position: relative;\n            width: 100%; \/* La div prend toute la largeur disponible *\/\n            max-width: 600px; \/* Largeur maximale de la div *\/\n            margin: auto; \/* Centre la div horizontalement *\/\n        }\n        img {\n            width: 5%; \/* Taille de l'image \u00e0 5% de la largeur de la div *\/\n            height: auto; \/* Garde les proportions de l'image *\/\n        }\n        .text {\n            position: absolute;\n            top: 10%; \/* Ajustez la position verticale en pourcentage *\/\n            left: 10%; \/* Texte align\u00e9 \u00e0 gauche, ajustez pour une position pr\u00e9cise si n\u00e9cessaire *\/\n            color: black; \/* Couleur du texte en noir *\/\n            font-size: 14px; \/* Taille du texte ajust\u00e9e pour \u00eatre responsive *\/\n            background-color: white; \/* Fond du texte en blanc *\/\n            padding: 1vw; \/* Espace autour du texte \u00e9galement en vw pour une adaptation dynamique *\/\n            opacity: 0.8; \/* Opacit\u00e9 r\u00e9duite pour voir l\u00e9g\u00e8rement l'image derri\u00e8re le texte *\/\n        }\n    <\/style>\n<\/head>\n<body>\n\n<div class=\"wrapper\">\n    <img decoding=\"async\" src=\"https:\/\/manguin.com\/wp-content\/uploads\/2024\/06\/cavistes.png\" alt=\"Description de l'image\">\n    <div class=\"text\">Cavistes<\/div>\n<\/div>\n\n<\/body>\n<\/html>\n\t\t\t\t\t\t\t\t<\/div>\n\t\t\t\t<\/div>\n\t\t\t\t\t<\/div>\n\t\t<\/div>\n\t\t\t\t<div class=\"elementor-column elementor-col-50 elementor-inner-column elementor-element elementor-element-3da54f5\" data-id=\"3da54f5\" data-element_type=\"column\" data-e-type=\"column\">\n\t\t\t<div class=\"elementor-widget-wrap\">\n\t\t\t\t\t\t\t<\/div>\n\t\t<\/div>\n\t\t\t\t\t<\/div>\n\t\t<\/section>\n\t\t\t\t<div class=\"elementor-element elementor-element-d6c46a2 elementor-widget elementor-widget-text-editor\" data-id=\"d6c46a2\" data-element_type=\"widget\" data-e-type=\"widget\" data-widget_type=\"text-editor.default\">\n\t\t\t\t<div class=\"elementor-widget-container\">\n\t\t\t\t\t\t\t\t\t<p>\t\t<div id=\"maps-marker-pro-d654741b\" class=\"maps-marker-pro mmp-list-below\" style=\"width: 100%;\">\n\t\t\t<div id=\"mmp-map-wrap-d654741b\" class=\"mmp-map-wrap\">\n\t\t\t\t\t\t\t\t\t<div id=\"mmp-panel-d654741b\" class=\"mmp-panel\"><\/div>\n\t\t\t\t\t\t\t\t<div id=\"mmp-map-d654741b\" class=\"mmp-map\" style=\"height: 600px;\"><\/div>\n\t\t\t\t\t\t\t<\/div>\n\t\t\t\t\t\t\t<div id=\"mmp-list-d654741b\" class=\"mmp-list\" style=\"flex-basis: 400px;\"><\/div>\n\t\t\t\t\t<\/div>\n\t\t<\/p>\t\t\t\t\t\t\t\t<\/div>\n\t\t\t\t<\/div>\n\t\t\t\t\t<\/div>\n\t\t<\/div>\n\t\t\t\t\t<\/div>\n\t\t<\/section>\n\t\t\t\t<\/div>","protected":false},"excerpt":{"rendered":"<p>O\u00f9 nous trouver ? Voici la carte de France de nos clients cavistes, bars \u00e0 cocktails et restaurateurs. Bienvenue sur notre page exclusive, d\u00e9di\u00e9e \u00e0 tous les amateurs de produits Manguin qui cherchent \u00e0 explorer les meilleures adresses. Que vous soyez un habitu\u00e9 ou un curieux de nouvelles exp\u00e9riences gustatives, cette carte est le passeport [&hellip;]<\/p>\n","protected":false},"author":946,"featured_media":0,"parent":0,"menu_order":0,"comment_status":"closed","ping_status":"closed","template":"","meta":{"_acf_changed":false,"inline_featured_image":false,"site-sidebar-layout":"no-sidebar","site-content-layout":"page-builder","ast-site-content-layout":"full-width-container","site-content-style":"default","site-sidebar-style":"default","ast-global-header-display":"","ast-banner-title-visibility":"","ast-main-header-display":"","ast-hfb-above-header-display":"","ast-hfb-below-header-display":"","ast-hfb-mobile-header-display":"","site-post-title":"disabled","ast-breadcrumbs-content":"","ast-featured-img":"disabled","footer-sml-layout":"","ast-disable-related-posts":"","theme-transparent-header-meta":"","adv-header-id-meta":"","stick-header-meta":"","header-above-stick-meta":"","header-main-stick-meta":"","header-below-stick-meta":"","astra-migrate-meta-layouts":"set","ast-page-background-enabled":"default","ast-page-background-meta":{"desktop":{"background-color":"","background-image":"","background-repeat":"repeat","background-position":"center center","background-size":"auto","background-attachment":"scroll","background-type":"","background-media":"","overlay-type":"","overlay-color":"","overlay-opacity":"","overlay-gradient":""},"tablet":{"background-color":"","background-image":"","background-repeat":"repeat","background-position":"center center","background-size":"auto","background-attachment":"scroll","background-type":"","background-media":"","overlay-type":"","overlay-color":"","overlay-opacity":"","overlay-gradient":""},"mobile":{"background-color":"","background-image":"","background-repeat":"repeat","background-position":"center center","background-size":"auto","background-attachment":"scroll","background-type":"","background-media":"","overlay-type":"","overlay-color":"","overlay-opacity":"","overlay-gradient":""}},"ast-content-background-meta":{"desktop":{"background-color":"var(--ast-global-color-5)","background-image":"","background-repeat":"repeat","background-position":"center center","background-size":"auto","background-attachment":"scroll","background-type":"","background-media":"","overlay-type":"","overlay-color":"","overlay-opacity":"","overlay-gradient":""},"tablet":{"background-color":"var(--ast-global-color-5)","background-image":"","background-repeat":"repeat","background-position":"center center","background-size":"auto","background-attachment":"scroll","background-type":"","background-media":"","overlay-type":"","overlay-color":"","overlay-opacity":"","overlay-gradient":""},"mobile":{"background-color":"var(--ast-global-color-5)","background-image":"","background-repeat":"repeat","background-position":"center center","background-size":"auto","background-attachment":"scroll","background-type":"","background-media":"","overlay-type":"","overlay-color":"","overlay-opacity":"","overlay-gradient":""}},"footnotes":""},"class_list":["post-8960","page","type-page","status-publish","hentry"],"acf":[],"yoast_head":"<!-- This site is optimized with the Yoast SEO plugin v27.5 - https:\/\/yoast.com\/product\/yoast-seo-wordpress\/ -->\n<title>O\u00f9 nous d\u00e9guster - Manguin<\/title>\n<meta name=\"robots\" content=\"index, follow, max-snippet:-1, max-image-preview:large, max-video-preview:-1\" \/>\n<link rel=\"canonical\" href=\"https:\/\/manguin.com\/en\/ou-nous-trouver\/\" \/>\n<meta property=\"og:locale\" content=\"en_US\" \/>\n<meta property=\"og:type\" content=\"article\" \/>\n<meta property=\"og:title\" content=\"O\u00f9 nous d\u00e9guster - Manguin\" \/>\n<meta property=\"og:description\" content=\"O\u00f9 nous trouver ? Voici la carte de France de nos clients cavistes, bars \u00e0 cocktails et restaurateurs. Bienvenue sur notre page exclusive, d\u00e9di\u00e9e \u00e0 tous les amateurs de produits Manguin qui cherchent \u00e0 explorer les meilleures adresses. Que vous soyez un habitu\u00e9 ou un curieux de nouvelles exp\u00e9riences gustatives, cette carte est le passeport [&hellip;]\" \/>\n<meta property=\"og:url\" content=\"https:\/\/manguin.com\/en\/ou-nous-trouver\/\" \/>\n<meta property=\"og:site_name\" content=\"Manguin\" \/>\n<meta property=\"article:modified_time\" content=\"2024-07-24T08:51:46+00:00\" \/>\n<meta property=\"og:image\" content=\"https:\/\/manguin.com\/wp-content\/uploads\/2024\/06\/bar-chr.png\" \/>\n<meta name=\"twitter:card\" content=\"summary_large_image\" \/>\n<meta name=\"twitter:label1\" content=\"Est. reading time\" \/>\n\t<meta name=\"twitter:data1\" content=\"1 minute\" \/>\n<script type=\"application\/ld+json\" class=\"yoast-schema-graph\">{\"@context\":\"https:\\\/\\\/schema.org\",\"@graph\":[{\"@type\":\"WebPage\",\"@id\":\"https:\\\/\\\/manguin.com\\\/ou-nous-trouver\",\"url\":\"https:\\\/\\\/manguin.com\\\/ou-nous-trouver\",\"name\":\"O\u00f9 nous d\u00e9guster - Manguin\",\"isPartOf\":{\"@id\":\"https:\\\/\\\/manguin.com\\\/en\\\/#website\"},\"primaryImageOfPage\":{\"@id\":\"https:\\\/\\\/manguin.com\\\/ou-nous-trouver#primaryimage\"},\"image\":{\"@id\":\"https:\\\/\\\/manguin.com\\\/ou-nous-trouver#primaryimage\"},\"thumbnailUrl\":\"https:\\\/\\\/manguin.com\\\/wp-content\\\/uploads\\\/2024\\\/06\\\/bar-chr.png\",\"datePublished\":\"2024-06-25T10:50:39+00:00\",\"dateModified\":\"2024-07-24T08:51:46+00:00\",\"breadcrumb\":{\"@id\":\"https:\\\/\\\/manguin.com\\\/ou-nous-trouver#breadcrumb\"},\"inLanguage\":\"en-US\",\"potentialAction\":[{\"@type\":\"ReadAction\",\"target\":[\"https:\\\/\\\/manguin.com\\\/ou-nous-trouver\"]}]},{\"@type\":\"ImageObject\",\"inLanguage\":\"en-US\",\"@id\":\"https:\\\/\\\/manguin.com\\\/ou-nous-trouver#primaryimage\",\"url\":\"https:\\\/\\\/manguin.com\\\/wp-content\\\/uploads\\\/2024\\\/06\\\/bar-chr.png\",\"contentUrl\":\"https:\\\/\\\/manguin.com\\\/wp-content\\\/uploads\\\/2024\\\/06\\\/bar-chr.png\"},{\"@type\":\"BreadcrumbList\",\"@id\":\"https:\\\/\\\/manguin.com\\\/ou-nous-trouver#breadcrumb\",\"itemListElement\":[{\"@type\":\"ListItem\",\"position\":1,\"name\":\"Accueil\",\"item\":\"https:\\\/\\\/manguin.com\\\/\"},{\"@type\":\"ListItem\",\"position\":2,\"name\":\"O\u00f9 nous d\u00e9guster\"}]},{\"@type\":\"WebSite\",\"@id\":\"https:\\\/\\\/manguin.com\\\/en\\\/#website\",\"url\":\"https:\\\/\\\/manguin.com\\\/en\\\/\",\"name\":\"Manguin\",\"description\":\"\",\"publisher\":{\"@id\":\"https:\\\/\\\/manguin.com\\\/en\\\/#organization\"},\"potentialAction\":[{\"@type\":\"SearchAction\",\"target\":{\"@type\":\"EntryPoint\",\"urlTemplate\":\"https:\\\/\\\/manguin.com\\\/en\\\/?s={search_term_string}\"},\"query-input\":{\"@type\":\"PropertyValueSpecification\",\"valueRequired\":true,\"valueName\":\"search_term_string\"}}],\"inLanguage\":\"en-US\"},{\"@type\":\"Organization\",\"@id\":\"https:\\\/\\\/manguin.com\\\/en\\\/#organization\",\"name\":\"Manguin\",\"url\":\"https:\\\/\\\/manguin.com\\\/en\\\/\",\"logo\":{\"@type\":\"ImageObject\",\"inLanguage\":\"en-US\",\"@id\":\"https:\\\/\\\/manguin.com\\\/en\\\/#\\\/schema\\\/logo\\\/image\\\/\",\"url\":\"https:\\\/\\\/manguin.com\\\/wp-content\\\/uploads\\\/2020\\\/02\\\/Logo-Manguin-1.png\",\"contentUrl\":\"https:\\\/\\\/manguin.com\\\/wp-content\\\/uploads\\\/2020\\\/02\\\/Logo-Manguin-1.png\",\"width\":1553,\"height\":310,\"caption\":\"Manguin\"},\"image\":{\"@id\":\"https:\\\/\\\/manguin.com\\\/en\\\/#\\\/schema\\\/logo\\\/image\\\/\"}}]}<\/script>\n<!-- \/ Yoast SEO plugin. -->","yoast_head_json":{"title":"O\u00f9 nous d\u00e9guster - Manguin","robots":{"index":"index","follow":"follow","max-snippet":"max-snippet:-1","max-image-preview":"max-image-preview:large","max-video-preview":"max-video-preview:-1"},"canonical":"https:\/\/manguin.com\/en\/ou-nous-trouver\/","og_locale":"en_US","og_type":"article","og_title":"O\u00f9 nous d\u00e9guster - Manguin","og_description":"O\u00f9 nous trouver ? Voici la carte de France de nos clients cavistes, bars \u00e0 cocktails et restaurateurs. Bienvenue sur notre page exclusive, d\u00e9di\u00e9e \u00e0 tous les amateurs de produits Manguin qui cherchent \u00e0 explorer les meilleures adresses. Que vous soyez un habitu\u00e9 ou un curieux de nouvelles exp\u00e9riences gustatives, cette carte est le passeport [&hellip;]","og_url":"https:\/\/manguin.com\/en\/ou-nous-trouver\/","og_site_name":"Manguin","article_modified_time":"2024-07-24T08:51:46+00:00","og_image":[{"url":"https:\/\/manguin.com\/wp-content\/uploads\/2024\/06\/bar-chr.png","type":"","width":"","height":""}],"twitter_card":"summary_large_image","twitter_misc":{"Est. reading time":"1 minute"},"schema":{"@context":"https:\/\/schema.org","@graph":[{"@type":"WebPage","@id":"https:\/\/manguin.com\/ou-nous-trouver","url":"https:\/\/manguin.com\/ou-nous-trouver","name":"O\u00f9 nous d\u00e9guster - Manguin","isPartOf":{"@id":"https:\/\/manguin.com\/en\/#website"},"primaryImageOfPage":{"@id":"https:\/\/manguin.com\/ou-nous-trouver#primaryimage"},"image":{"@id":"https:\/\/manguin.com\/ou-nous-trouver#primaryimage"},"thumbnailUrl":"https:\/\/manguin.com\/wp-content\/uploads\/2024\/06\/bar-chr.png","datePublished":"2024-06-25T10:50:39+00:00","dateModified":"2024-07-24T08:51:46+00:00","breadcrumb":{"@id":"https:\/\/manguin.com\/ou-nous-trouver#breadcrumb"},"inLanguage":"en-US","potentialAction":[{"@type":"ReadAction","target":["https:\/\/manguin.com\/ou-nous-trouver"]}]},{"@type":"ImageObject","inLanguage":"en-US","@id":"https:\/\/manguin.com\/ou-nous-trouver#primaryimage","url":"https:\/\/manguin.com\/wp-content\/uploads\/2024\/06\/bar-chr.png","contentUrl":"https:\/\/manguin.com\/wp-content\/uploads\/2024\/06\/bar-chr.png"},{"@type":"BreadcrumbList","@id":"https:\/\/manguin.com\/ou-nous-trouver#breadcrumb","itemListElement":[{"@type":"ListItem","position":1,"name":"Accueil","item":"https:\/\/manguin.com\/"},{"@type":"ListItem","position":2,"name":"O\u00f9 nous d\u00e9guster"}]},{"@type":"WebSite","@id":"https:\/\/manguin.com\/en\/#website","url":"https:\/\/manguin.com\/en\/","name":"Manguin","description":"","publisher":{"@id":"https:\/\/manguin.com\/en\/#organization"},"potentialAction":[{"@type":"SearchAction","target":{"@type":"EntryPoint","urlTemplate":"https:\/\/manguin.com\/en\/?s={search_term_string}"},"query-input":{"@type":"PropertyValueSpecification","valueRequired":true,"valueName":"search_term_string"}}],"inLanguage":"en-US"},{"@type":"Organization","@id":"https:\/\/manguin.com\/en\/#organization","name":"Manguin","url":"https:\/\/manguin.com\/en\/","logo":{"@type":"ImageObject","inLanguage":"en-US","@id":"https:\/\/manguin.com\/en\/#\/schema\/logo\/image\/","url":"https:\/\/manguin.com\/wp-content\/uploads\/2020\/02\/Logo-Manguin-1.png","contentUrl":"https:\/\/manguin.com\/wp-content\/uploads\/2020\/02\/Logo-Manguin-1.png","width":1553,"height":310,"caption":"Manguin"},"image":{"@id":"https:\/\/manguin.com\/en\/#\/schema\/logo\/image\/"}}]}},"_links":{"self":[{"href":"https:\/\/manguin.com\/en\/wp-json\/wp\/v2\/pages\/8960","targetHints":{"allow":["GET"]}}],"collection":[{"href":"https:\/\/manguin.com\/en\/wp-json\/wp\/v2\/pages"}],"about":[{"href":"https:\/\/manguin.com\/en\/wp-json\/wp\/v2\/types\/page"}],"author":[{"embeddable":true,"href":"https:\/\/manguin.com\/en\/wp-json\/wp\/v2\/users\/946"}],"replies":[{"embeddable":true,"href":"https:\/\/manguin.com\/en\/wp-json\/wp\/v2\/comments?post=8960"}],"version-history":[{"count":31,"href":"https:\/\/manguin.com\/en\/wp-json\/wp\/v2\/pages\/8960\/revisions"}],"predecessor-version":[{"id":9010,"href":"https:\/\/manguin.com\/en\/wp-json\/wp\/v2\/pages\/8960\/revisions\/9010"}],"wp:attachment":[{"href":"https:\/\/manguin.com\/en\/wp-json\/wp\/v2\/media?parent=8960"}],"curies":[{"name":"wp","href":"https:\/\/api.w.org\/{rel}","templated":true}]}}