{"id":6701,"date":"2021-10-06T12:34:48","date_gmt":"2021-10-06T10:34:48","guid":{"rendered":"https:\/\/manguin.com\/?page_id=6701"},"modified":"2024-11-21T19:00:01","modified_gmt":"2024-11-21T18:00:01","slug":"conditions-generales-de-vente","status":"publish","type":"page","link":"https:\/\/manguin.com\/en\/conditions-generales-de-vente","title":{"rendered":"Conditions g\u00e9n\u00e9rales de vente"},"content":{"rendered":"<div data-elementor-type=\"wp-page\" data-elementor-id=\"6701\" class=\"elementor elementor-6701\" data-elementor-post-type=\"page\">\n\t\t\t\t\t\t<section class=\"elementor-section elementor-top-section elementor-element elementor-element-2a74cfa7 elementor-section-content-middle elementor-section-boxed elementor-section-height-default elementor-section-height-default\" data-id=\"2a74cfa7\" data-element_type=\"section\" data-e-type=\"section\">\n\t\t\t\t\t\t<div class=\"elementor-container elementor-column-gap-no\">\n\t\t\t\t\t<div class=\"elementor-column elementor-col-100 elementor-top-column elementor-element elementor-element-1ba99066\" data-id=\"1ba99066\" data-element_type=\"column\" data-e-type=\"column\">\n\t\t\t<div class=\"elementor-widget-wrap elementor-element-populated\">\n\t\t\t\t\t\t<div class=\"elementor-element elementor-element-4df758b4 elementor-widget elementor-widget-heading\" data-id=\"4df758b4\" data-element_type=\"widget\" data-e-type=\"widget\" data-widget_type=\"heading.default\">\n\t\t\t\t<div class=\"elementor-widget-container\">\n\t\t\t\t\t<h1 class=\"elementor-heading-title elementor-size-default\">Conditions g\u00e9n\u00e9rales de vente<\/h1>\t\t\t\t<\/div>\n\t\t\t\t<\/div>\n\t\t\t\t<div class=\"elementor-element elementor-element-517e8b2f elementor-widget elementor-widget-text-editor\" data-id=\"517e8b2f\" data-element_type=\"widget\" data-e-type=\"widget\" data-widget_type=\"text-editor.default\">\n\t\t\t\t<div class=\"elementor-widget-container\">\n\t\t\t\t\t\t\t\t\t<h3>Manguin<\/h3>\nMaison MANGUIN<br \/>\nDistillerie Artisanale<br \/>\n784 Chemin des Poiriers<br \/>\nIle de la Barthelasse<br \/>\n84000 Avignon<br \/>\n+ 33 4 90 82 62 29<br \/>\n+ 33 6 69 08 49 06<br \/>\nNum\u00e9ro de SIRET : 52987808400027<br \/>\nNum\u00e9ro TVA Intracommunautaire : FR10529878084<br \/>\nCapital social : 426 250,00 \u20ac<br \/>\nAdresse email : ehanquiez@manguin.com<br \/>Directeur de la publication : Emmanuel Hanquiez\n\n<h3>H\u00e9bergement du site :<\/h3>\n\u2022 OVH<br \/>\n\u2022 Si\u00e8ge social : 18 rue du faubourg du temple, 75011 Paris<br \/>\n\u2022 Num\u00e9ro de t\u00e9l\u00e9phone : 0810 278 385<br \/>\n<h3>Objet du contrat<\/h3>\nLes pr\u00e9sentes conditions g\u00e9n\u00e9rales de ventes ont pour objet de fixer les dispositions contractuelles entre Manguin et le Client et les conditions applicables \u00e0 tout achat effectu\u00e9 par le site Internet marchand www.manguin.com pour le consommateur. L\u2019acquisition d\u2019un bien ou d\u2019un service \u00e0 travers le pr\u00e9sent site implique l\u2019acceptation sans r\u00e9serve par le client des pr\u00e9sentes conditions de vente.\n<h3>Informations l\u00e9gales<\/h3>\nL&rsquo;ordonnance n\u00b0 59-107 du 7 janvier 1959 et la Loi n\u00b0 74-631 du 5 juillet 1974 prohibent la vente et l&rsquo;offre de boissons alcoolis\u00e9es \u00e0 des personnes mineures et assimil\u00e9es. Par cons\u00e9quent, en remplissant votre Bon de Commande, vous reconnaissez avoir la capacit\u00e9 juridique de conclure le pr\u00e9sent contrat.\nConform\u00e9ment aux dispositions de la Loi n\u00b0 78-17 du 6 janvier 1978, le site www.manguin.com a fait l&rsquo;objet d&rsquo;une d\u00e9claration aupr\u00e8s de la Commission Nationale de l&rsquo;Informatique et des Libert\u00e9s. En application de la loi Informatique et Libert\u00e9, les informations qui vous sont demand\u00e9es sont indispensables au traitement de votre commande et sont destin\u00e9es aux services de Manguin.\nL&rsquo;Abus d&rsquo;alcool est dangereux pour la sant\u00e9. A consommer avec mod\u00e9ration.\n<h3>Pr\u00e9sentation des produits<\/h3>\nLes articles propos\u00e9s \u00e0 la vente sont pr\u00e9sent\u00e9s dans la rubrique \u00ab Boutique\/Catalogue \u00bbde notre site. Ces articles sont propos\u00e9s dans la limite des stocks disponibles. Les photographies sont les plus fid\u00e8les possibles mais ne peuvent assurer une similitude parfaite avec l\u2019article propos\u00e9.\n<h3>Dur\u00e9e de validit\u00e9 des offres de vente<\/h3>\nLes produits sont propos\u00e9s \u00e0 la vente jusqu&rsquo;\u00e0 \u00e9puisement du stock. En cas de commande d&rsquo;un produit devenu indisponible, le client sera inform\u00e9 de cette indisponibilit\u00e9, dans les meilleurs d\u00e9lais, par courrier \u00e9lectronique.\n<h3>Zone g\u00e9ographique<\/h3>\nLa vente en ligne des articles pr\u00e9sent\u00e9s dans le site est r\u00e9serv\u00e9 aux acheteurs qui r\u00e9sident en France m\u00e9tropolitaine.\n<h3>Tarifs<\/h3>\nLes prix figurant dans le catalogue sont des prix TTC en euros tenant compte de la TVA applicable au jour de la commande. Tout changement du taux pourra \u00eatre r\u00e9percut\u00e9 sur le prix des articles. Manguin se r\u00e9serve le droit de modifier ses prix \u00e0 tout moment, \u00e9tant entendu que le prix figurant au catalogue le jour de la commande sera le seul applicable au client. Les prix sont valables uniquement pour la France m\u00e9tropolitaine.\nLes frais de port, les taxes douani\u00e8res et formalit\u00e9s sont \u00e0 la charge exclusive des clients. Les frais de ports sont offerts \u00e0 partir de 130\u20ac d\u2019achats.\n<h3>Commandes<\/h3>\nLe client valide sa commande lorsqu&rsquo;il active le lien \u00a0\u00bb Confirmez votre commande \u00a0\u00bb en bas de la page \u00ab\u00a0R\u00e9capitulatif de votre commande \u00a0\u00bb apr\u00e8s avoir accept\u00e9 les pr\u00e9sentes conditions de vente. Avant cette validation, il est syst\u00e9matiquement propos\u00e9 au client de v\u00e9rifier chacun des \u00e9l\u00e9ments de sa commande; il peut ainsi corriger ses erreurs \u00e9ventuelles. La soci\u00e9t\u00e9 Manguin SARL confirme la commande par courrier \u00e9lectronique; cette information reprend notamment tous les \u00e9l\u00e9ments de la commande et le droit de r\u00e9tractation du client. Les donn\u00e9es enregistr\u00e9es par la soci\u00e9t\u00e9 Manguin constituent la preuve de la nature, du contenu et de la date de la commande. Celle-ci est archiv\u00e9e par la soci\u00e9t\u00e9 dans les conditions et les d\u00e9lais l\u00e9gaux; le client peut acc\u00e9der \u00e0 cet archivage en contactant le service Relations Clients.\n<h3>Modalit\u00e9 de paiement<\/h3>\nLe r\u00e8glement des commandes s&rsquo;effectue par CB via Paylib Sogecommerce ou via Paypal.\n<h3>D\u00e9lais de r\u00e9tractation : \u00e9change ou retour<\/h3>\nL&rsquo;acheteur dispose d&rsquo;un d\u00e9lai de quatorze jours francs, \u00e0 compter de la r\u00e9ception des produits, pour exercer son droit de r\u00e9tractation sans avoir \u00e0 justifier de motifs ni \u00e0 payer de p\u00e9nalit\u00e9s, \u00e0 l&rsquo;exception, le cas \u00e9ch\u00e9ant, des frais de retour. Si le d\u00e9lai de quatorze jours vient \u00e0 expirer un samedi, un dimanche ou un jour f\u00e9ri\u00e9 ou ch\u00f4m\u00e9, il est prorog\u00e9 jusqu&rsquo;au premier jour ouvrable suivant.\nEn cas d&rsquo;exercice du droit de r\u00e9tractation, la soci\u00e9t\u00e9 rembourse l&rsquo;acheteur de la totalit\u00e9 des sommes vers\u00e9es, dans les meilleurs d\u00e9lais et au plus tard dans les trente jours suivant la date \u00e0 laquelle ce droit a \u00e9t\u00e9 exerc\u00e9.\n<h3>Conditions d\u2019\u00e9change et de retour pour remboursement<\/h3>\nLes articles retourn\u00e9s doivent \u00eatre intactes, non ouverts et en parfait \u00e9tat. Ils devront \u00eatre renvoy\u00e9s dans un \u00e9tat permettant leur re commercialisation.\nLe Client devra effectuer son retour via Colissimo.\nSi le Client venait \u00e0 renvoyer les articles par un autre mode de retour, et supportant \u00e0 ce titre des frais de retour, il ne pourrait pr\u00e9tendre \u00e0 aucun remboursement ou \u00e9change de la part de Manguin.\nLe client devra conserver la preuve du d\u00e9p\u00f4t du colis aupr\u00e8s du prestataire charg\u00e9 du retour. En l\u2019absence de cette preuve, aucun \u00e9change ou remboursement ne pourra \u00eatre effectu\u00e9 en cas de perte du colis.\n<h3>Exp\u00e9dition et livraison<\/h3>\nTout produit est livr\u00e9 sans garantie quant aux d\u00e9lais, exception faite des livraisons aux particuliers. La date limite de livraison varie suivant leur adresse. Elle est fix\u00e9e, pour une adresse en France m\u00e9tropolitaine, au jour du paiement + 8 jours\nLe client est tenu de v\u00e9rifier le bon \u00e9tat des articles livr\u00e9s. Toute anomalie constat\u00e9e (article manquant, colis endommag\u00e9, article cass\u00e9\u2026) devra obligatoirement \u00eatre indiqu\u00e9e dans les 3 jours, suivant la r\u00e9ception.\n<h3>Casse au cours de la livraison<\/h3>\nSi un colis arrive chez le destinataire endommag\u00e9 (casse de la ou les bouteilles), le destinataire doit refuser le colis. Le transporteur se chargera d&rsquo;informer Manguins. A r\u00e9ception de cette information, Manguin s&rsquo;engage \u00e0 r\u00e9exp\u00e9dier au destinataire imm\u00e9diatement un colis identique. En aucun cas le client ne pourra exiger le remboursement du produit et du forfait de livraison.\n<h3>Responsabilit\u00e9<\/h3>\nLa responsabilit\u00e9 de Manguin ne saurait \u00eatre engag\u00e9e en cas d&rsquo;inex\u00e9cution du contrat, en cas de rupture de stock ou d&rsquo;indisponibilit\u00e9 du produit, de force majeure et, notamment en cas de gr\u00e8ve totale ou partielle, inondation, incendie ou autres catastrophes naturelles et d&rsquo;une mani\u00e8re g\u00e9n\u00e9rale tous \u00e9v\u00e9nements ne permettant pas la bonne ex\u00e9cution de la commande.\n<h3>Signature \u00e9lectronique<\/h3>\nLe \u00ab\u00a0OK\u00a0\u00bb associ\u00e9 \u00e0 la proc\u00e9dure d&rsquo;authentification et de non r\u00e9pudiation et \u00e0 la protection de l&rsquo;int\u00e9gralit\u00e9 des messages constituent une signature \u00e9lectronique. Cette signature \u00e9lectronique a valeur, entre les parties, d&rsquo;une signature manuscrite.\n<h3>Relation clients \u2013 Service apr\u00e8s vente<\/h3>\nPour toute information, question ou r\u00e9clamation, le client peut s&rsquo;adresser \u00e0 la soci\u00e9t\u00e9 via l&#8217;email suivant : info@manguin.com\t\t\t\t\t\t\t\t<\/div>\n\t\t\t\t<\/div>\n\t\t\t\t\t<\/div>\n\t\t<\/div>\n\t\t\t\t\t<\/div>\n\t\t<\/section>\n\t\t\t\t<\/div>","protected":false},"excerpt":{"rendered":"<p>Conditions g\u00e9n\u00e9rales de vente Manguin Maison MANGUIN Distillerie Artisanale 784 Chemin des Poiriers Ile de la Barthelasse 84000 Avignon + 33 4 90 82 62 29 + 33 6 69 08 49 06 Num\u00e9ro de SIRET : 52987808400027 Num\u00e9ro TVA Intracommunautaire : FR10529878084 Capital social : 426 250,00 \u20ac Adresse email : ehanquiez@manguin.comDirecteur de la [&hellip;]<\/p>\n","protected":false},"author":4,"featured_media":0,"parent":0,"menu_order":0,"comment_status":"closed","ping_status":"closed","template":"","meta":{"_acf_changed":false,"inline_featured_image":false,"site-sidebar-layout":"no-sidebar","site-content-layout":"page-builder","ast-site-content-layout":"default","site-content-style":"default","site-sidebar-style":"default","ast-global-header-display":"","ast-banner-title-visibility":"","ast-main-header-display":"","ast-hfb-above-header-display":"","ast-hfb-below-header-display":"","ast-hfb-mobile-header-display":"","site-post-title":"disabled","ast-breadcrumbs-content":"","ast-featured-img":"disabled","footer-sml-layout":"","ast-disable-related-posts":"","theme-transparent-header-meta":"default","adv-header-id-meta":"","stick-header-meta":"","header-above-stick-meta":"","header-main-stick-meta":"","header-below-stick-meta":"","astra-migrate-meta-layouts":"default","ast-page-background-enabled":"default","ast-page-background-meta":{"desktop":{"background-color":"","background-image":"","background-repeat":"repeat","background-position":"center center","background-size":"auto","background-attachment":"scroll","background-type":"","background-media":"","overlay-type":"","overlay-color":"","overlay-opacity":"","overlay-gradient":""},"tablet":{"background-color":"","background-image":"","background-repeat":"repeat","background-position":"center center","background-size":"auto","background-attachment":"scroll","background-type":"","background-media":"","overlay-type":"","overlay-color":"","overlay-opacity":"","overlay-gradient":""},"mobile":{"background-color":"","background-image":"","background-repeat":"repeat","background-position":"center center","background-size":"auto","background-attachment":"scroll","background-type":"","background-media":"","overlay-type":"","overlay-color":"","overlay-opacity":"","overlay-gradient":""}},"ast-content-background-meta":{"desktop":{"background-color":"var(--ast-global-color-5)","background-image":"","background-repeat":"repeat","background-position":"center center","background-size":"auto","background-attachment":"scroll","background-type":"","background-media":"","overlay-type":"","overlay-color":"","overlay-opacity":"","overlay-gradient":""},"tablet":{"background-color":"var(--ast-global-color-5)","background-image":"","background-repeat":"repeat","background-position":"center center","background-size":"auto","background-attachment":"scroll","background-type":"","background-media":"","overlay-type":"","overlay-color":"","overlay-opacity":"","overlay-gradient":""},"mobile":{"background-color":"var(--ast-global-color-5)","background-image":"","background-repeat":"repeat","background-position":"center center","background-size":"auto","background-attachment":"scroll","background-type":"","background-media":"","overlay-type":"","overlay-color":"","overlay-opacity":"","overlay-gradient":""}},"footnotes":""},"class_list":["post-6701","page","type-page","status-publish","hentry"],"acf":[],"yoast_head":"<!-- This site is optimized with the Yoast SEO plugin v27.1.1 - https:\/\/yoast.com\/product\/yoast-seo-wordpress\/ -->\n<title>Conditions g\u00e9n\u00e9rales de vente - Manguin<\/title>\n<meta name=\"robots\" content=\"index, follow, max-snippet:-1, max-image-preview:large, max-video-preview:-1\" \/>\n<link rel=\"canonical\" href=\"https:\/\/manguin.com\/en\/conditions-generales-de-vente\/\" \/>\n<meta property=\"og:locale\" content=\"en_US\" \/>\n<meta property=\"og:type\" content=\"article\" \/>\n<meta property=\"og:title\" content=\"Conditions g\u00e9n\u00e9rales de vente - Manguin\" \/>\n<meta property=\"og:description\" content=\"Conditions g\u00e9n\u00e9rales de vente Manguin Maison MANGUIN Distillerie Artisanale 784 Chemin des Poiriers Ile de la Barthelasse 84000 Avignon + 33 4 90 82 62 29 + 33 6 69 08 49 06 Num\u00e9ro de SIRET : 52987808400027 Num\u00e9ro TVA Intracommunautaire : FR10529878084 Capital social : 426 250,00 \u20ac Adresse email : ehanquiez@manguin.comDirecteur de la [&hellip;]\" \/>\n<meta property=\"og:url\" content=\"https:\/\/manguin.com\/en\/conditions-generales-de-vente\/\" \/>\n<meta property=\"og:site_name\" content=\"Manguin\" \/>\n<meta property=\"article:modified_time\" content=\"2024-11-21T18:00:01+00:00\" \/>\n<meta name=\"twitter:card\" content=\"summary_large_image\" \/>\n<meta name=\"twitter:label1\" content=\"Est. reading time\" \/>\n\t<meta name=\"twitter:data1\" content=\"6 minutes\" \/>\n<script type=\"application\/ld+json\" class=\"yoast-schema-graph\">{\"@context\":\"https:\/\/schema.org\",\"@graph\":[{\"@type\":\"WebPage\",\"@id\":\"https:\/\/manguin.com\/conditions-generales-de-vente\",\"url\":\"https:\/\/manguin.com\/conditions-generales-de-vente\",\"name\":\"Conditions g\u00e9n\u00e9rales de vente - Manguin\",\"isPartOf\":{\"@id\":\"https:\/\/manguin.com\/en\/#website\"},\"datePublished\":\"2021-10-06T10:34:48+00:00\",\"dateModified\":\"2024-11-21T18:00:01+00:00\",\"breadcrumb\":{\"@id\":\"https:\/\/manguin.com\/conditions-generales-de-vente#breadcrumb\"},\"inLanguage\":\"en-US\",\"potentialAction\":[{\"@type\":\"ReadAction\",\"target\":[\"https:\/\/manguin.com\/conditions-generales-de-vente\"]}]},{\"@type\":\"BreadcrumbList\",\"@id\":\"https:\/\/manguin.com\/conditions-generales-de-vente#breadcrumb\",\"itemListElement\":[{\"@type\":\"ListItem\",\"position\":1,\"name\":\"Accueil\",\"item\":\"https:\/\/manguin.com\/\"},{\"@type\":\"ListItem\",\"position\":2,\"name\":\"Conditions g\u00e9n\u00e9rales de vente\"}]},{\"@type\":\"WebSite\",\"@id\":\"https:\/\/manguin.com\/en\/#website\",\"url\":\"https:\/\/manguin.com\/en\/\",\"name\":\"Manguin\",\"description\":\"\",\"publisher\":{\"@id\":\"https:\/\/manguin.com\/en\/#organization\"},\"potentialAction\":[{\"@type\":\"SearchAction\",\"target\":{\"@type\":\"EntryPoint\",\"urlTemplate\":\"https:\/\/manguin.com\/en\/?s={search_term_string}\"},\"query-input\":{\"@type\":\"PropertyValueSpecification\",\"valueRequired\":true,\"valueName\":\"search_term_string\"}}],\"inLanguage\":\"en-US\"},{\"@type\":\"Organization\",\"@id\":\"https:\/\/manguin.com\/en\/#organization\",\"name\":\"Manguin\",\"url\":\"https:\/\/manguin.com\/en\/\",\"logo\":{\"@type\":\"ImageObject\",\"inLanguage\":\"en-US\",\"@id\":\"https:\/\/manguin.com\/en\/#\/schema\/logo\/image\/\",\"url\":\"https:\/\/manguin.com\/wp-content\/uploads\/2020\/02\/Logo-Manguin-1.png\",\"contentUrl\":\"https:\/\/manguin.com\/wp-content\/uploads\/2020\/02\/Logo-Manguin-1.png\",\"width\":1553,\"height\":310,\"caption\":\"Manguin\"},\"image\":{\"@id\":\"https:\/\/manguin.com\/en\/#\/schema\/logo\/image\/\"}}]}<\/script>\n<!-- \/ Yoast SEO plugin. -->","yoast_head_json":{"title":"Conditions g\u00e9n\u00e9rales de vente - Manguin","robots":{"index":"index","follow":"follow","max-snippet":"max-snippet:-1","max-image-preview":"max-image-preview:large","max-video-preview":"max-video-preview:-1"},"canonical":"https:\/\/manguin.com\/en\/conditions-generales-de-vente\/","og_locale":"en_US","og_type":"article","og_title":"Conditions g\u00e9n\u00e9rales de vente - Manguin","og_description":"Conditions g\u00e9n\u00e9rales de vente Manguin Maison MANGUIN Distillerie Artisanale 784 Chemin des Poiriers Ile de la Barthelasse 84000 Avignon + 33 4 90 82 62 29 + 33 6 69 08 49 06 Num\u00e9ro de SIRET : 52987808400027 Num\u00e9ro TVA Intracommunautaire : FR10529878084 Capital social : 426 250,00 \u20ac Adresse email : ehanquiez@manguin.comDirecteur de la [&hellip;]","og_url":"https:\/\/manguin.com\/en\/conditions-generales-de-vente\/","og_site_name":"Manguin","article_modified_time":"2024-11-21T18:00:01+00:00","twitter_card":"summary_large_image","twitter_misc":{"Est. reading time":"6 minutes"},"schema":{"@context":"https:\/\/schema.org","@graph":[{"@type":"WebPage","@id":"https:\/\/manguin.com\/conditions-generales-de-vente","url":"https:\/\/manguin.com\/conditions-generales-de-vente","name":"Conditions g\u00e9n\u00e9rales de vente - Manguin","isPartOf":{"@id":"https:\/\/manguin.com\/en\/#website"},"datePublished":"2021-10-06T10:34:48+00:00","dateModified":"2024-11-21T18:00:01+00:00","breadcrumb":{"@id":"https:\/\/manguin.com\/conditions-generales-de-vente#breadcrumb"},"inLanguage":"en-US","potentialAction":[{"@type":"ReadAction","target":["https:\/\/manguin.com\/conditions-generales-de-vente"]}]},{"@type":"BreadcrumbList","@id":"https:\/\/manguin.com\/conditions-generales-de-vente#breadcrumb","itemListElement":[{"@type":"ListItem","position":1,"name":"Accueil","item":"https:\/\/manguin.com\/"},{"@type":"ListItem","position":2,"name":"Conditions g\u00e9n\u00e9rales de vente"}]},{"@type":"WebSite","@id":"https:\/\/manguin.com\/en\/#website","url":"https:\/\/manguin.com\/en\/","name":"Manguin","description":"","publisher":{"@id":"https:\/\/manguin.com\/en\/#organization"},"potentialAction":[{"@type":"SearchAction","target":{"@type":"EntryPoint","urlTemplate":"https:\/\/manguin.com\/en\/?s={search_term_string}"},"query-input":{"@type":"PropertyValueSpecification","valueRequired":true,"valueName":"search_term_string"}}],"inLanguage":"en-US"},{"@type":"Organization","@id":"https:\/\/manguin.com\/en\/#organization","name":"Manguin","url":"https:\/\/manguin.com\/en\/","logo":{"@type":"ImageObject","inLanguage":"en-US","@id":"https:\/\/manguin.com\/en\/#\/schema\/logo\/image\/","url":"https:\/\/manguin.com\/wp-content\/uploads\/2020\/02\/Logo-Manguin-1.png","contentUrl":"https:\/\/manguin.com\/wp-content\/uploads\/2020\/02\/Logo-Manguin-1.png","width":1553,"height":310,"caption":"Manguin"},"image":{"@id":"https:\/\/manguin.com\/en\/#\/schema\/logo\/image\/"}}]}},"_links":{"self":[{"href":"https:\/\/manguin.com\/en\/wp-json\/wp\/v2\/pages\/6701","targetHints":{"allow":["GET"]}}],"collection":[{"href":"https:\/\/manguin.com\/en\/wp-json\/wp\/v2\/pages"}],"about":[{"href":"https:\/\/manguin.com\/en\/wp-json\/wp\/v2\/types\/page"}],"author":[{"embeddable":true,"href":"https:\/\/manguin.com\/en\/wp-json\/wp\/v2\/users\/4"}],"replies":[{"embeddable":true,"href":"https:\/\/manguin.com\/en\/wp-json\/wp\/v2\/comments?post=6701"}],"version-history":[{"count":10,"href":"https:\/\/manguin.com\/en\/wp-json\/wp\/v2\/pages\/6701\/revisions"}],"predecessor-version":[{"id":9340,"href":"https:\/\/manguin.com\/en\/wp-json\/wp\/v2\/pages\/6701\/revisions\/9340"}],"wp:attachment":[{"href":"https:\/\/manguin.com\/en\/wp-json\/wp\/v2\/media?parent=6701"}],"curies":[{"name":"wp","href":"https:\/\/api.w.org\/{rel}","templated":true}]}}